{"id":784,"date":"2024-09-09T13:18:23","date_gmt":"2024-09-09T11:18:23","guid":{"rendered":"https:\/\/www.skolyjesenice.cz\/zs\/?page_id=784"},"modified":"2025-12-02T07:43:04","modified_gmt":"2025-12-02T06:43:04","slug":"internat","status":"publish","type":"page","link":"https:\/\/www.skolyjesenice.cz\/zs\/internat\/","title":{"rendered":"Intern\u00e1t"},"content":{"rendered":"<h2>Ubytov\u00e1n\u00ed na intern\u00e1tech<\/h2>\n<p>Pro \u017e\u00e1ky ze vzd\u00e1len\u011bj\u0161\u00edch m\u00edst nab\u00edz\u00edme ubytov\u00e1n\u00ed na intern\u00e1t\u011b. V sou\u010dasn\u00e9 dob\u011b m\u00e1me k dispozici dva intern\u00e1ty s celkovou kapacitou 26 \u017e\u00e1k\u016f.<\/p>\n<p><a class=\"ctaB\" href=\"http:\/\/www.skolyjesenice.cz\/wp-content\/uploads\/2024\/02\/5.-Vnitrni-rad-internatu.pdf\" target=\"_blank\" rel=\"noopener\">Vnit\u0159n\u00ed \u0159\u00e1d intern\u00e1tu<\/a> <a class=\"ctaB\" href=\"https:\/\/www.skolyjesenice.cz\/wp-content\/uploads\/2024\/02\/PRIHLASKA-na-internat.pdf\" target=\"_blank\" rel=\"noopener\">P\u0159ihl\u00e1\u0161ka na intern\u00e1t<\/a><\/p>\n<p>Jeden intern\u00e1t je sou\u010d\u00e1st\u00ed budovy \u0161koly, jeho kapacita je 19 \u017e\u00e1k\u016f. Nach\u00e1z\u00ed se zde 2 jednol\u016f\u017ekov\u00e9 pokoje, 2 dvoul\u016f\u017ekov\u00e9 pokoje, 3 pokoje t\u0159\u00edl\u016f\u017ekov\u00e9 a 1 pokoj \u010dty\u0159l\u016f\u017ekov\u00fd. Ka\u017ed\u00fd \u017e\u00e1k m\u00e1 k dispozici sv\u00e9 l\u016f\u017eko, no\u010dn\u00ed stolek, men\u0161\u00ed psac\u00ed st\u016fl a \u017eidli, \u0161atn\u00ed sk\u0159\u00ed\u0148 a poli\u010dku nad postel\u00ed. Sou\u010d\u00e1st\u00ed intern\u00e1tu jsou t\u0159i koupelny s umyvadly a sprchov\u00fdm koutem. Tento intern\u00e1t m\u00e1 bezbari\u00e9rov\u00fd p\u0159\u00edstup.<\/p>\n\n\t\t<style type=\"text\/css\">\n\t\t\t#gallery-1 {\n\t\t\t\tmargin: auto;\n\t\t\t}\n\t\t\t#gallery-1 .gallery-item {\n\t\t\t\tfloat: left;\n\t\t\t\tmargin-top: 10px;\n\t\t\t\ttext-align: center;\n\t\t\t\twidth: 50%;\n\t\t\t}\n\t\t\t#gallery-1 img {\n\t\t\t\tborder: 2px solid #cfcfcf;\n\t\t\t}\n\t\t\t#gallery-1 .gallery-caption {\n\t\t\t\tmargin-left: 0;\n\t\t\t}\n\t\t\t\/* see gallery_shortcode() in wp-includes\/media.php *\/\n\t\t<\/style>\n\t\t<div id='gallery-1' class='gallery galleryid-784 gallery-columns-2 gallery-size-medium'><dl class='gallery-item'>\n\t\t\t<dt class='gallery-icon landscape'>\n\t\t\t\t<a href='https:\/\/www.skolyjesenice.cz\/zs\/wp-content\/uploads\/sites\/3\/2024\/09\/intr-7.jpg' data-lightbox='galleryid-784'><img loading=\"lazy\" decoding=\"async\" width=\"300\" height=\"200\" src=\"https:\/\/www.skolyjesenice.cz\/zs\/wp-content\/uploads\/sites\/3\/2024\/09\/intr-7-300x200.jpg\" class=\"attachment-medium size-medium\" alt=\"\" srcset=\"https:\/\/www.skolyjesenice.cz\/zs\/wp-content\/uploads\/sites\/3\/2024\/09\/intr-7-300x200.jpg 300w, https:\/\/www.skolyjesenice.cz\/zs\/wp-content\/uploads\/sites\/3\/2024\/09\/intr-7.jpg 425w\" sizes=\"auto, (max-width: 300px) 100vw, 300px\" \/><\/a>\n\t\t\t<\/dt><\/dl><dl class='gallery-item'>\n\t\t\t<dt class='gallery-icon landscape'>\n\t\t\t\t<a href='https:\/\/www.skolyjesenice.cz\/zs\/wp-content\/uploads\/sites\/3\/2024\/09\/intr-6.jpg' data-lightbox='galleryid-784'><img loading=\"lazy\" decoding=\"async\" width=\"300\" height=\"200\" src=\"https:\/\/www.skolyjesenice.cz\/zs\/wp-content\/uploads\/sites\/3\/2024\/09\/intr-6-300x200.jpg\" class=\"attachment-medium size-medium\" alt=\"\" srcset=\"https:\/\/www.skolyjesenice.cz\/zs\/wp-content\/uploads\/sites\/3\/2024\/09\/intr-6-300x200.jpg 300w, https:\/\/www.skolyjesenice.cz\/zs\/wp-content\/uploads\/sites\/3\/2024\/09\/intr-6.jpg 425w\" sizes=\"auto, (max-width: 300px) 100vw, 300px\" \/><\/a>\n\t\t\t<\/dt><\/dl><br style=\"clear: both\" \/><dl class='gallery-item'>\n\t\t\t<dt class='gallery-icon landscape'>\n\t\t\t\t<a href='https:\/\/www.skolyjesenice.cz\/zs\/wp-content\/uploads\/sites\/3\/2024\/09\/intr-5.jpg' data-lightbox='galleryid-784'><img loading=\"lazy\" decoding=\"async\" width=\"300\" height=\"200\" src=\"https:\/\/www.skolyjesenice.cz\/zs\/wp-content\/uploads\/sites\/3\/2024\/09\/intr-5-300x200.jpg\" class=\"attachment-medium size-medium\" alt=\"\" srcset=\"https:\/\/www.skolyjesenice.cz\/zs\/wp-content\/uploads\/sites\/3\/2024\/09\/intr-5-300x200.jpg 300w, https:\/\/www.skolyjesenice.cz\/zs\/wp-content\/uploads\/sites\/3\/2024\/09\/intr-5.jpg 425w\" sizes=\"auto, (max-width: 300px) 100vw, 300px\" \/><\/a>\n\t\t\t<\/dt><\/dl><dl class='gallery-item'>\n\t\t\t<dt class='gallery-icon landscape'>\n\t\t\t\t<a href='https:\/\/www.skolyjesenice.cz\/zs\/wp-content\/uploads\/sites\/3\/2024\/09\/intr-1.jpg' data-lightbox='galleryid-784'><img loading=\"lazy\" decoding=\"async\" width=\"300\" height=\"200\" src=\"https:\/\/www.skolyjesenice.cz\/zs\/wp-content\/uploads\/sites\/3\/2024\/09\/intr-1-300x200.jpg\" class=\"attachment-medium size-medium\" alt=\"\" srcset=\"https:\/\/www.skolyjesenice.cz\/zs\/wp-content\/uploads\/sites\/3\/2024\/09\/intr-1-300x200.jpg 300w, https:\/\/www.skolyjesenice.cz\/zs\/wp-content\/uploads\/sites\/3\/2024\/09\/intr-1.jpg 425w\" sizes=\"auto, (max-width: 300px) 100vw, 300px\" \/><\/a>\n\t\t\t<\/dt><\/dl><br style=\"clear: both\" \/><dl class='gallery-item'>\n\t\t\t<dt class='gallery-icon landscape'>\n\t\t\t\t<a href='https:\/\/www.skolyjesenice.cz\/zs\/wp-content\/uploads\/sites\/3\/2024\/09\/intr-2.jpg' data-lightbox='galleryid-784'><img loading=\"lazy\" decoding=\"async\" width=\"300\" height=\"200\" src=\"https:\/\/www.skolyjesenice.cz\/zs\/wp-content\/uploads\/sites\/3\/2024\/09\/intr-2-300x200.jpg\" class=\"attachment-medium size-medium\" alt=\"\" srcset=\"https:\/\/www.skolyjesenice.cz\/zs\/wp-content\/uploads\/sites\/3\/2024\/09\/intr-2-300x200.jpg 300w, https:\/\/www.skolyjesenice.cz\/zs\/wp-content\/uploads\/sites\/3\/2024\/09\/intr-2.jpg 425w\" sizes=\"auto, (max-width: 300px) 100vw, 300px\" \/><\/a>\n\t\t\t<\/dt><\/dl><dl class='gallery-item'>\n\t\t\t<dt class='gallery-icon landscape'>\n\t\t\t\t<a href='https:\/\/www.skolyjesenice.cz\/zs\/wp-content\/uploads\/sites\/3\/2024\/09\/intr-3.jpg' data-lightbox='galleryid-784'><img loading=\"lazy\" decoding=\"async\" width=\"300\" height=\"200\" src=\"https:\/\/www.skolyjesenice.cz\/zs\/wp-content\/uploads\/sites\/3\/2024\/09\/intr-3-300x200.jpg\" class=\"attachment-medium size-medium\" alt=\"\" srcset=\"https:\/\/www.skolyjesenice.cz\/zs\/wp-content\/uploads\/sites\/3\/2024\/09\/intr-3-300x200.jpg 300w, https:\/\/www.skolyjesenice.cz\/zs\/wp-content\/uploads\/sites\/3\/2024\/09\/intr-3.jpg 425w\" sizes=\"auto, (max-width: 300px) 100vw, 300px\" \/><\/a>\n\t\t\t<\/dt><\/dl><br style=\"clear: both\" \/><dl class='gallery-item'>\n\t\t\t<dt class='gallery-icon landscape'>\n\t\t\t\t<a href='https:\/\/www.skolyjesenice.cz\/zs\/wp-content\/uploads\/sites\/3\/2024\/09\/intr-4.jpg' data-lightbox='galleryid-784'><img loading=\"lazy\" decoding=\"async\" width=\"300\" height=\"200\" src=\"https:\/\/www.skolyjesenice.cz\/zs\/wp-content\/uploads\/sites\/3\/2024\/09\/intr-4-300x200.jpg\" class=\"attachment-medium size-medium\" alt=\"\" srcset=\"https:\/\/www.skolyjesenice.cz\/zs\/wp-content\/uploads\/sites\/3\/2024\/09\/intr-4-300x200.jpg 300w, https:\/\/www.skolyjesenice.cz\/zs\/wp-content\/uploads\/sites\/3\/2024\/09\/intr-4.jpg 425w\" sizes=\"auto, (max-width: 300px) 100vw, 300px\" \/><\/a>\n\t\t\t<\/dt><\/dl>\n\t\t\t<br style='clear: both' \/>\n\t\t<\/div>\n\n<p>Od 1. 9. 2021 nab\u00edz\u00edme \u017e\u00e1k\u016fm ubytov\u00e1n\u00ed v prostor\u00e1ch domova ml\u00e1de\u017ee, \u017dateck\u00e1 382. Budova je dvoupodla\u017en\u00ed. V p\u0159\u00edzem\u00ed se nach\u00e1z\u00ed u\u010debny Pr\u0160 1 a Pr\u0160 2 a kulturn\u00ed a spole\u010densk\u00e1 m\u00edstnost. V prvn\u00edm pat\u0159e se nach\u00e1z\u00ed 6 dvoul\u016f\u017ekov\u00fdch a 1 jednol\u016f\u017ekov\u00fd pokoj. Sou\u010d\u00e1st\u00ed domova ml\u00e1de\u017ee je kuchy\u0148ka vybaven\u00e1 mikrovlnou troubou, varnou konvic\u00ed a lednic\u00ed, soci\u00e1ln\u00ed za\u0159\u00edzen\u00ed pro \u017e\u00e1ky a zvl\u00e1\u0161\u0165 pro pedagogy, pokoj pro no\u010dn\u00ed pracovnici a herna. Domov ml\u00e1de\u017ee nem\u00e1 bezbari\u00e9rov\u00fd p\u0159\u00edstup.<\/p>\n\n\t\t<style type=\"text\/css\">\n\t\t\t#gallery-2 {\n\t\t\t\tmargin: auto;\n\t\t\t}\n\t\t\t#gallery-2 .gallery-item {\n\t\t\t\tfloat: left;\n\t\t\t\tmargin-top: 10px;\n\t\t\t\ttext-align: center;\n\t\t\t\twidth: 50%;\n\t\t\t}\n\t\t\t#gallery-2 img {\n\t\t\t\tborder: 2px solid #cfcfcf;\n\t\t\t}\n\t\t\t#gallery-2 .gallery-caption {\n\t\t\t\tmargin-left: 0;\n\t\t\t}\n\t\t\t\/* see gallery_shortcode() in wp-includes\/media.php *\/\n\t\t<\/style>\n\t\t<div id='gallery-2' class='gallery galleryid-784 gallery-columns-2 gallery-size-medium'><dl class='gallery-item'>\n\t\t\t<dt class='gallery-icon landscape'>\n\t\t\t\t<a href='https:\/\/www.skolyjesenice.cz\/zs\/wp-content\/uploads\/sites\/3\/2024\/09\/IMG_20230330_153151.jpg' data-lightbox='galleryid-784'><img loading=\"lazy\" decoding=\"async\" width=\"300\" height=\"225\" src=\"https:\/\/www.skolyjesenice.cz\/zs\/wp-content\/uploads\/sites\/3\/2024\/09\/IMG_20230330_153151-300x225.jpg\" class=\"attachment-medium size-medium\" alt=\"\" srcset=\"https:\/\/www.skolyjesenice.cz\/zs\/wp-content\/uploads\/sites\/3\/2024\/09\/IMG_20230330_153151-300x225.jpg 300w, https:\/\/www.skolyjesenice.cz\/zs\/wp-content\/uploads\/sites\/3\/2024\/09\/IMG_20230330_153151.jpg 709w\" sizes=\"auto, (max-width: 300px) 100vw, 300px\" \/><\/a>\n\t\t\t<\/dt><\/dl><dl class='gallery-item'>\n\t\t\t<dt class='gallery-icon landscape'>\n\t\t\t\t<a href='https:\/\/www.skolyjesenice.cz\/zs\/wp-content\/uploads\/sites\/3\/2024\/09\/IMG_20230330_152847.jpg' data-lightbox='galleryid-784'><img loading=\"lazy\" decoding=\"async\" width=\"300\" height=\"225\" src=\"https:\/\/www.skolyjesenice.cz\/zs\/wp-content\/uploads\/sites\/3\/2024\/09\/IMG_20230330_152847-300x225.jpg\" class=\"attachment-medium size-medium\" alt=\"\" srcset=\"https:\/\/www.skolyjesenice.cz\/zs\/wp-content\/uploads\/sites\/3\/2024\/09\/IMG_20230330_152847-300x225.jpg 300w, https:\/\/www.skolyjesenice.cz\/zs\/wp-content\/uploads\/sites\/3\/2024\/09\/IMG_20230330_152847.jpg 709w\" sizes=\"auto, (max-width: 300px) 100vw, 300px\" \/><\/a>\n\t\t\t<\/dt><\/dl><br style=\"clear: both\" \/><dl class='gallery-item'>\n\t\t\t<dt class='gallery-icon landscape'>\n\t\t\t\t<a href='https:\/\/www.skolyjesenice.cz\/zs\/wp-content\/uploads\/sites\/3\/2024\/09\/IMG_20230330_153838.jpg' data-lightbox='galleryid-784'><img loading=\"lazy\" decoding=\"async\" width=\"300\" height=\"225\" src=\"https:\/\/www.skolyjesenice.cz\/zs\/wp-content\/uploads\/sites\/3\/2024\/09\/IMG_20230330_153838-300x225.jpg\" class=\"attachment-medium size-medium\" alt=\"\" srcset=\"https:\/\/www.skolyjesenice.cz\/zs\/wp-content\/uploads\/sites\/3\/2024\/09\/IMG_20230330_153838-300x225.jpg 300w, https:\/\/www.skolyjesenice.cz\/zs\/wp-content\/uploads\/sites\/3\/2024\/09\/IMG_20230330_153838.jpg 709w\" sizes=\"auto, (max-width: 300px) 100vw, 300px\" \/><\/a>\n\t\t\t<\/dt><\/dl><dl class='gallery-item'>\n\t\t\t<dt class='gallery-icon landscape'>\n\t\t\t\t<a href='https:\/\/www.skolyjesenice.cz\/zs\/wp-content\/uploads\/sites\/3\/2024\/09\/IMG_20230330_153629.jpg' data-lightbox='galleryid-784'><img loading=\"lazy\" decoding=\"async\" width=\"300\" height=\"225\" src=\"https:\/\/www.skolyjesenice.cz\/zs\/wp-content\/uploads\/sites\/3\/2024\/09\/IMG_20230330_153629-300x225.jpg\" class=\"attachment-medium size-medium\" alt=\"\" srcset=\"https:\/\/www.skolyjesenice.cz\/zs\/wp-content\/uploads\/sites\/3\/2024\/09\/IMG_20230330_153629-300x225.jpg 300w, https:\/\/www.skolyjesenice.cz\/zs\/wp-content\/uploads\/sites\/3\/2024\/09\/IMG_20230330_153629.jpg 709w\" sizes=\"auto, (max-width: 300px) 100vw, 300px\" \/><\/a>\n\t\t\t<\/dt><\/dl><br style=\"clear: both\" \/><dl class='gallery-item'>\n\t\t\t<dt class='gallery-icon landscape'>\n\t\t\t\t<a href='https:\/\/www.skolyjesenice.cz\/zs\/wp-content\/uploads\/sites\/3\/2024\/09\/IMG_20230330_152409.jpg' data-lightbox='galleryid-784'><img loading=\"lazy\" decoding=\"async\" width=\"300\" height=\"225\" src=\"https:\/\/www.skolyjesenice.cz\/zs\/wp-content\/uploads\/sites\/3\/2024\/09\/IMG_20230330_152409-300x225.jpg\" class=\"attachment-medium size-medium\" alt=\"\" srcset=\"https:\/\/www.skolyjesenice.cz\/zs\/wp-content\/uploads\/sites\/3\/2024\/09\/IMG_20230330_152409-300x225.jpg 300w, https:\/\/www.skolyjesenice.cz\/zs\/wp-content\/uploads\/sites\/3\/2024\/09\/IMG_20230330_152409.jpg 709w\" sizes=\"auto, (max-width: 300px) 100vw, 300px\" \/><\/a>\n\t\t\t<\/dt><\/dl>\n\t\t\t<br style='clear: both' \/>\n\t\t<\/div>\n\n","protected":false},"excerpt":{"rendered":"<p>Ubytov\u00e1n\u00ed na intern\u00e1tech Pro \u017e\u00e1ky ze vzd\u00e1len\u011bj\u0161\u00edch m\u00edst nab\u00edz\u00edme ubytov\u00e1n\u00ed na intern\u00e1t\u011b. V sou\u010dasn\u00e9 dob\u011b [&hellip;]<\/p>\n","protected":false},"author":2,"featured_media":0,"parent":0,"menu_order":0,"comment_status":"closed","ping_status":"closed","template":"","meta":{"_acf_changed":false,"inline_featured_image":false,"footnotes":""},"class_list":["post-784","page","type-page","status-publish","hentry"],"acf":[],"_links":{"self":[{"href":"https:\/\/www.skolyjesenice.cz\/zs\/wp-json\/wp\/v2\/pages\/784","targetHints":{"allow":["GET"]}}],"collection":[{"href":"https:\/\/www.skolyjesenice.cz\/zs\/wp-json\/wp\/v2\/pages"}],"about":[{"href":"https:\/\/www.skolyjesenice.cz\/zs\/wp-json\/wp\/v2\/types\/page"}],"author":[{"embeddable":true,"href":"https:\/\/www.skolyjesenice.cz\/zs\/wp-json\/wp\/v2\/users\/2"}],"replies":[{"embeddable":true,"href":"https:\/\/www.skolyjesenice.cz\/zs\/wp-json\/wp\/v2\/comments?post=784"}],"version-history":[{"count":6,"href":"https:\/\/www.skolyjesenice.cz\/zs\/wp-json\/wp\/v2\/pages\/784\/revisions"}],"predecessor-version":[{"id":3622,"href":"https:\/\/www.skolyjesenice.cz\/zs\/wp-json\/wp\/v2\/pages\/784\/revisions\/3622"}],"wp:attachment":[{"href":"https:\/\/www.skolyjesenice.cz\/zs\/wp-json\/wp\/v2\/media?parent=784"}],"curies":[{"name":"wp","href":"https:\/\/api.w.org\/{rel}","templated":true}]}}