{"id":64,"date":"2024-01-04T15:18:11","date_gmt":"2024-01-04T14:18:11","guid":{"rendered":"https:\/\/www.skolyjesenice.cz\/?page_id=64"},"modified":"2026-02-02T11:35:45","modified_gmt":"2026-02-02T10:35:45","slug":"rt-zss","status":"publish","type":"page","link":"https:\/\/www.skolyjesenice.cz\/zs\/rt-zss\/","title":{"rendered":"RT Z\u0160S"},"content":{"rendered":"<h2 style=\"text-align: justify\">Rehabilita\u010dn\u00ed t\u0159\u00edda z\u00e1kladn\u00ed \u0161kola speci\u00e1ln\u00ed<\/h2>\n<p style=\"text-align: justify\"><strong>t\u0159\u00eddn\u00ed u\u010ditelka:<\/strong> Bc. Pavl\u00edna Peterkov\u00e1<\/p>\n<p style=\"text-align: justify\"><strong>asistenti pedagoga:<\/strong> Jaroslava Vondr\u00e1kov\u00e1, Svitlana Kizimov\u00e1, Dagmar Jastrzebsk\u00e1<\/p>\n<p style=\"text-align: justify\"><strong>V na\u0161\u00ed kr\u00e1sn\u00e9 t\u0159\u00eddi\u010dce, m\u00e1me se jak v p\u00edsni\u010dce. U\u010d\u00edme se s kamar\u00e1dy, chod\u00edme sem v\u0161ichni r\u00e1di. Hrajeme si, zp\u00edv\u00e1me, cel\u00fd sv\u011bt pozn\u00e1v\u00e1me. Zabav\u00edme se tu lehce, ani se n\u00e1m dom\u016f nechce.<\/strong><\/p>\n<p style=\"text-align: justify\">V na\u0161\u00ed oran\u017eov\u00e9 t\u0159\u00edd\u011b m\u00e1me celkem 7 \u017e\u00e1k\u016f z toho 4 chlapce a 3 d\u011bv\u010data. V\u011bkov\u00e9 slo\u017een\u00ed t\u0159\u00eddy je r\u016fzn\u00e9. Ka\u017ed\u00fd \u017e\u00e1k m\u00e1 sv\u00e9 specifika, proto preferujeme individu\u00e1ln\u00ed p\u0159\u00edstup. Vzd\u011bl\u00e1v\u00e1n\u00ed prob\u00edh\u00e1 v\u011bt\u0161inou z\u00e1bavnou formou. Vyu\u017e\u00edv\u00e1me speci\u00e1ln\u011b vzd\u011bl\u00e1vac\u00ed pom\u016fcky, kter\u00e9 slou\u017e\u00ed k rozv\u00edjen\u00ed schopnost\u00ed a dovednost\u00ed. D\u011bti vedeme k samostatnosti, kterou vyu\u017eij\u00ed i v b\u011b\u017en\u00e9m \u017eivot\u011b. R\u00e1di si v hodin\u00e1ch malujeme, vyr\u00e1b\u00edme, zp\u00edv\u00e1me, a tan\u010d\u00edme. \u017d\u00e1ci maj\u00ed v oblib\u011b si i n\u011bco uva\u0159it v na\u0161\u00ed kuchy\u0148ce. Do v\u00fduky za\u0159azujeme relaxa\u010dn\u00ed chvilky. Za p\u0159\u00edzniv\u00e9ho po\u010das\u00ed vyu\u017e\u00edv\u00e1me nejen pozemky u \u0161koly, ale nav\u0161t\u011bvujeme d\u011btsk\u00e1 h\u0159i\u0161t\u011b, p\u0159ekon\u00e1v\u00e1me p\u0159\u00edrodn\u00ed p\u0159ek\u00e1\u017eky a seznamujeme se s obc\u00ed.<\/p>\n<p style=\"text-align: justify\">Bc. Pavl\u00edna Peterkov\u00e1<\/p>\n<h2 style=\"text-align: justify\">Aktuality<\/h2>\n<p style=\"text-align: justify\"><ul class=\"display-posts-listing\"><li class=\"listing-item\"><a href=\"https:\/\/www.skolyjesenice.cz\/zs\/2025\/12\/19\/prosinec-v-rehabilitacni-tride\/\"><div class=\"title\">Prosinec v rehabilita\u010dn\u00ed t\u0159\u00edd\u011b<\/div><\/a><span class=\"date\"> <span class=\"date\">19. 12. 2025<\/span><\/span><div class=\"excerpt\"><\/div><\/li><li class=\"listing-item\"><a href=\"https:\/\/www.skolyjesenice.cz\/zs\/2025\/12\/10\/listopad-2025-v-rehabilitacni-tride\/\"><div class=\"title\">Listopad 2025 v rehabilita\u010dn\u00ed t\u0159\u00edd\u011b<\/div><\/a><span class=\"date\"> <span class=\"date\">10. 12. 2025<\/span><\/span><div class=\"excerpt\"><\/div><\/li><li class=\"listing-item\"><a href=\"https:\/\/www.skolyjesenice.cz\/zs\/2025\/11\/10\/rijen-2025-v-rt\/\"><div class=\"title\">\u0158\u00cdJEN 2025 V RT<\/div><\/a><span class=\"date\"> <span class=\"date\">10. 11. 2025<\/span><\/span><div class=\"excerpt\"><\/div><\/li><li class=\"listing-item\"><a href=\"https:\/\/www.skolyjesenice.cz\/zs\/2025\/10\/09\/spolecny-start-do-noveho-skolniho-roku\/\"><div class=\"title\">Z\u0160S RT_Spole\u010dn\u00fd start do nov\u00e9ho \u0161koln\u00edho roku<\/div><\/a><span class=\"date\"> <span class=\"date\">09. 10. 2025<\/span><\/span><div class=\"excerpt\"><\/div><\/li><li class=\"listing-item\"><a href=\"https:\/\/www.skolyjesenice.cz\/zs\/2025\/06\/06\/rt-zss_kveten-mesic-plny-zazitku\/\"><div class=\"title\">RT Z\u0160S_Kv\u011bten: m\u011bs\u00edc pln\u00fd z\u00e1\u017eitk\u016f<\/div><\/a><span class=\"date\"> <span class=\"date\">06. 06. 2025<\/span><\/span><div class=\"excerpt\"><\/div><\/li><li class=\"listing-item\"><a href=\"https:\/\/www.skolyjesenice.cz\/zs\/2025\/06\/06\/rt-zss_-vylet-do-aquasveta-v-chomutove\/\"><div class=\"title\">RT ZS\u0160_ V\u00fdlet do Aquasv\u011bta v Chomutov\u011b<\/div><\/a><span class=\"date\"> <span class=\"date\">06. 06. 2025<\/span><\/span><div class=\"excerpt\"><\/div><\/li><li class=\"listing-item\"><a href=\"https:\/\/www.skolyjesenice.cz\/zs\/2025\/06\/06\/rt-zss_celoskolni-vylet-na-zvikovci\/\"><div class=\"title\">RT Z\u0160S_Celo\u0161koln\u00ed v\u00fdlet na Zv\u00edkovci<\/div><\/a><span class=\"date\"> <span class=\"date\">06. 06. 2025<\/span><\/span><div class=\"excerpt\"><\/div><\/li><li class=\"listing-item\"><a href=\"https:\/\/www.skolyjesenice.cz\/zs\/2025\/05\/30\/rt-zss_jesenicke-putovani\/\"><div class=\"title\">RT  Z\u0160S_Jesenick\u00e9 putov\u00e1n\u00ed<\/div><\/a><span class=\"date\"> <span class=\"date\">30. 05. 2025<\/span><\/span><div class=\"excerpt\"><\/div><\/li><li class=\"listing-item\"><a href=\"https:\/\/www.skolyjesenice.cz\/zs\/2025\/05\/15\/rt-zss_brezen-a-duben-v-rt\/\"><div class=\"title\">RT Z\u0160S_B\u0159ezen a duben v RT<\/div><\/a><span class=\"date\"> <span class=\"date\">15. 05. 2025<\/span><\/span><div class=\"excerpt\"><\/div><\/li><li class=\"listing-item\"><a href=\"https:\/\/www.skolyjesenice.cz\/zs\/2025\/03\/20\/rt-zss_leden-a-unor-v-rt\/\"><div class=\"title\">RT Z\u0160\u0160_Leden a \u00fanor v RT<\/div><\/a><span class=\"date\"> <span class=\"date\">20. 03. 2025<\/span><\/span><div class=\"excerpt\"><\/div><\/li><li class=\"listing-item\"><a href=\"https:\/\/www.skolyjesenice.cz\/zs\/2024\/12\/20\/cas-adventu-v-rehabilitacni-tride\/\"><div class=\"title\">RT ZS\u0160 \u010cas adventu v\u00a0rehabilita\u010dn\u00ed t\u0159\u00edd\u011b<\/div><\/a><span class=\"date\"> <span class=\"date\">20. 12. 2024<\/span><\/span><div class=\"excerpt\"><\/div><\/li><li class=\"listing-item\"><a href=\"https:\/\/www.skolyjesenice.cz\/zs\/2024\/12\/16\/rt-zss-plotovka\/\"><div class=\"title\">RT Z\u0160S  Plotovka<\/div><\/a><span class=\"date\"> <span class=\"date\">16. 12. 2024<\/span><\/span><div class=\"excerpt\"><\/div><\/li><li class=\"listing-item\"><a href=\"https:\/\/www.skolyjesenice.cz\/zs\/2024\/11\/06\/rijen-2024\/\"><div class=\"title\">RT Z\u0160S \u0158\u00edjen 2024<\/div><\/a><span class=\"date\"> <span class=\"date\">06. 11. 2024<\/span><\/span><div class=\"excerpt\"><\/div><\/li><li class=\"listing-item\"><a href=\"https:\/\/www.skolyjesenice.cz\/zs\/2024\/05\/30\/tyden-s-remesly-a-exkurze-mezi-zahradniky-zemedelce-a-cukrare-rt-zss\/\"><div class=\"title\">T\u00fdden s \u0159emesly, exkurze mezi zahradn\u00edky, zem\u011bd\u011blce a cukr\u00e1\u0159e                      RT Z\u0160S<\/div><\/a><span class=\"date\"> <span class=\"date\">30. 05. 2024<\/span><\/span><div class=\"excerpt\"><\/div><\/li><li class=\"listing-item\"><a href=\"https:\/\/www.skolyjesenice.cz\/zs\/2024\/02\/12\/jak-jsme-varili-pudink-rt-zss\/\"><div class=\"title\">Jak jsme va\u0159ili pudink  RT Z\u0160S<\/div><\/a><span class=\"date\"> <span class=\"date\">12. 02. 2024<\/span><\/span><div class=\"excerpt\"><\/div><\/li><li class=\"listing-item\"><a href=\"https:\/\/www.skolyjesenice.cz\/zs\/2024\/01\/19\/prosinec-2023-rt-zss\/\"><div class=\"title\">Prosinec 2023 RT ZS\u0160<\/div><\/a><span class=\"date\"> <span class=\"date\">19. 01. 2024<\/span><\/span><div class=\"excerpt\"><\/div><\/li><\/ul>\n","protected":false},"excerpt":{"rendered":"<p>Rehabilita\u010dn\u00ed t\u0159\u00edda z\u00e1kladn\u00ed \u0161kola speci\u00e1ln\u00ed t\u0159\u00eddn\u00ed u\u010ditelka: Bc. Pavl\u00edna Peterkov\u00e1 asistenti pedagoga: Jaroslava Vondr\u00e1kov\u00e1, Svitlana [&hellip;]<\/p>\n","protected":false},"author":1,"featured_media":0,"parent":0,"menu_order":0,"comment_status":"closed","ping_status":"closed","template":"","meta":{"_acf_changed":false,"inline_featured_image":false,"footnotes":""},"class_list":["post-64","page","type-page","status-publish","hentry"],"acf":[],"_links":{"self":[{"href":"https:\/\/www.skolyjesenice.cz\/zs\/wp-json\/wp\/v2\/pages\/64","targetHints":{"allow":["GET"]}}],"collection":[{"href":"https:\/\/www.skolyjesenice.cz\/zs\/wp-json\/wp\/v2\/pages"}],"about":[{"href":"https:\/\/www.skolyjesenice.cz\/zs\/wp-json\/wp\/v2\/types\/page"}],"author":[{"embeddable":true,"href":"https:\/\/www.skolyjesenice.cz\/zs\/wp-json\/wp\/v2\/users\/1"}],"replies":[{"embeddable":true,"href":"https:\/\/www.skolyjesenice.cz\/zs\/wp-json\/wp\/v2\/comments?post=64"}],"version-history":[{"count":15,"href":"https:\/\/www.skolyjesenice.cz\/zs\/wp-json\/wp\/v2\/pages\/64\/revisions"}],"predecessor-version":[{"id":3929,"href":"https:\/\/www.skolyjesenice.cz\/zs\/wp-json\/wp\/v2\/pages\/64\/revisions\/3929"}],"wp:attachment":[{"href":"https:\/\/www.skolyjesenice.cz\/zs\/wp-json\/wp\/v2\/media?parent=64"}],"curies":[{"name":"wp","href":"https:\/\/api.w.org\/{rel}","templated":true}]}}