{"id":453,"date":"2024-03-15T09:52:57","date_gmt":"2024-03-15T08:52:57","guid":{"rendered":"http:\/\/www.skolyjesenice.cz\/zs\/?page_id=453"},"modified":"2026-01-29T07:43:33","modified_gmt":"2026-01-29T06:43:33","slug":"prs-dvouleta","status":"publish","type":"page","link":"https:\/\/www.skolyjesenice.cz\/zs\/prs-dvouleta\/","title":{"rendered":"Pr\u0160 dvoulet\u00e1"},"content":{"rendered":"<p><u><strong>Praktick\u00e1 \u0161kola dvoulet\u00e1<\/strong><\/u><\/p>\n<p><strong>t\u0159\u00eddn\u00ed u\u010ditelka:<\/strong>\u00a0Mgr. Jitka Lacinov\u00e1<\/p>\n<p><strong>asistentka pedagoga:\u00a0 <\/strong>Radka Krejzov\u00e1<\/p>\n<p><strong>dal\u0161\u00ed pedagogick\u00fd pracovn\u00edk:<\/strong> Petra Pacourkov\u00e1<\/p>\n<p>T\u0159\u00eddn\u00ed motto: <strong>\u201eTr\u00e9nink d\u011bl\u00e1 mistry\u201c<\/strong><\/p>\n<p style=\"text-align: justify\">V praktick\u00e9 \u0161kole prob\u00edh\u00e1 v\u00fduka p\u0159edev\u0161\u00edm s ohledem na individu\u00e1ln\u00ed pot\u0159eby, psychick\u00e9 i fyzick\u00e9 mo\u017enosti \u017e\u00e1k\u016f. V praktick\u00e9 \u0161kole dominuj\u00ed p\u0159edm\u011bty, kter\u00e9 napl\u0148uj\u00ed i c\u00edle ergoterapie. Prvky ergoterapie se objevuj\u00ed v praktick\u00fdch i teoretick\u00fdch p\u0159edm\u011btech: rodinn\u00e1 v\u00fdchova, p\u0159\u00edprava pokrm\u016f, pr\u00e1ce v dom\u00e1cnosti, ru\u010dn\u00ed pr\u00e1ce, p\u011bstitelstv\u00ed. V\u00fduka t\u011bchto p\u0159edm\u011bt\u016f je vedena s d\u016frazem na praktick\u00e9 vyu\u017eit\u00ed v b\u011b\u017en\u00e9m \u017eivot\u011b nebo uplatn\u011bn\u00ed v pracovn\u00edm procesu. Vzd\u011bl\u00e1v\u00e1n\u00ed je zakon\u010deno z\u00e1v\u011bre\u010dnou zkou\u0161kou. \u00dasp\u011b\u0161n\u00fdm ukon\u010den\u00edm praktick\u00e9 \u0161koly z\u00edsk\u00e1v\u00e1 \u017e\u00e1k Vysv\u011bd\u010den\u00ed o z\u00e1v\u011bre\u010dn\u00e9 zkou\u0161ce. Po absolvov\u00e1n\u00ed praktick\u00e9 \u0161koly se \u017e\u00e1ci mohou dle sv\u00fdch mo\u017enost\u00ed a individu\u00e1ln\u00edch schopnost\u00ed uplatnit p\u0159i pomocn\u00fdch prac\u00ed v r\u016fzn\u00fdch profesn\u00edch oblastech slu\u017eeb a v\u00fdroby, komun\u00e1ln\u00edch slu\u017eb\u00e1ch a chr\u00e1n\u011bn\u00fdch pracovi\u0161t\u00edch.<\/p>\n<p>Mgr. Jitka Lacinov\u00e1<\/p>\n<h2>Aktuality<\/h2>\n<ul class=\"display-posts-listing\"><li class=\"listing-item\"><a href=\"https:\/\/www.skolyjesenice.cz\/zs\/2026\/03\/23\/prs_i_ii_-v-bezpeci-s-krejcikem-honzou\/\"><div class=\"title\">Pr\u0160_I_II_ V bezpe\u010d\u00ed s Krej\u010d\u00edkem Honzou<\/div><\/a><span class=\"date\"> <span class=\"date\">23. 03. 2026<\/span><\/span><div class=\"excerpt\"><\/div><\/li><li class=\"listing-item\"><a href=\"https:\/\/www.skolyjesenice.cz\/zs\/2026\/03\/10\/4193\/\"><div class=\"title\">Pr\u0160_I_II_V\u00fdroba makov\u00fdch panenek<\/div><\/a><span class=\"date\"> <span class=\"date\">10. 03. 2026<\/span><\/span><div class=\"excerpt\"><\/div><\/li><li class=\"listing-item\"><a href=\"https:\/\/www.skolyjesenice.cz\/zs\/2026\/03\/05\/prs-ii_ptacci-na-krmitku\/\"><div class=\"title\">Pr\u0160 I_II_Pt\u00e1\u010dci na krm\u00edtku<\/div><\/a><span class=\"date\"> <span class=\"date\">05. 03. 2026<\/span><\/span><div class=\"excerpt\"><\/div><\/li><li class=\"listing-item\"><a href=\"https:\/\/www.skolyjesenice.cz\/zs\/2025\/12\/16\/vanoce-v-dansku\/\"><div class=\"title\">V\u00c1NOCE V D\u00c1NSKU<\/div><\/a><span class=\"date\"> <span class=\"date\">16. 12. 2025<\/span><\/span><div class=\"excerpt\"><\/div><\/li><li class=\"listing-item\"><a href=\"https:\/\/www.skolyjesenice.cz\/zs\/2025\/11\/24\/darecek-pro-nase-blizke\/\"><div class=\"title\">D\u00e1re\u010dek pro na\u0161e bl\u00edzk\u00e9<\/div><\/a><span class=\"date\"> <span class=\"date\">24. 11. 2025<\/span><\/span><div class=\"excerpt\"><\/div><\/li><li class=\"listing-item\"><a href=\"https:\/\/www.skolyjesenice.cz\/zs\/2025\/11\/20\/vanocka-a-pernicky-na-vystavu-v-muzeu\/\"><div class=\"title\">V\u00e1no\u010dka a pern\u00ed\u010dky na v\u00fdstavu v muzeu<\/div><\/a><span class=\"date\"> <span class=\"date\">20. 11. 2025<\/span><\/span><div class=\"excerpt\"><\/div><\/li><li class=\"listing-item\"><a href=\"https:\/\/www.skolyjesenice.cz\/zs\/2025\/11\/20\/svatomartinske-menu-2\/\"><div class=\"title\">Svatomartinsk\u00e9 menu<\/div><\/a><span class=\"date\"> <span class=\"date\">20. 11. 2025<\/span><\/span><div class=\"excerpt\"><\/div><\/li><li class=\"listing-item\"><a href=\"https:\/\/www.skolyjesenice.cz\/zs\/2025\/09\/22\/prs-i_prs-ii_strudlove-slavnosti\/\"><div class=\"title\">Pr\u0160 I_Pr\u0160 II_\u0160tr\u00fadlov\u00e9 slavnosti<\/div><\/a><span class=\"date\"> <span class=\"date\">22. 09. 2025<\/span><\/span><div class=\"excerpt\"><\/div><\/li><li class=\"listing-item\"><a href=\"https:\/\/www.skolyjesenice.cz\/zs\/2025\/09\/15\/prs-i_prs-ii_adaptacni-aktivity-s-vecernickem\/\"><div class=\"title\">Pr\u0160 I_Pr\u0160 II_Adapta\u010dn\u00ed aktivity s Ve\u010dern\u00ed\u010dkem<\/div><\/a><span class=\"date\"> <span class=\"date\">15. 09. 2025<\/span><\/span><div class=\"excerpt\"><\/div><\/li><li class=\"listing-item\"><a href=\"https:\/\/www.skolyjesenice.cz\/zs\/2025\/06\/29\/zaverecne-zkousky-2025-prakticka-skola-dvouleta\/\"><div class=\"title\">Z\u00c1V\u011aRE\u010cN\u00c9 ZKOU\u0160KY 2025 Praktick\u00e1 \u0161kola dvoulet\u00e1<\/div><\/a><span class=\"date\"> <span class=\"date\">29. 06. 2025<\/span><\/span><div class=\"excerpt\"><\/div><\/li><li class=\"listing-item\"><a href=\"https:\/\/www.skolyjesenice.cz\/zs\/2025\/06\/29\/zaverecne-zkousky-2025-prakticka-skola-jednoleta\/\"><div class=\"title\">Z\u00c1V\u011aRE\u010cN\u00c9 ZKOU\u0160KY 2025  Praktick\u00e1 \u0161kola jednolet\u00e1<\/div><\/a><span class=\"date\"> <span class=\"date\">29. 06. 2025<\/span><\/span><div class=\"excerpt\"><\/div><\/li><li class=\"listing-item\"><a href=\"https:\/\/www.skolyjesenice.cz\/zs\/2025\/05\/23\/exkurze-kavarna-s-dusi-inspirace-pro-zivot-a-praci\/\"><div class=\"title\">Pr\u0160_Exkurze \u2013 Kav\u00e1rna s\u00a0Du\u0161\u00ed \u2013 inspirace pro \u017eivot a pr\u00e1ci<\/div><\/a><span class=\"date\"> <span class=\"date\">23. 05. 2025<\/span><\/span><div class=\"excerpt\"><\/div><\/li><li class=\"listing-item\"><a href=\"https:\/\/www.skolyjesenice.cz\/zs\/2025\/04\/30\/prs_-vitej-jaro\/\"><div class=\"title\">Pr\u0160_ V\u00edtej, jaro!<\/div><\/a><span class=\"date\"> <span class=\"date\">30. 04. 2025<\/span><\/span><div class=\"excerpt\"><\/div><\/li><li class=\"listing-item\"><a href=\"https:\/\/www.skolyjesenice.cz\/zs\/2024\/12\/15\/prs-i-cas-adventu\/\"><div class=\"title\">Pr\u0160 I. \u010cas adventu<\/div><\/a><span class=\"date\"> <span class=\"date\">15. 12. 2024<\/span><\/span><div class=\"excerpt\"><\/div><\/li><li class=\"listing-item\"><a href=\"https:\/\/www.skolyjesenice.cz\/zs\/2024\/11\/12\/svatomartinske-menu\/\"><div class=\"title\">Pr\u0160_Svatomartinsk\u00e9 menu<\/div><\/a><span class=\"date\"> <span class=\"date\">12. 11. 2024<\/span><\/span><div class=\"excerpt\"><\/div><\/li><li class=\"listing-item\"><a href=\"https:\/\/www.skolyjesenice.cz\/zs\/2024\/11\/10\/vyrabime-na-vanoce\/\"><div class=\"title\">Pr\u0160_Vyr\u00e1b\u00edme na V\u00e1noce<\/div><\/a><span class=\"date\"> <span class=\"date\">10. 11. 2024<\/span><\/span><div class=\"excerpt\"><\/div><\/li><li class=\"listing-item\"><a href=\"https:\/\/www.skolyjesenice.cz\/zs\/2024\/10\/25\/darek-pro-rodice\/\"><div class=\"title\">Pr\u0160_D\u00e1rek pro rodi\u010de<\/div><\/a><span class=\"date\"> <span class=\"date\">25. 10. 2024<\/span><\/span><div class=\"excerpt\"><\/div><\/li><li class=\"listing-item\"><a href=\"https:\/\/www.skolyjesenice.cz\/zs\/2024\/10\/25\/vareni-a-peceni-s-dyni\/\"><div class=\"title\">Pr\u0160_Va\u0159en\u00ed a pe\u010den\u00ed s d\u00fdn\u00ed<\/div><\/a><span class=\"date\"> <span class=\"date\">25. 10. 2024<\/span><\/span><div class=\"excerpt\"><\/div><\/li><li class=\"listing-item\"><a href=\"https:\/\/www.skolyjesenice.cz\/zs\/2024\/10\/22\/exkurze-zahradnicke-centrum-cepelak\/\"><div class=\"title\">Pr\u0160_Exkurze \u2013 Zahradnick\u00e9 centrum \u010cepel\u00e1k<\/div><\/a><span class=\"date\"> <span class=\"date\">22. 10. 2024<\/span><\/span><div class=\"excerpt\"><\/div><\/li><li class=\"listing-item\"><a href=\"https:\/\/www.skolyjesenice.cz\/zs\/2024\/10\/10\/vareni-a-peceni-s-bramborou\/\"><div class=\"title\">Pr\u0160_Va\u0159en\u00ed a pe\u010den\u00ed s bramborou<\/div><\/a><span class=\"date\"> <span class=\"date\">10. 10. 2024<\/span><\/span><div class=\"excerpt\"><\/div><\/li><li class=\"listing-item\"><a href=\"https:\/\/www.skolyjesenice.cz\/zs\/2024\/09\/30\/prs-adaptacni-aktivity-2024\/\"><div class=\"title\">Pr\u0160 Adapta\u010dn\u00ed aktivity 2024<\/div><\/a><span class=\"date\"> <span class=\"date\">30. 09. 2024<\/span><\/span><div class=\"excerpt\"><\/div><\/li><li class=\"listing-item\"><a href=\"https:\/\/www.skolyjesenice.cz\/zs\/2024\/09\/30\/prs-vylet-zoo-plasy\/\"><div class=\"title\">Pr\u0160 V\u00fdlet ZOO Plasy<\/div><\/a><span class=\"date\"> <span class=\"date\">30. 09. 2024<\/span><\/span><div class=\"excerpt\"><\/div><\/li><li class=\"listing-item\"><a href=\"https:\/\/www.skolyjesenice.cz\/zs\/2024\/06\/28\/prakticka-skola-jednoleta-a-prakticka-skola-dvouleta-jesenice\/\"><div class=\"title\">Praktick\u00e1 \u0161kola jednolet\u00e1 a Praktick\u00e1 \u0161kola dvoulet\u00e1 Jesenice<\/div><\/a><span class=\"date\"> <span class=\"date\">28. 06. 2024<\/span><\/span><div class=\"excerpt\"><\/div><\/li><li class=\"listing-item\"><a href=\"https:\/\/www.skolyjesenice.cz\/zs\/2024\/06\/28\/zaverecne-zkousky-prs-jednolete-a-dvoulete\/\"><div class=\"title\">Z\u00e1v\u011bre\u010dn\u00e9 zkou\u0161ky Pr\u0160 jednolet\u00e9 a dvoulet\u00e9<\/div><\/a><span class=\"date\"> <span class=\"date\">28. 06. 2024<\/span><\/span><div class=\"excerpt\"><\/div><\/li><li class=\"listing-item\"><a href=\"https:\/\/www.skolyjesenice.cz\/zs\/2024\/05\/29\/tyden-remesel-prs\/\"><div class=\"title\">T\u00fdden \u0159emesel Pr\u0160<\/div><\/a><span class=\"date\"> <span class=\"date\">29. 05. 2024<\/span><\/span><div class=\"excerpt\"><\/div><\/li><li class=\"listing-item\"><a href=\"https:\/\/www.skolyjesenice.cz\/zs\/2024\/05\/06\/tyden-zeme-a-vody-prs\/\"><div class=\"title\">T\u00fdden Zem\u011b a vody Pr\u0160<\/div><\/a><span class=\"date\"> <span class=\"date\">06. 05. 2024<\/span><\/span><div class=\"excerpt\"><\/div><\/li><li class=\"listing-item\"><a href=\"https:\/\/www.skolyjesenice.cz\/zs\/2024\/03\/08\/karneval-remesla-prs\/\"><div class=\"title\">Karneval &#8211; \u0158emesla Pr\u0160<\/div><\/a><span class=\"date\"> <span class=\"date\">08. 03. 2024<\/span><\/span><div class=\"excerpt\"><\/div><\/li><li class=\"listing-item\"><a href=\"https:\/\/www.skolyjesenice.cz\/zs\/2024\/02\/06\/krmitka-pro-ptactvo-prs\/\"><div class=\"title\">Krm\u00edtka pro ptactvo Pr\u0160<\/div><\/a><span class=\"date\"> <span class=\"date\">06. 02. 2024<\/span><\/span><div class=\"excerpt\"><\/div><\/li><li class=\"listing-item\"><a href=\"https:\/\/www.skolyjesenice.cz\/zs\/2024\/02\/06\/trikralova-babovka-prs\/\"><div class=\"title\">T\u0159\u00edkr\u00e1lov\u00e1 b\u00e1bovka Pr\u0160<\/div><\/a><span class=\"date\"> <span class=\"date\">06. 02. 2024<\/span><\/span><div class=\"excerpt\"><\/div><\/li><li class=\"listing-item\"><a href=\"https:\/\/www.skolyjesenice.cz\/zs\/2023\/11\/05\/hratky-s-dynemi-2023\/\"><div class=\"title\">Pr\u0160 Hr\u00e1tky s d\u00fdn\u011bmi 2023<\/div><\/a><span class=\"date\"> <span class=\"date\">05. 11. 2023<\/span><\/span><div class=\"excerpt\"><\/div><\/li><\/ul>\n","protected":false},"excerpt":{"rendered":"<p>Praktick\u00e1 \u0161kola dvoulet\u00e1 t\u0159\u00eddn\u00ed u\u010ditelka:\u00a0Mgr. Jitka Lacinov\u00e1 asistentka pedagoga:\u00a0 Radka Krejzov\u00e1 dal\u0161\u00ed pedagogick\u00fd pracovn\u00edk: Petra [&hellip;]<\/p>\n","protected":false},"author":1,"featured_media":0,"parent":0,"menu_order":0,"comment_status":"closed","ping_status":"closed","template":"","meta":{"_acf_changed":false,"inline_featured_image":false,"footnotes":""},"class_list":["post-453","page","type-page","status-publish","hentry"],"acf":[],"_links":{"self":[{"href":"https:\/\/www.skolyjesenice.cz\/zs\/wp-json\/wp\/v2\/pages\/453","targetHints":{"allow":["GET"]}}],"collection":[{"href":"https:\/\/www.skolyjesenice.cz\/zs\/wp-json\/wp\/v2\/pages"}],"about":[{"href":"https:\/\/www.skolyjesenice.cz\/zs\/wp-json\/wp\/v2\/types\/page"}],"author":[{"embeddable":true,"href":"https:\/\/www.skolyjesenice.cz\/zs\/wp-json\/wp\/v2\/users\/1"}],"replies":[{"embeddable":true,"href":"https:\/\/www.skolyjesenice.cz\/zs\/wp-json\/wp\/v2\/comments?post=453"}],"version-history":[{"count":9,"href":"https:\/\/www.skolyjesenice.cz\/zs\/wp-json\/wp\/v2\/pages\/453\/revisions"}],"predecessor-version":[{"id":3875,"href":"https:\/\/www.skolyjesenice.cz\/zs\/wp-json\/wp\/v2\/pages\/453\/revisions\/3875"}],"wp:attachment":[{"href":"https:\/\/www.skolyjesenice.cz\/zs\/wp-json\/wp\/v2\/media?parent=453"}],"curies":[{"name":"wp","href":"https:\/\/api.w.org\/{rel}","templated":true}]}}