{"id":3965,"date":"2026-03-15T19:18:58","date_gmt":"2026-03-15T18:18:58","guid":{"rendered":"https:\/\/www.skolyjesenice.cz\/zs\/?page_id=3965"},"modified":"2026-03-15T19:18:58","modified_gmt":"2026-03-15T18:18:58","slug":"vize-skoly","status":"publish","type":"page","link":"https:\/\/www.skolyjesenice.cz\/zs\/o-skole\/vize-skoly\/","title":{"rendered":"Vize \u0161koly"},"content":{"rendered":"<p>Vize \u0161koly je sou\u010d\u00e1st\u00ed dokumentu \u201eKoncepce rozvoje \u0161koly\u201c.<\/p>\n<p><a class=\"ctaA\" href=\"https:\/\/www.skolyjesenice.cz\/ss\/o-skole\/skolni-poradenske-pracoviste\/koncepce-rozvoje-skoly-2022-2028_2\/\" target=\"_blank\" rel=\"noopener\"><strong>Vize \u0161koly<\/strong><\/a><\/p>\n","protected":false},"excerpt":{"rendered":"<p>Vize \u0161koly je sou\u010d\u00e1st\u00ed dokumentu \u201eKoncepce rozvoje \u0161koly\u201c. Vize \u0161koly<\/p>\n","protected":false},"author":4,"featured_media":0,"parent":33,"menu_order":0,"comment_status":"closed","ping_status":"closed","template":"","meta":{"_acf_changed":false,"inline_featured_image":false,"footnotes":""},"class_list":["post-3965","page","type-page","status-publish","hentry"],"acf":[],"_links":{"self":[{"href":"https:\/\/www.skolyjesenice.cz\/zs\/wp-json\/wp\/v2\/pages\/3965","targetHints":{"allow":["GET"]}}],"collection":[{"href":"https:\/\/www.skolyjesenice.cz\/zs\/wp-json\/wp\/v2\/pages"}],"about":[{"href":"https:\/\/www.skolyjesenice.cz\/zs\/wp-json\/wp\/v2\/types\/page"}],"author":[{"embeddable":true,"href":"https:\/\/www.skolyjesenice.cz\/zs\/wp-json\/wp\/v2\/users\/4"}],"replies":[{"embeddable":true,"href":"https:\/\/www.skolyjesenice.cz\/zs\/wp-json\/wp\/v2\/comments?post=3965"}],"version-history":[{"count":1,"href":"https:\/\/www.skolyjesenice.cz\/zs\/wp-json\/wp\/v2\/pages\/3965\/revisions"}],"predecessor-version":[{"id":3966,"href":"https:\/\/www.skolyjesenice.cz\/zs\/wp-json\/wp\/v2\/pages\/3965\/revisions\/3966"}],"up":[{"embeddable":true,"href":"https:\/\/www.skolyjesenice.cz\/zs\/wp-json\/wp\/v2\/pages\/33"}],"wp:attachment":[{"href":"https:\/\/www.skolyjesenice.cz\/zs\/wp-json\/wp\/v2\/media?parent=3965"}],"curies":[{"name":"wp","href":"https:\/\/api.w.org\/{rel}","templated":true}]}}