{"id":1698,"date":"2025-02-20T08:47:48","date_gmt":"2025-02-20T07:47:48","guid":{"rendered":"https:\/\/www.skolyjesenice.cz\/zs\/?page_id=1698"},"modified":"2025-02-20T08:54:09","modified_gmt":"2025-02-20T07:54:09","slug":"zajmove-ateliery","status":"publish","type":"page","link":"https:\/\/www.skolyjesenice.cz\/zs\/zajmove-ateliery\/","title":{"rendered":"Z\u00e1jmov\u00e9 ateli\u00e9ry"},"content":{"rendered":"<p>Z\u00e1jmov\u00e9 ateli\u00e9ry jsou \u010dinnosti, kter\u00e9 jsou \u017e\u00e1k\u016fm nab\u00edzeny po vyu\u010dov\u00e1n\u00ed a jsou dobrovoln\u00e9. Vedouc\u00edmi jsou pedagogov\u00e9 \u0161koly. Ateli\u00e9ry jsou nab\u00edzeny \u017e\u00e1k\u016fm v oblastech pohybov\u00e9, sportovn\u00ed, um\u011bleck\u00e9, p\u0159\u00edrodn\u00ed, tvo\u0159iv\u00e9, pracovn\u00ed \u010di se zab\u00fdvaj\u00ed modern\u00edmi technologiemi. Ka\u017ed\u00fdm rokem je nab\u00eddka aktualizov\u00e1na dle z\u00e1jmu \u017e\u00e1k\u016f. Ateli\u00e9ry prob\u00edhaj\u00ed ka\u017ed\u00fd t\u00fdden v\u00a0pravideln\u00fdch \u010dasech a jsou pro \u017e\u00e1ky bezplatn\u00e9.<\/p>\n<h2>P\u011bveck\u00fd sbor<\/h2>\n<p><strong>Mgr. Olga Hanauerov\u00e1 + Mgr. Mark\u00e9ta Uhrov\u00e1<\/strong> | \u010dtvrtek 15.15\u201316.00 hod.<\/p>\n<h2>Relaxa\u010dn\u00ed ateli\u00e9r<\/h2>\n<p><strong>Mgr. Jitka Lacinov\u00e1 + Mgr. Radmila Sunkovsk\u00e1<\/strong> | \u00fater\u00fd 12.45-13.15 hod.<\/p>\n<h2>Tvo\u0159iv\u00fd ateli\u00e9r<\/h2>\n<p><strong>Bc. \u0160\u00e1rka Fialov\u00e1<\/strong> | pond\u011bl\u00ed 14.15 \u2013 15.00 hod.<\/p>\n<h2>Tane\u010dn\u00ed ateli\u00e9r<\/h2>\n<p><strong>Bc. Ludmila Kor\u010d\u00e1kov\u00e1, Ing. Veronika Sou\u010dkov\u00e1<\/strong> | st\u0159eda 11.45\u201312.30 hod.<\/p>\n<h2>P\u0159\u00edrodov\u011bdn\u00fd ateli\u00e9r<\/h2>\n<p><strong>Mgr. Jana M\u011bchurov\u00e1<\/strong> | st\u0159eda 11.45 \u2013 12.30 hod.<\/p>\n<h2>Tvo\u0159iv\u00fd ateli\u00e9r<\/h2>\n<p><strong>Mgr. Hana Vanick\u00e1<\/strong> | 1&#215;14 dn\u00ed \u00fater\u00fd 15.15\u201317.00 hod.<\/p>\n","protected":false},"excerpt":{"rendered":"<p>Z\u00e1jmov\u00e9 ateli\u00e9ry jsou \u010dinnosti, kter\u00e9 jsou \u017e\u00e1k\u016fm nab\u00edzeny po vyu\u010dov\u00e1n\u00ed a jsou dobrovoln\u00e9. Vedouc\u00edmi jsou [&hellip;]<\/p>\n","protected":false},"author":2,"featured_media":0,"parent":0,"menu_order":0,"comment_status":"closed","ping_status":"closed","template":"","meta":{"_acf_changed":false,"inline_featured_image":false,"footnotes":""},"class_list":["post-1698","page","type-page","status-publish","hentry"],"acf":[],"_links":{"self":[{"href":"https:\/\/www.skolyjesenice.cz\/zs\/wp-json\/wp\/v2\/pages\/1698","targetHints":{"allow":["GET"]}}],"collection":[{"href":"https:\/\/www.skolyjesenice.cz\/zs\/wp-json\/wp\/v2\/pages"}],"about":[{"href":"https:\/\/www.skolyjesenice.cz\/zs\/wp-json\/wp\/v2\/types\/page"}],"author":[{"embeddable":true,"href":"https:\/\/www.skolyjesenice.cz\/zs\/wp-json\/wp\/v2\/users\/2"}],"replies":[{"embeddable":true,"href":"https:\/\/www.skolyjesenice.cz\/zs\/wp-json\/wp\/v2\/comments?post=1698"}],"version-history":[{"count":4,"href":"https:\/\/www.skolyjesenice.cz\/zs\/wp-json\/wp\/v2\/pages\/1698\/revisions"}],"predecessor-version":[{"id":1703,"href":"https:\/\/www.skolyjesenice.cz\/zs\/wp-json\/wp\/v2\/pages\/1698\/revisions\/1703"}],"wp:attachment":[{"href":"https:\/\/www.skolyjesenice.cz\/zs\/wp-json\/wp\/v2\/media?parent=1698"}],"curies":[{"name":"wp","href":"https:\/\/api.w.org\/{rel}","templated":true}]}}