{"id":135,"date":"2024-01-05T11:01:56","date_gmt":"2024-01-05T10:01:56","guid":{"rendered":"https:\/\/www.skolyjesenice.cz\/?page_id=135"},"modified":"2026-01-19T11:24:57","modified_gmt":"2026-01-19T10:24:57","slug":"kontakt","status":"publish","type":"page","link":"https:\/\/www.skolyjesenice.cz\/zs\/kontakt\/","title":{"rendered":"Kontakt"},"content":{"rendered":"<p><strong><span style=\"font-family: verdana, geneva, sans-serif;font-size: 18pt\">St\u0159edn\u00ed \u0161kola a Z\u00e1kladn\u00ed \u0161kola Jesenice, p\u0159\u00edsp\u011bvkov\u00e1 organizace<\/span><\/strong><\/p>\n<h3><span style=\"text-decoration: underline\"><span style=\"font-family: verdana, geneva, sans-serif\">\u0158EDITELSTV\u00cd<\/span><\/span><\/h3>\n<p><span style=\"font-family: verdana, geneva, sans-serif\">Plze\u0148sk\u00e1 63<\/span><br \/>\n<span style=\"font-family: verdana, geneva, sans-serif\">270 33 Jesenice<\/span><br \/>\n<span style=\"font-family: verdana, geneva, sans-serif\"><strong>Tel.:<\/strong> 313 599 324 (sekretari\u00e1t), e-mail: <a href=\"mailto:info@zmapjesenice.cz\">info@zmapjesenice.cz<\/a><\/span><\/p>\n<p><span style=\"font-family: verdana, geneva, sans-serif\"><strong>I\u010c:<\/strong> 47013711<\/span><br \/>\n<span style=\"font-family: verdana, geneva, sans-serif\"><strong>Datov\u00e1 schr\u00e1nka:<\/strong> jrkyds8<br \/>\n<strong>Bankovn\u00ed spojen\u00ed:<\/strong> \u010cesk\u00e1 spo\u0159itelna, a. s., \u010d\u00edslo \u00fa\u010dtu: 542476329\/0800\u00a0<\/span><\/p>\n<p><span style=\"text-decoration: underline\"><span style=\"font-family: verdana, geneva, sans-serif\"><strong>\u0158editelka \u0161koly<br \/>\n<\/strong><\/span><\/span><span style=\"font-family: verdana, geneva, sans-serif\"><strong>Mgr. Hana Vanick\u00e1,\u00a0<\/strong>e-mail: <a href=\"mailto:hana.vanicka@zmapjesenice.cz\">hana.vanicka@zmapjesenice.cz<\/a><br \/>\n<strong>Tel.: <\/strong>313 599 021, 603 440 453<br \/>\n<\/span><\/p>\n<p><span style=\"text-decoration: underline;font-family: verdana, geneva, sans-serif\"><strong>Z\u00e1stupkyn\u011b \u0159editelky \u0161koly (Z\u0158\u0160)<\/strong><\/span><br \/>\n<span style=\"font-family: verdana, geneva, sans-serif\"><span style=\"text-decoration: underline\"><strong>Mgr. Ren\u00e1ta J\u00edlkov\u00e1<\/strong><\/span> &#8211; Z\u0158\u0160 pro S\u0160,<br \/>\ntel.: 313 599 325, 601 330 062, e-mail:<a href=\"mailto:renata.jilkova@zmapjesenice.cz\"> renata.jilkova@zmapjesenice.cz<\/a>, <a href=\"mailto:renata.jilkova@issjesenice.cz\">renata.jilkova@issjesenice.cz<\/a><\/span><br \/>\n<span style=\"font-family: verdana, geneva, sans-serif\"><span style=\"text-decoration: underline\"><strong>Mgr. Martina Tre\u0161lov\u00e1 <\/strong><\/span>&#8211; Z\u0158\u0160 pro S\u0160,<br \/>\ntel.: 313 599 325, 720 050 968, e-mail: <a href=\"mailto:martina.treslova@issjesenice.cz\">martina.treslova@issjesenice.cz<\/a><\/span><br \/>\n<span style=\"font-family: verdana, geneva, sans-serif\"><span style=\"text-decoration: underline\"><strong>Mgr. Mark\u00e9ta Uhrov\u00e1 <\/strong><\/span>&#8211; Z\u0158\u0160 pro Z\u0160 a Pr\u0160, v\u00fdchovn\u00e1 poradkyn\u011b<br \/>\ntel.: 317 471 324, 603 440 378, e-mail: <a href=\"mailto:marketa.uhrova@zmapjesenice.cz\">marketa.uhrova@zmapjesenice.cz<\/a><\/span><\/p>\n<h3><span style=\"text-decoration: underline\"><span style=\"font-family: verdana, geneva, sans-serif\">Z\u00c1KLADN\u00cd \u0160KOLA<br \/>\n<\/span><\/span><\/h3>\n<p><span style=\"font-family: verdana, geneva, sans-serif\">Plze\u0148sk\u00e1 63<\/span><br \/>\n<span style=\"font-family: verdana, geneva, sans-serif\"><strong>Telefonn\u00ed kontakty:<br \/>\n<\/strong><\/span><span style=\"font-family: verdana, geneva, sans-serif\">313 599 324 &#8211; kancel\u00e1\u0159 \u0161koly<br \/>\n<\/span><span style=\"font-family: verdana, geneva, sans-serif\">317 471 324 &#8211; sborovna<br \/>\n<\/span><span style=\"font-family: verdana, geneva, sans-serif\">603 440 429 &#8211; \u0159idi\u010d \u0161koln\u00edho auta<br \/>\n<\/span><span style=\"font-family: verdana, geneva, sans-serif\">602 644 924 &#8211; \u0159idi\u010d \u0161koln\u00edho auta<\/span><\/p>\n<h3><span style=\"text-decoration: underline\"><span style=\"font-family: verdana, geneva, sans-serif\">PRAKTICK\u00c1 \u0160KOLA<\/span><\/span><\/h3>\n<p><span style=\"font-family: verdana, geneva, sans-serif\"><strong>Tel.:<\/strong> 720 878 008<\/span><\/p>\n<h3><span style=\"text-decoration: underline\"><span style=\"font-family: verdana, geneva, sans-serif\">INTERN\u00c1T, DM<\/span><\/span><\/h3>\n<p><span style=\"font-family: verdana, geneva, sans-serif\"><strong>Tel.:<\/strong> intern\u00e1t &#8211; 725 901 570, 313 599 772 (od 19,00 hodin), DM &#8211; 720 878 008<\/span><br \/>\n<span style=\"font-family: verdana, geneva, sans-serif\"><strong>Vedouc\u00ed vychovatelka:<\/strong> Libu\u0161e \u0160mausov\u00e1<\/span><\/p>\n<h3><span style=\"text-decoration: underline\"><span style=\"font-family: verdana, geneva, sans-serif\">\u0160KOLN\u00cd J\u00cdDELNA<\/span><\/span><\/h3>\n<p><span style=\"font-family: verdana, geneva, sans-serif\"><strong>Tel.:<\/strong> 313 599 772<\/span><br \/>\n<span style=\"font-family: verdana, geneva, sans-serif\"><strong>E-mail:<\/strong> kuchyne@zmapjesenice.cz<\/span><br \/>\n<span style=\"font-family: verdana, geneva, sans-serif\"><strong>Vedouc\u00ed \u0161koln\u00ed j\u00eddelny:<\/strong>\u00a0Ivana Dost\u00e1lov\u00e1<\/span><\/p>\n","protected":false},"excerpt":{"rendered":"<p>St\u0159edn\u00ed \u0161kola a Z\u00e1kladn\u00ed \u0161kola Jesenice, p\u0159\u00edsp\u011bvkov\u00e1 organizace \u0158EDITELSTV\u00cd Plze\u0148sk\u00e1 63 270 33 Jesenice Tel.: [&hellip;]<\/p>\n","protected":false},"author":1,"featured_media":0,"parent":0,"menu_order":0,"comment_status":"closed","ping_status":"closed","template":"","meta":{"_acf_changed":false,"inline_featured_image":false,"footnotes":""},"class_list":["post-135","page","type-page","status-publish","hentry"],"acf":[],"_links":{"self":[{"href":"https:\/\/www.skolyjesenice.cz\/zs\/wp-json\/wp\/v2\/pages\/135","targetHints":{"allow":["GET"]}}],"collection":[{"href":"https:\/\/www.skolyjesenice.cz\/zs\/wp-json\/wp\/v2\/pages"}],"about":[{"href":"https:\/\/www.skolyjesenice.cz\/zs\/wp-json\/wp\/v2\/types\/page"}],"author":[{"embeddable":true,"href":"https:\/\/www.skolyjesenice.cz\/zs\/wp-json\/wp\/v2\/users\/1"}],"replies":[{"embeddable":true,"href":"https:\/\/www.skolyjesenice.cz\/zs\/wp-json\/wp\/v2\/comments?post=135"}],"version-history":[{"count":5,"href":"https:\/\/www.skolyjesenice.cz\/zs\/wp-json\/wp\/v2\/pages\/135\/revisions"}],"predecessor-version":[{"id":3832,"href":"https:\/\/www.skolyjesenice.cz\/zs\/wp-json\/wp\/v2\/pages\/135\/revisions\/3832"}],"wp:attachment":[{"href":"https:\/\/www.skolyjesenice.cz\/zs\/wp-json\/wp\/v2\/media?parent=135"}],"curies":[{"name":"wp","href":"https:\/\/api.w.org\/{rel}","templated":true}]}}