{"id":685,"date":"2024-09-09T13:01:44","date_gmt":"2024-09-09T11:01:44","guid":{"rendered":"https:\/\/www.skolyjesenice.cz\/ss\/?page_id=685"},"modified":"2024-09-09T13:06:50","modified_gmt":"2024-09-09T11:06:50","slug":"domov-mladeze","status":"publish","type":"page","link":"https:\/\/www.skolyjesenice.cz\/ss\/domov-mladeze\/","title":{"rendered":"Domov ml\u00e1de\u017ee"},"content":{"rendered":"<p>Domov ml\u00e1de\u017ee se nach\u00e1z\u00ed v klidov\u00e9 z\u00f3n\u011b cca 300 m od budovy \u0161koly. Proch\u00e1z\u00ed postupnou celkovou rekonstrukc\u00ed, ubytov\u00e1n\u00ed je ve dvou a\u017e \u010dty\u0159l\u016f\u017ekov\u00fdch pokoj\u00edch. Pokoje jsou vybaveny modern\u00edm n\u00e1bytkem, \u017e\u00e1k\u016fm je k dispozici vybaven\u00e1 kuchy\u0148ka, spole\u010densk\u00e1 m\u00edstnost, posilovna, knihovna, studovna s po\u010d\u00edta\u010di.<\/p>\n<p>Sou\u010d\u00e1st\u00ed ubytov\u00e1n\u00ed je v\u00fdchovn\u011b vzd\u011bl\u00e1vac\u00ed \u010dinnost, kter\u00e1 umo\u017e\u0148uje plnohodnotn\u00e9 vyu\u017e\u00edv\u00e1n\u00ed voln\u00e9ho \u010dasu formou z\u00e1jmov\u00fdch \u010dinnost\u00ed a aktivit, nap\u0159. krou\u017eek sportovn\u00ed, va\u0159en\u00ed, tane\u010dn\u00ed.<\/p>\n<p>Pro ubytovan\u00e9 \u017e\u00e1ky je zaji\u0161t\u011bno celodenn\u00ed stravov\u00e1n\u00ed.<\/p>\n<p>Umis\u0165ov\u00e1n\u00ed \u017e\u00e1k\u016f v domov\u011b ml\u00e1de\u017ee se \u0159\u00edd\u00ed vyhl\u00e1\u0161kou \u010d.108\/2005 Sb., o \u0161kolsk\u00fdch v\u00fdchovn\u00fdch a ubytovac\u00edch za\u0159\u00edzen\u00edch a \u0161kolsk\u00fdch \u00fa\u010delov\u00fdch za\u0159\u00edzen\u00edch, v platn\u00e9m zn\u011bn\u00ed. Stravov\u00e1n\u00ed je zabezpe\u010dov\u00e1no v souladu s vyhl\u00e1\u0161kou \u010d. 107\/2005 Sb., o \u0161koln\u00edm stravov\u00e1n\u00ed, v platn\u00e9m zn\u011bn\u00ed. Integrovan\u00e1 st\u0159edn\u00ed \u0161kola, Jesenice, \u017dateck\u00e1 1 vyd\u00e1v\u00e1 Vnit\u0159n\u00ed \u0159\u00e1d domova ml\u00e1de\u017ee, kter\u00fd je sou\u010d\u00e1st\u00ed \u0160koln\u00edho \u0159\u00e1du.<br \/>\nVyd\u00e1n je tak\u00e9 \u0160koln\u00ed vzd\u011bl\u00e1vac\u00ed program Domova ml\u00e1de\u017ee. Tyto dokumenty jsou z\u00e1vazn\u00e9 pro v\u0161echny ubytovan\u00e9 \u017e\u00e1ky.<\/p>\n<p>\u00daplata za ubytov\u00e1n\u00ed: 800,- K\u010d\/m\u011bs\u00edc.<br \/>\n\u00daplata za celodenn\u00ed stravn\u00e9: 146,- K\u010d (sn\u00eddan\u011b, p\u0159esn\u00edd\u00e1vka, ob\u011bd, sva\u010dina, ve\u010de\u0159e).<\/p>\n<h2>Kontakt<\/h2>\n<p>Vedouc\u00ed Domova ml\u00e1de\u017ee &#8211; Libu\u0161e \u0160mausov\u00e1: <a href=\"mailto:domovmladeze@issjesenice.cz\" rel=\"noopener\" target=\"_blank\">domovmladeze@issjesenice.cz<\/a><\/p>\n<p>P\u0159ihl\u00e1\u0161ky k ubytov\u00e1n\u00ed v domov\u011b ml\u00e1de\u017ee je mo\u017eno pod\u00e1vat na jeden \u0161koln\u00ed rok ihned po obdr\u017een\u00ed rozhodnut\u00ed o p\u0159ijet\u00ed na st\u0159edn\u00ed \u0161kolu nebo kdykoliv v pr\u016fb\u011bhu roku, pokud \u017e\u00e1k dolo\u017e\u00ed potvrzen\u00ed o studiu na S\u0160. P\u0159ihl\u00e1\u0161ku do domova ml\u00e1de\u017ee pod\u00e1v\u00e1 z\u00e1konn\u00fd z\u00e1stupce nezletil\u00e9ho \u017e\u00e1ka nebo zletil\u00fd \u017e\u00e1k.<\/p>\n<h2>Formul\u00e1\u0159e<\/h2>\n<p><a class=\"ctaB\" href=\"http:\/\/www.skolyjesenice.cz\/wp-content\/uploads\/2024\/01\/Rad-DM.pdf\" target=\"_blank\" rel=\"noopener\">Vnit\u0159n\u00ed \u0159\u00e1d Domova ml\u00e1de\u017ee<\/a> <a class=\"ctaB\" href=\"http:\/\/www.skolyjesenice.cz\/wp-content\/uploads\/2024\/01\/prihlaska_dm.pdf\" target=\"_blank\" rel=\"noopener\">P\u0159ihl\u00e1\u0161ka Domova ml\u00e1de\u017ee<\/a><\/p>\n<h2>Foto<\/h2>\n\n\t\t<style type=\"text\/css\">\n\t\t\t#gallery-1 {\n\t\t\t\tmargin: auto;\n\t\t\t}\n\t\t\t#gallery-1 .gallery-item {\n\t\t\t\tfloat: left;\n\t\t\t\tmargin-top: 10px;\n\t\t\t\ttext-align: center;\n\t\t\t\twidth: 50%;\n\t\t\t}\n\t\t\t#gallery-1 img {\n\t\t\t\tborder: 2px solid #cfcfcf;\n\t\t\t}\n\t\t\t#gallery-1 .gallery-caption {\n\t\t\t\tmargin-left: 0;\n\t\t\t}\n\t\t\t\/* see gallery_shortcode() in wp-includes\/media.php *\/\n\t\t<\/style>\n\t\t<div id='gallery-1' class='gallery galleryid-685 gallery-columns-2 gallery-size-medium'><dl class='gallery-item'>\n\t\t\t<dt class='gallery-icon landscape'>\n\t\t\t\t<a href='https:\/\/www.skolyjesenice.cz\/ss\/wp-content\/uploads\/sites\/2\/2024\/09\/190A0446.jpg' data-lightbox='galleryid-685'><img loading=\"lazy\" decoding=\"async\" width=\"300\" height=\"200\" src=\"https:\/\/www.skolyjesenice.cz\/ss\/wp-content\/uploads\/sites\/2\/2024\/09\/190A0446-300x200.jpg\" class=\"attachment-medium size-medium\" alt=\"\" srcset=\"https:\/\/www.skolyjesenice.cz\/ss\/wp-content\/uploads\/sites\/2\/2024\/09\/190A0446-300x200.jpg 300w, https:\/\/www.skolyjesenice.cz\/ss\/wp-content\/uploads\/sites\/2\/2024\/09\/190A0446-1024x683.jpg 1024w, https:\/\/www.skolyjesenice.cz\/ss\/wp-content\/uploads\/sites\/2\/2024\/09\/190A0446-768x512.jpg 768w, https:\/\/www.skolyjesenice.cz\/ss\/wp-content\/uploads\/sites\/2\/2024\/09\/190A0446-1536x1024.jpg 1536w, https:\/\/www.skolyjesenice.cz\/ss\/wp-content\/uploads\/sites\/2\/2024\/09\/190A0446.jpg 1920w\" sizes=\"auto, (max-width: 300px) 100vw, 300px\" \/><\/a>\n\t\t\t<\/dt><\/dl><dl class='gallery-item'>\n\t\t\t<dt class='gallery-icon landscape'>\n\t\t\t\t<a href='https:\/\/www.skolyjesenice.cz\/ss\/wp-content\/uploads\/sites\/2\/2024\/09\/190A0447.jpg' data-lightbox='galleryid-685'><img loading=\"lazy\" decoding=\"async\" width=\"300\" height=\"200\" src=\"https:\/\/www.skolyjesenice.cz\/ss\/wp-content\/uploads\/sites\/2\/2024\/09\/190A0447-300x200.jpg\" class=\"attachment-medium size-medium\" alt=\"\" srcset=\"https:\/\/www.skolyjesenice.cz\/ss\/wp-content\/uploads\/sites\/2\/2024\/09\/190A0447-300x200.jpg 300w, https:\/\/www.skolyjesenice.cz\/ss\/wp-content\/uploads\/sites\/2\/2024\/09\/190A0447-1024x683.jpg 1024w, https:\/\/www.skolyjesenice.cz\/ss\/wp-content\/uploads\/sites\/2\/2024\/09\/190A0447-768x512.jpg 768w, https:\/\/www.skolyjesenice.cz\/ss\/wp-content\/uploads\/sites\/2\/2024\/09\/190A0447-1536x1024.jpg 1536w, https:\/\/www.skolyjesenice.cz\/ss\/wp-content\/uploads\/sites\/2\/2024\/09\/190A0447.jpg 1920w\" sizes=\"auto, (max-width: 300px) 100vw, 300px\" \/><\/a>\n\t\t\t<\/dt><\/dl><br style=\"clear: both\" \/><dl class='gallery-item'>\n\t\t\t<dt class='gallery-icon landscape'>\n\t\t\t\t<a href='https:\/\/www.skolyjesenice.cz\/ss\/wp-content\/uploads\/sites\/2\/2024\/09\/190A0450.jpg' data-lightbox='galleryid-685'><img loading=\"lazy\" decoding=\"async\" width=\"300\" height=\"200\" src=\"https:\/\/www.skolyjesenice.cz\/ss\/wp-content\/uploads\/sites\/2\/2024\/09\/190A0450-300x200.jpg\" class=\"attachment-medium size-medium\" alt=\"\" srcset=\"https:\/\/www.skolyjesenice.cz\/ss\/wp-content\/uploads\/sites\/2\/2024\/09\/190A0450-300x200.jpg 300w, https:\/\/www.skolyjesenice.cz\/ss\/wp-content\/uploads\/sites\/2\/2024\/09\/190A0450-1024x683.jpg 1024w, https:\/\/www.skolyjesenice.cz\/ss\/wp-content\/uploads\/sites\/2\/2024\/09\/190A0450-768x512.jpg 768w, https:\/\/www.skolyjesenice.cz\/ss\/wp-content\/uploads\/sites\/2\/2024\/09\/190A0450-1536x1024.jpg 1536w, https:\/\/www.skolyjesenice.cz\/ss\/wp-content\/uploads\/sites\/2\/2024\/09\/190A0450.jpg 1920w\" sizes=\"auto, (max-width: 300px) 100vw, 300px\" \/><\/a>\n\t\t\t<\/dt><\/dl><dl class='gallery-item'>\n\t\t\t<dt class='gallery-icon landscape'>\n\t\t\t\t<a href='https:\/\/www.skolyjesenice.cz\/ss\/wp-content\/uploads\/sites\/2\/2024\/09\/190A0451.jpg' data-lightbox='galleryid-685'><img loading=\"lazy\" decoding=\"async\" width=\"300\" height=\"200\" src=\"https:\/\/www.skolyjesenice.cz\/ss\/wp-content\/uploads\/sites\/2\/2024\/09\/190A0451-300x200.jpg\" class=\"attachment-medium size-medium\" alt=\"\" srcset=\"https:\/\/www.skolyjesenice.cz\/ss\/wp-content\/uploads\/sites\/2\/2024\/09\/190A0451-300x200.jpg 300w, https:\/\/www.skolyjesenice.cz\/ss\/wp-content\/uploads\/sites\/2\/2024\/09\/190A0451-1024x683.jpg 1024w, https:\/\/www.skolyjesenice.cz\/ss\/wp-content\/uploads\/sites\/2\/2024\/09\/190A0451-768x512.jpg 768w, https:\/\/www.skolyjesenice.cz\/ss\/wp-content\/uploads\/sites\/2\/2024\/09\/190A0451-1536x1024.jpg 1536w, https:\/\/www.skolyjesenice.cz\/ss\/wp-content\/uploads\/sites\/2\/2024\/09\/190A0451.jpg 1920w\" sizes=\"auto, (max-width: 300px) 100vw, 300px\" \/><\/a>\n\t\t\t<\/dt><\/dl><br style=\"clear: both\" \/><dl class='gallery-item'>\n\t\t\t<dt class='gallery-icon landscape'>\n\t\t\t\t<a href='https:\/\/www.skolyjesenice.cz\/ss\/wp-content\/uploads\/sites\/2\/2024\/09\/190A0452.jpg' data-lightbox='galleryid-685'><img loading=\"lazy\" decoding=\"async\" width=\"300\" height=\"200\" src=\"https:\/\/www.skolyjesenice.cz\/ss\/wp-content\/uploads\/sites\/2\/2024\/09\/190A0452-300x200.jpg\" class=\"attachment-medium size-medium\" alt=\"\" srcset=\"https:\/\/www.skolyjesenice.cz\/ss\/wp-content\/uploads\/sites\/2\/2024\/09\/190A0452-300x200.jpg 300w, https:\/\/www.skolyjesenice.cz\/ss\/wp-content\/uploads\/sites\/2\/2024\/09\/190A0452-1024x683.jpg 1024w, https:\/\/www.skolyjesenice.cz\/ss\/wp-content\/uploads\/sites\/2\/2024\/09\/190A0452-768x512.jpg 768w, https:\/\/www.skolyjesenice.cz\/ss\/wp-content\/uploads\/sites\/2\/2024\/09\/190A0452-1536x1024.jpg 1536w, https:\/\/www.skolyjesenice.cz\/ss\/wp-content\/uploads\/sites\/2\/2024\/09\/190A0452.jpg 1920w\" sizes=\"auto, (max-width: 300px) 100vw, 300px\" \/><\/a>\n\t\t\t<\/dt><\/dl><dl class='gallery-item'>\n\t\t\t<dt class='gallery-icon landscape'>\n\t\t\t\t<a href='https:\/\/www.skolyjesenice.cz\/ss\/wp-content\/uploads\/sites\/2\/2024\/09\/190A0453.jpg' data-lightbox='galleryid-685'><img loading=\"lazy\" decoding=\"async\" width=\"300\" height=\"200\" src=\"https:\/\/www.skolyjesenice.cz\/ss\/wp-content\/uploads\/sites\/2\/2024\/09\/190A0453-300x200.jpg\" class=\"attachment-medium size-medium\" alt=\"\" srcset=\"https:\/\/www.skolyjesenice.cz\/ss\/wp-content\/uploads\/sites\/2\/2024\/09\/190A0453-300x200.jpg 300w, https:\/\/www.skolyjesenice.cz\/ss\/wp-content\/uploads\/sites\/2\/2024\/09\/190A0453-1024x683.jpg 1024w, https:\/\/www.skolyjesenice.cz\/ss\/wp-content\/uploads\/sites\/2\/2024\/09\/190A0453-768x512.jpg 768w, https:\/\/www.skolyjesenice.cz\/ss\/wp-content\/uploads\/sites\/2\/2024\/09\/190A0453-1536x1024.jpg 1536w, https:\/\/www.skolyjesenice.cz\/ss\/wp-content\/uploads\/sites\/2\/2024\/09\/190A0453.jpg 1920w\" sizes=\"auto, (max-width: 300px) 100vw, 300px\" \/><\/a>\n\t\t\t<\/dt><\/dl><br style=\"clear: both\" \/><dl class='gallery-item'>\n\t\t\t<dt class='gallery-icon landscape'>\n\t\t\t\t<a href='https:\/\/www.skolyjesenice.cz\/ss\/wp-content\/uploads\/sites\/2\/2024\/09\/190A0454.jpg' data-lightbox='galleryid-685'><img loading=\"lazy\" decoding=\"async\" width=\"300\" height=\"200\" src=\"https:\/\/www.skolyjesenice.cz\/ss\/wp-content\/uploads\/sites\/2\/2024\/09\/190A0454-300x200.jpg\" class=\"attachment-medium size-medium\" alt=\"\" srcset=\"https:\/\/www.skolyjesenice.cz\/ss\/wp-content\/uploads\/sites\/2\/2024\/09\/190A0454-300x200.jpg 300w, https:\/\/www.skolyjesenice.cz\/ss\/wp-content\/uploads\/sites\/2\/2024\/09\/190A0454-1024x683.jpg 1024w, https:\/\/www.skolyjesenice.cz\/ss\/wp-content\/uploads\/sites\/2\/2024\/09\/190A0454-768x512.jpg 768w, https:\/\/www.skolyjesenice.cz\/ss\/wp-content\/uploads\/sites\/2\/2024\/09\/190A0454-1536x1024.jpg 1536w, https:\/\/www.skolyjesenice.cz\/ss\/wp-content\/uploads\/sites\/2\/2024\/09\/190A0454.jpg 1920w\" sizes=\"auto, (max-width: 300px) 100vw, 300px\" \/><\/a>\n\t\t\t<\/dt><\/dl><dl class='gallery-item'>\n\t\t\t<dt class='gallery-icon landscape'>\n\t\t\t\t<a href='https:\/\/www.skolyjesenice.cz\/ss\/wp-content\/uploads\/sites\/2\/2024\/09\/190A0455.jpg' data-lightbox='galleryid-685'><img loading=\"lazy\" decoding=\"async\" width=\"300\" height=\"200\" src=\"https:\/\/www.skolyjesenice.cz\/ss\/wp-content\/uploads\/sites\/2\/2024\/09\/190A0455-300x200.jpg\" class=\"attachment-medium size-medium\" alt=\"\" srcset=\"https:\/\/www.skolyjesenice.cz\/ss\/wp-content\/uploads\/sites\/2\/2024\/09\/190A0455-300x200.jpg 300w, https:\/\/www.skolyjesenice.cz\/ss\/wp-content\/uploads\/sites\/2\/2024\/09\/190A0455-1024x683.jpg 1024w, https:\/\/www.skolyjesenice.cz\/ss\/wp-content\/uploads\/sites\/2\/2024\/09\/190A0455-768x512.jpg 768w, https:\/\/www.skolyjesenice.cz\/ss\/wp-content\/uploads\/sites\/2\/2024\/09\/190A0455-1536x1024.jpg 1536w, https:\/\/www.skolyjesenice.cz\/ss\/wp-content\/uploads\/sites\/2\/2024\/09\/190A0455.jpg 1920w\" sizes=\"auto, (max-width: 300px) 100vw, 300px\" \/><\/a>\n\t\t\t<\/dt><\/dl><br style=\"clear: both\" \/>\n\t\t<\/div>\n\n","protected":false},"excerpt":{"rendered":"<p>Domov ml\u00e1de\u017ee se nach\u00e1z\u00ed v klidov\u00e9 z\u00f3n\u011b cca 300 m od budovy \u0161koly. Proch\u00e1z\u00ed postupnou [&hellip;]<\/p>\n","protected":false},"author":2,"featured_media":0,"parent":0,"menu_order":0,"comment_status":"closed","ping_status":"closed","template":"","meta":{"_acf_changed":false,"inline_featured_image":false,"footnotes":""},"class_list":["post-685","page","type-page","status-publish","hentry"],"acf":[],"_links":{"self":[{"href":"https:\/\/www.skolyjesenice.cz\/ss\/wp-json\/wp\/v2\/pages\/685","targetHints":{"allow":["GET"]}}],"collection":[{"href":"https:\/\/www.skolyjesenice.cz\/ss\/wp-json\/wp\/v2\/pages"}],"about":[{"href":"https:\/\/www.skolyjesenice.cz\/ss\/wp-json\/wp\/v2\/types\/page"}],"author":[{"embeddable":true,"href":"https:\/\/www.skolyjesenice.cz\/ss\/wp-json\/wp\/v2\/users\/2"}],"replies":[{"embeddable":true,"href":"https:\/\/www.skolyjesenice.cz\/ss\/wp-json\/wp\/v2\/comments?post=685"}],"version-history":[{"count":7,"href":"https:\/\/www.skolyjesenice.cz\/ss\/wp-json\/wp\/v2\/pages\/685\/revisions"}],"predecessor-version":[{"id":701,"href":"https:\/\/www.skolyjesenice.cz\/ss\/wp-json\/wp\/v2\/pages\/685\/revisions\/701"}],"wp:attachment":[{"href":"https:\/\/www.skolyjesenice.cz\/ss\/wp-json\/wp\/v2\/media?parent=685"}],"curies":[{"name":"wp","href":"https:\/\/api.w.org\/{rel}","templated":true}]}}