{"id":538,"date":"2024-05-14T15:31:07","date_gmt":"2024-05-14T13:31:07","guid":{"rendered":"https:\/\/www.skolyjesenice.cz\/ss\/?page_id=538"},"modified":"2026-03-17T19:55:39","modified_gmt":"2026-03-17T18:55:39","slug":"autoskola","status":"publish","type":"page","link":"https:\/\/www.skolyjesenice.cz\/ss\/autoskola\/","title":{"rendered":"Auto\u0161kola"},"content":{"rendered":"<p style=\"text-align: center\"><strong><b>\u00a0Cen\u00edk Auto\u0161koly St\u0159edn\u00ed a Z\u00e1kladn\u00ed \u0161koly Jesenice \u00a0<\/b><\/strong><\/p>\n<p style=\"text-align: center\">Platn\u00fd od 1.z\u00e1\u0159\u00ed 2023 (plat\u00ed pro \u017e\u00e1ky od \u0161koln\u00edho roku 2023\/2024)<\/p>\n<p style=\"text-align: center\"><strong><b>\u00a0\u00a0\u00a0\u00a0\u00a0\u00a0\u00a0\u00a0\u00a0\u00a0\u00a0\u00a0\u00a0\u017d\u00e1ci hrad\u00ed poplatek za l\u00e9ka\u0159sk\u00fd posudek a poplatek za \u0159\u00e1dn\u00e9 i opravn\u00e9 zkou\u0161ky z odborn\u00e9 zp\u016fsobilosti k \u0159\u00edzen\u00ed motorov\u00fdch vozidel.<\/b><\/strong><\/p>\n<table style=\"width: 92.4554%;background-color: #f1f505;border-color: #000000;height: 830px\">\n<tbody>\n<tr style=\"border-color: #000000\">\n<td style=\"width: 17.0056%;height: 75px;text-align: center\"><strong><b>Skupina<\/b><\/strong><\/td>\n<td style=\"width: 20.2397%;height: 75px;text-align: center\"><strong><b>Obor vzd\u011bl\u00e1v\u00e1n\u00ed<\/b><\/strong><\/td>\n<td style=\"width: 15.6268%;height: 75px;text-align: center\"><strong><b>Typ \u0159idi\u010dsk\u00e9ho <\/b><\/strong><strong><b>opr\u00e1vn\u011bn\u00ed<\/b><\/strong><\/td>\n<td style=\"width: 16.0624%;height: 75px;text-align: center\"><strong><b>Cena T<\/b><\/strong><\/td>\n<td style=\"width: 14.9017%;height: 75px;text-align: center\"><strong><b>Cena B<\/b><\/strong><\/td>\n<td style=\"width: 40.4506%;height: 75px;text-align: center\"><strong><b> Cena C<\/b><\/strong><\/td>\n<\/tr>\n<tr style=\"height: 175px\">\n<td style=\"width: 17.0056%;height: 175px\">\u017d\u00e1ci<\/p>\n<p>Motorov\u00e1 vozidla<\/p>\n<p>Povinn\u00fd p\u0159edm\u011bt<\/td>\n<td style=\"width: 20.2397%;height: 175px\">Zem\u011bd\u011blec-farm\u00e1\u0159<\/p>\n<p>Zem\u011bd\u011blsk\u00e9 pr\u00e1ce<\/p>\n<p>Zahradn\u00edk<\/p>\n<p>Zahradnick\u00e9 pr\u00e1ce<\/td>\n<td style=\"width: 15.6268%;text-align: center;height: 175px\">T, B<\/p>\n<p>T<\/p>\n<p>T<\/p>\n<p>T<\/td>\n<td style=\"width: 16.0624%;text-align: center;height: 175px\">nehrad\u00ed<\/p>\n<p>nehrad\u00ed<\/p>\n<p>nehrad\u00ed<\/p>\n<p>nehrad\u00ed<\/td>\n<td style=\"width: 14.9017%;text-align: center;height: 175px\">nehrad\u00ed<\/p>\n<p>&#8211;<\/p>\n<p>&#8211;<\/p>\n<p>&#8211;<\/td>\n<td style=\"width: 40.4506%;text-align: center;height: 175px\">nehrad\u00ed<\/p>\n<p>&#8211;<\/p>\n<p>&#8211;<\/p>\n<p>&#8211;<\/td>\n<\/tr>\n<tr style=\"height: 135px\">\n<td style=\"width: 17.0056%;height: 135px\">\u017d\u00e1ci \u0161koly<\/p>\n<p>Zv\u00fdhodn\u011bn\u00e1 cena<\/td>\n<td style=\"width: 20.2397%;height: 135px\">Zv\u00fdhodn\u011bn\u00e1 cena pro \u017e\u00e1ky \u0161koly<br \/>\n(v\u010detn\u011b DPH)<\/td>\n<td style=\"width: 15.6268%;text-align: center;height: 135px\">&nbsp;<\/p>\n<p>B<\/p>\n<p>&nbsp;<\/td>\n<td style=\"width: 16.0624%;text-align: center;height: 135px\"><\/td>\n<td style=\"width: 14.9017%;text-align: center;height: 135px\">11\u00a0000,-<\/td>\n<td style=\"width: 40.4506%;text-align: center;height: 135px\"><\/td>\n<\/tr>\n<tr style=\"height: 135px\">\n<td style=\"width: 17.0056%;height: 135px\">Kondi\u010dn\u00ed j\u00edzdy nad r\u00e1mec v\u00fduky<\/td>\n<td style=\"width: 20.2397%;height: 135px\">Pro v\u0161echny \u017e\u00e1ky<br \/>\n(v\u010detn\u011b DPH)<\/td>\n<td style=\"width: 15.6268%;text-align: center;height: 135px\">&nbsp;<\/p>\n<p>T,B<\/p>\n<p>&nbsp;<\/td>\n<td style=\"width: 16.0624%;text-align: center;height: 135px\">600,-<\/td>\n<td style=\"width: 14.9017%;text-align: center;height: 135px\">400,-<\/td>\n<td style=\"width: 40.4506%;text-align: center;height: 135px\"><\/td>\n<\/tr>\n<tr style=\"height: 215px\">\n<td style=\"width: 17.0056%;height: 215px\">Zru\u0161en\u00ed j\u00edzdy bez omluvy \u017e\u00e1ka v p\u0159\u00edpad\u011b kondi\u010dn\u00edch hodin<\/td>\n<td style=\"width: 20.2397%;height: 215px\">V r\u00e1mci obor\u016f vzd\u011bl\u00e1n\u00ed je \u0159\u00edzen\u00ed motorov\u00fdch vozidel za\u0159azeno, jako povinn\u00fd p\u0159edm\u011bt a proto v p\u0159\u00edpad\u011b studenta \u0161koly se bude jednat o neomluvenou hodinu<\/td>\n<td style=\"width: 15.6268%;text-align: center;height: 215px\">&nbsp;<\/p>\n<p>&nbsp;<\/p>\n<p>&nbsp;<\/p>\n<p>T, B<\/p>\n<p>&nbsp;<\/td>\n<td style=\"width: 16.0624%;text-align: center;height: 215px\">&nbsp;<\/p>\n<p>&nbsp;<\/p>\n<p>&#8211;<\/td>\n<td style=\"width: 14.9017%;text-align: center;height: 215px\">&nbsp;<\/p>\n<p>&nbsp;<\/p>\n<p>&#8211;<\/td>\n<td style=\"width: 40.4506%;text-align: center;height: 215px\"><\/td>\n<\/tr>\n<tr style=\"height: 95px\">\n<td style=\"width: 17.0056%;height: 95px\">Poplatek za zru\u0161en\u00ed j\u00edzdy bez omluvy \u017e\u00e1ka<br \/>\nv p\u0159\u00edpad\u011b kondi\u010dn\u00edch hodin<\/td>\n<td style=\"width: 20.2397%;height: 95px\">V p\u0159\u00edpad\u011b kondi\u010dn\u00edch hodin u \u017e\u00e1k\u016f<\/td>\n<td style=\"width: 15.6268%;text-align: center;height: 95px\">&nbsp;<\/p>\n<p>T, B<\/td>\n<td style=\"width: 16.0624%;text-align: center;height: 95px\">&nbsp;<\/p>\n<p>200,-\/45 min.<\/td>\n<td style=\"width: 14.9017%;text-align: center;height: 95px\">&nbsp;<\/p>\n<p>200,-\/45 min.<\/td>\n<td style=\"width: 40.4506%;text-align: center;height: 95px\"><\/td>\n<\/tr>\n<\/tbody>\n<\/table>\n<p>&nbsp;<\/p>\n<p><strong>Vyu\u010duj\u00edc\u00ed p\u0159edm\u011btu Motorov\u00e1 vozidla a kondi\u010dn\u00edch j\u00edzd:<\/strong><\/p>\n<p>Petr Van\u011bk<\/p>\n<p>Ji\u0159\u00ed Vanick\u00fd<\/p>\n<p>Milan Grund<\/p>\n<p><strong>\u0158\u00edzen\u00ed motorov\u00fdch vozidel<\/strong><\/p>\n<p>\u0160kola poskytuje teoretickou v\u00fduku a praktickou p\u0159\u00edpravu sm\u011b\u0159uj\u00edc\u00ed k z\u00edsk\u00e1n\u00ed odborn\u00e9 p\u0159ipravenosti k \u0159\u00edzen\u00ed motorov\u00fdch vozidel skupin T, B a C. \u0158idi\u010dsk\u00e1 opr\u00e1vn\u011bn\u00ed jsou vyd\u00e1v\u00e1na v souladu se z\u00e1konem \u010d. 361\/2000 Sb., o provozu na pozemn\u00edch komunikac\u00edch, ve zn\u011bn\u00ed pozd\u011bj\u0161\u00edch p\u0159edpis\u016f, a nejsou automatickou sou\u010d\u00e1st\u00ed vzd\u011bl\u00e1v\u00e1n\u00ed.<\/p>\n<p>\u0158idi\u010dsk\u00e1 opr\u00e1vn\u011bn\u00ed skupin T a B mohou b\u00fdt z\u00edsk\u00e1na samostatn\u011b p\u0159i spln\u011bn\u00ed z\u00e1konn\u00fdch podm\u00ednek. \u0158idi\u010dsk\u00e9 opr\u00e1vn\u011bn\u00ed skupiny C je podm\u00edn\u011bno spln\u011bn\u00edm v\u011bkov\u00fdch a odborn\u00fdch po\u017eadavk\u016f stanoven\u00fdch pr\u00e1vn\u00edmi p\u0159edpisy, zpravidla v n\u00e1vaznosti na skupinu B.<\/p>\n<p>Z\u00edsk\u00e1n\u00ed \u0159idi\u010dsk\u00e9ho opr\u00e1vn\u011bn\u00ed je podm\u00edn\u011bno pravidelnou doch\u00e1zkou do \u0161koly, zodpov\u011bdn\u00fdm p\u0159\u00edstupem k v\u00fduce a hodnocen\u00edm prosp\u011bchu ve \u0161k\u00e1le v\u00fdborn\u00fd \u2013 chvalitebn\u00fd \u2013 dobr\u00fd v p\u0159edm\u011btu Motorov\u00e1 vozidla a Odborn\u00fd v\u00fdcvik.<\/p>\n<p>&nbsp;<\/p>\n","protected":false},"excerpt":{"rendered":"<p>\u00a0Cen\u00edk Auto\u0161koly St\u0159edn\u00ed a Z\u00e1kladn\u00ed \u0161koly Jesenice \u00a0 Platn\u00fd od 1.z\u00e1\u0159\u00ed 2023 (plat\u00ed pro \u017e\u00e1ky [&hellip;]<\/p>\n","protected":false},"author":4,"featured_media":0,"parent":0,"menu_order":0,"comment_status":"closed","ping_status":"closed","template":"","meta":{"_acf_changed":false,"inline_featured_image":false,"footnotes":""},"class_list":["post-538","page","type-page","status-publish","hentry"],"acf":[],"_links":{"self":[{"href":"https:\/\/www.skolyjesenice.cz\/ss\/wp-json\/wp\/v2\/pages\/538","targetHints":{"allow":["GET"]}}],"collection":[{"href":"https:\/\/www.skolyjesenice.cz\/ss\/wp-json\/wp\/v2\/pages"}],"about":[{"href":"https:\/\/www.skolyjesenice.cz\/ss\/wp-json\/wp\/v2\/types\/page"}],"author":[{"embeddable":true,"href":"https:\/\/www.skolyjesenice.cz\/ss\/wp-json\/wp\/v2\/users\/4"}],"replies":[{"embeddable":true,"href":"https:\/\/www.skolyjesenice.cz\/ss\/wp-json\/wp\/v2\/comments?post=538"}],"version-history":[{"count":20,"href":"https:\/\/www.skolyjesenice.cz\/ss\/wp-json\/wp\/v2\/pages\/538\/revisions"}],"predecessor-version":[{"id":2795,"href":"https:\/\/www.skolyjesenice.cz\/ss\/wp-json\/wp\/v2\/pages\/538\/revisions\/2795"}],"wp:attachment":[{"href":"https:\/\/www.skolyjesenice.cz\/ss\/wp-json\/wp\/v2\/media?parent=538"}],"curies":[{"name":"wp","href":"https:\/\/api.w.org\/{rel}","templated":true}]}}