{"id":493,"date":"2024-02-22T09:12:00","date_gmt":"2024-02-22T08:12:00","guid":{"rendered":"http:\/\/www.skolyjesenice.cz\/ss\/?page_id=493"},"modified":"2025-09-05T09:51:56","modified_gmt":"2025-09-05T07:51:56","slug":"dokumenty-ke-stazeni","status":"publish","type":"page","link":"https:\/\/www.skolyjesenice.cz\/ss\/zaci\/dokumenty-ke-stazeni\/","title":{"rendered":"Dokumenty ke sta\u017een\u00ed"},"content":{"rendered":"<section><div class=\"section-heading\" aria-label=\"Tabulka p\u0159\u00edloh Dokumenty ke sta\u017een\u00ed\">Dokumenty ke sta\u017een\u00ed<\/div><ul class=\"attatable\" aria-label=\"P\u0159\u00edlohy\" role=\"list\">\n                <li class=\"attatable__item\" aria-label=\"P\u0159\u00edloha\" role=\"listitem\">                \n\t\t    \t   \n                    <div class=\"attatable__row attatable__title\">\u017d\u00e1dost o p\u0159estup<\/div>\n                    <div class=\"attatable__row attatable__row--top\">                   \n                        <div class=\"attatable__date\">\n                        \t<div  style=\"display:flex;flex-direction: column;\">\n                                <div style=\"display:flex;flex-direction:row;align-items:center;min-width:117px;\"><img decoding=\"async\" src=\"https:\/\/www.skolyjesenice.cz\/ss\/wp-content\/themes\/zskd\/images\/calendar-check.svg\" width=\"23\" title=\"Vyv\u011b\u0161eno\" alt=\"Datum publikace: \" class=\"icon\" id=\"date-500\">22. 2. 2024<\/div>\t\t\t\t\t\t\n \t\t\t\t\t\t\t\t\n\t\t\t\t\t\t    <\/div>\n\t\t\t\t\t\t<\/div>\n                        <div class=\"attatable__author\"><img decoding=\"async\" src=\"https:\/\/www.skolyjesenice.cz\/ss\/wp-content\/themes\/zskd\/images\/person.svg\" width=\"18\" alt=\"Autor: \" class=\"icon\" id=\"author-500\"><\/div>\n                        <div class=\"attatable__type\"><img decoding=\"async\" src=\"https:\/\/www.skolyjesenice.cz\/ss\/wp-content\/themes\/zskd\/images\/info.svg\" width=\"18\" alt=\"Typ souboru: \" class=\"icon\" id=\"type-500\">pdf<\/div>\n                        <div class=\"attatable__comment-icon\"><img decoding=\"async\" src=\"https:\/\/www.skolyjesenice.cz\/ss\/wp-content\/themes\/zskd\/images\/comment.svg\" width=\"18\" style=\"position: relative; top: 4px;\" alt=\"Anotace: \" class=\"icon\" id=\"comment-500\"><\/div>\n                        <div class=\"attatable__comment\" ><\/div>\n                    <\/div>\n                    <div class=\"attatable__row attatable__row--bottom\">\n                        <div class=\"attatable__download\"><a href=\"https:\/\/www.skolyjesenice.cz\/ss\/wp-content\/uploads\/sites\/2\/2024\/02\/ZADOST-O-PRESTUP.pdf\" target=\"_blank\">ST\u00c1HNOUT<\/a><\/div>  \n                    <\/div>\n                <\/li>\n                <li class=\"attatable__item\" aria-label=\"P\u0159\u00edloha\" role=\"listitem\">                \n\t\t    \t   \n                    <div class=\"attatable__row attatable__title\">\u017d\u00e1dost o uvoln\u011bn\u00ed z tv<\/div>\n                    <div class=\"attatable__row attatable__row--top\">                   \n                        <div class=\"attatable__date\">\n                        \t<div  style=\"display:flex;flex-direction: column;\">\n                                <div style=\"display:flex;flex-direction:row;align-items:center;min-width:117px;\"><img decoding=\"async\" src=\"https:\/\/www.skolyjesenice.cz\/ss\/wp-content\/themes\/zskd\/images\/calendar-check.svg\" width=\"23\" title=\"Vyv\u011b\u0161eno\" alt=\"Datum publikace: \" class=\"icon\" id=\"date-496\">22. 2. 2024<\/div>\t\t\t\t\t\t\n \t\t\t\t\t\t\t\t\n\t\t\t\t\t\t    <\/div>\n\t\t\t\t\t\t<\/div>\n                        <div class=\"attatable__author\"><img decoding=\"async\" src=\"https:\/\/www.skolyjesenice.cz\/ss\/wp-content\/themes\/zskd\/images\/person.svg\" width=\"18\" alt=\"Autor: \" class=\"icon\" id=\"author-496\"><\/div>\n                        <div class=\"attatable__type\"><img decoding=\"async\" src=\"https:\/\/www.skolyjesenice.cz\/ss\/wp-content\/themes\/zskd\/images\/info.svg\" width=\"18\" alt=\"Typ souboru: \" class=\"icon\" id=\"type-496\">pdf<\/div>\n                        <div class=\"attatable__comment-icon\"><img decoding=\"async\" src=\"https:\/\/www.skolyjesenice.cz\/ss\/wp-content\/themes\/zskd\/images\/comment.svg\" width=\"18\" style=\"position: relative; top: 4px;\" alt=\"Anotace: \" class=\"icon\" id=\"comment-496\"><\/div>\n                        <div class=\"attatable__comment\" ><\/div>\n                    <\/div>\n                    <div class=\"attatable__row attatable__row--bottom\">\n                        <div class=\"attatable__download\"><a href=\"https:\/\/www.skolyjesenice.cz\/ss\/wp-content\/uploads\/sites\/2\/2024\/02\/ZADOST-O-UVOLNENI-Z-TV.pdf\" target=\"_blank\">ST\u00c1HNOUT<\/a><\/div>  \n                    <\/div>\n                <\/li>\n                <li class=\"attatable__item\" aria-label=\"P\u0159\u00edloha\" role=\"listitem\">                \n\t\t    \t   \n                    <div class=\"attatable__row attatable__title\">\u017d\u00e1dost o p\u0159eru\u0161en\u00ed studia<\/div>\n                    <div class=\"attatable__row attatable__row--top\">                   \n                        <div class=\"attatable__date\">\n                        \t<div  style=\"display:flex;flex-direction: column;\">\n                                <div style=\"display:flex;flex-direction:row;align-items:center;min-width:117px;\"><img decoding=\"async\" src=\"https:\/\/www.skolyjesenice.cz\/ss\/wp-content\/themes\/zskd\/images\/calendar-check.svg\" width=\"23\" title=\"Vyv\u011b\u0161eno\" alt=\"Datum publikace: \" class=\"icon\" id=\"date-497\">22. 2. 2024<\/div>\t\t\t\t\t\t\n \t\t\t\t\t\t\t\t\n\t\t\t\t\t\t    <\/div>\n\t\t\t\t\t\t<\/div>\n                        <div class=\"attatable__author\"><img decoding=\"async\" src=\"https:\/\/www.skolyjesenice.cz\/ss\/wp-content\/themes\/zskd\/images\/person.svg\" width=\"18\" alt=\"Autor: \" class=\"icon\" id=\"author-497\"><\/div>\n                        <div class=\"attatable__type\"><img decoding=\"async\" src=\"https:\/\/www.skolyjesenice.cz\/ss\/wp-content\/themes\/zskd\/images\/info.svg\" width=\"18\" alt=\"Typ souboru: \" class=\"icon\" id=\"type-497\">pdf<\/div>\n                        <div class=\"attatable__comment-icon\"><img decoding=\"async\" src=\"https:\/\/www.skolyjesenice.cz\/ss\/wp-content\/themes\/zskd\/images\/comment.svg\" width=\"18\" style=\"position: relative; top: 4px;\" alt=\"Anotace: \" class=\"icon\" id=\"comment-497\"><\/div>\n                        <div class=\"attatable__comment\" ><\/div>\n                    <\/div>\n                    <div class=\"attatable__row attatable__row--bottom\">\n                        <div class=\"attatable__download\"><a href=\"https:\/\/www.skolyjesenice.cz\/ss\/wp-content\/uploads\/sites\/2\/2024\/02\/ZADOST-O-PRERUSENI-STUDIA.pdf\" target=\"_blank\">ST\u00c1HNOUT<\/a><\/div>  \n                    <\/div>\n                <\/li>\n                <li class=\"attatable__item\" aria-label=\"P\u0159\u00edloha\" role=\"listitem\">                \n\t\t    \t   \n                    <div class=\"attatable__row attatable__title\">Ozn\u00e1men\u00ed o ukon\u010den\u00ed studia S\u0160<\/div>\n                    <div class=\"attatable__row attatable__row--top\">                   \n                        <div class=\"attatable__date\">\n                        \t<div  style=\"display:flex;flex-direction: column;\">\n                                <div style=\"display:flex;flex-direction:row;align-items:center;min-width:117px;\"><img decoding=\"async\" src=\"https:\/\/www.skolyjesenice.cz\/ss\/wp-content\/themes\/zskd\/images\/calendar-check.svg\" width=\"23\" title=\"Vyv\u011b\u0161eno\" alt=\"Datum publikace: \" class=\"icon\" id=\"date-498\">22. 2. 2024<\/div>\t\t\t\t\t\t\n \t\t\t\t\t\t\t\t\n\t\t\t\t\t\t    <\/div>\n\t\t\t\t\t\t<\/div>\n                        <div class=\"attatable__author\"><img decoding=\"async\" src=\"https:\/\/www.skolyjesenice.cz\/ss\/wp-content\/themes\/zskd\/images\/person.svg\" width=\"18\" alt=\"Autor: \" class=\"icon\" id=\"author-498\"><\/div>\n                        <div class=\"attatable__type\"><img decoding=\"async\" src=\"https:\/\/www.skolyjesenice.cz\/ss\/wp-content\/themes\/zskd\/images\/info.svg\" width=\"18\" alt=\"Typ souboru: \" class=\"icon\" id=\"type-498\">pdf<\/div>\n                        <div class=\"attatable__comment-icon\"><img decoding=\"async\" src=\"https:\/\/www.skolyjesenice.cz\/ss\/wp-content\/themes\/zskd\/images\/comment.svg\" width=\"18\" style=\"position: relative; top: 4px;\" alt=\"Anotace: \" class=\"icon\" id=\"comment-498\"><\/div>\n                        <div class=\"attatable__comment\" ><\/div>\n                    <\/div>\n                    <div class=\"attatable__row attatable__row--bottom\">\n                        <div class=\"attatable__download\"><a href=\"https:\/\/www.skolyjesenice.cz\/ss\/wp-content\/uploads\/sites\/2\/2024\/02\/OZNAMENI-O-UKONCENI-STUDIA-SS.pdf\" target=\"_blank\">ST\u00c1HNOUT<\/a><\/div>  \n                    <\/div>\n                <\/li>\n                <li class=\"attatable__item\" aria-label=\"P\u0159\u00edloha\" role=\"listitem\">                \n\t\t    \t   \n                    <div class=\"attatable__row attatable__title\">\u017d\u00e1dost o uzn\u00e1n\u00ed dosa\u017een\u00e9ho vzd\u011bl\u00e1n\u00ed<\/div>\n                    <div class=\"attatable__row attatable__row--top\">                   \n                        <div class=\"attatable__date\">\n                        \t<div  style=\"display:flex;flex-direction: column;\">\n                                <div style=\"display:flex;flex-direction:row;align-items:center;min-width:117px;\"><img decoding=\"async\" src=\"https:\/\/www.skolyjesenice.cz\/ss\/wp-content\/themes\/zskd\/images\/calendar-check.svg\" width=\"23\" title=\"Vyv\u011b\u0161eno\" alt=\"Datum publikace: \" class=\"icon\" id=\"date-499\">22. 2. 2024<\/div>\t\t\t\t\t\t\n \t\t\t\t\t\t\t\t\n\t\t\t\t\t\t    <\/div>\n\t\t\t\t\t\t<\/div>\n                        <div class=\"attatable__author\"><img decoding=\"async\" src=\"https:\/\/www.skolyjesenice.cz\/ss\/wp-content\/themes\/zskd\/images\/person.svg\" width=\"18\" alt=\"Autor: \" class=\"icon\" id=\"author-499\"><\/div>\n                        <div class=\"attatable__type\"><img decoding=\"async\" src=\"https:\/\/www.skolyjesenice.cz\/ss\/wp-content\/themes\/zskd\/images\/info.svg\" width=\"18\" alt=\"Typ souboru: \" class=\"icon\" id=\"type-499\">pdf<\/div>\n                        <div class=\"attatable__comment-icon\"><img decoding=\"async\" src=\"https:\/\/www.skolyjesenice.cz\/ss\/wp-content\/themes\/zskd\/images\/comment.svg\" width=\"18\" style=\"position: relative; top: 4px;\" alt=\"Anotace: \" class=\"icon\" id=\"comment-499\"><\/div>\n                        <div class=\"attatable__comment\" ><\/div>\n                    <\/div>\n                    <div class=\"attatable__row attatable__row--bottom\">\n                        <div class=\"attatable__download\"><a href=\"https:\/\/www.skolyjesenice.cz\/ss\/wp-content\/uploads\/sites\/2\/2024\/02\/ZADOST-O-UZNANI-DOSAZENEHO-VZDELANI.pdf\" target=\"_blank\">ST\u00c1HNOUT<\/a><\/div>  \n                    <\/div>\n                <\/li>\n                <li class=\"attatable__item\" aria-label=\"P\u0159\u00edloha\" role=\"listitem\">                \n\t\t    \t   \n                    <div class=\"attatable__row attatable__title\">\u017d\u00e1dosto o uvoln\u011bn\u00ed z prvn\u00ed, posledn\u00ed vyu\u010dovac\u00ed hodiny<\/div>\n                    <div class=\"attatable__row attatable__row--top\">                   \n                        <div class=\"attatable__date\">\n                        \t<div  style=\"display:flex;flex-direction: column;\">\n                                <div style=\"display:flex;flex-direction:row;align-items:center;min-width:117px;\"><img decoding=\"async\" src=\"https:\/\/www.skolyjesenice.cz\/ss\/wp-content\/themes\/zskd\/images\/calendar-check.svg\" width=\"23\" title=\"Vyv\u011b\u0161eno\" alt=\"Datum publikace: \" class=\"icon\" id=\"date-501\">22. 2. 2024<\/div>\t\t\t\t\t\t\n \t\t\t\t\t\t\t\t\n\t\t\t\t\t\t    <\/div>\n\t\t\t\t\t\t<\/div>\n                        <div class=\"attatable__author\"><img decoding=\"async\" src=\"https:\/\/www.skolyjesenice.cz\/ss\/wp-content\/themes\/zskd\/images\/person.svg\" width=\"18\" alt=\"Autor: \" class=\"icon\" id=\"author-501\"><\/div>\n                        <div class=\"attatable__type\"><img decoding=\"async\" src=\"https:\/\/www.skolyjesenice.cz\/ss\/wp-content\/themes\/zskd\/images\/info.svg\" width=\"18\" alt=\"Typ souboru: \" class=\"icon\" id=\"type-501\">pdf<\/div>\n                        <div class=\"attatable__comment-icon\"><img decoding=\"async\" src=\"https:\/\/www.skolyjesenice.cz\/ss\/wp-content\/themes\/zskd\/images\/comment.svg\" width=\"18\" style=\"position: relative; top: 4px;\" alt=\"Anotace: \" class=\"icon\" id=\"comment-501\"><\/div>\n                        <div class=\"attatable__comment\" ><\/div>\n                    <\/div>\n                    <div class=\"attatable__row attatable__row--bottom\">\n                        <div class=\"attatable__download\"><a href=\"https:\/\/www.skolyjesenice.cz\/ss\/wp-content\/uploads\/sites\/2\/2024\/02\/ZADOST-O-UVOLNENI-Z-PRVNI-POSLEDNI-VYUCOVACI-HODINY.pdf\" target=\"_blank\">ST\u00c1HNOUT<\/a><\/div>  \n                    <\/div>\n                <\/li><\/ul><\/section>\n","protected":false},"excerpt":{"rendered":"","protected":false},"author":1,"featured_media":0,"parent":1704,"menu_order":0,"comment_status":"closed","ping_status":"closed","template":"","meta":{"_acf_changed":false,"inline_featured_image":false,"footnotes":""},"class_list":["post-493","page","type-page","status-publish","hentry"],"acf":[],"_links":{"self":[{"href":"https:\/\/www.skolyjesenice.cz\/ss\/wp-json\/wp\/v2\/pages\/493","targetHints":{"allow":["GET"]}}],"collection":[{"href":"https:\/\/www.skolyjesenice.cz\/ss\/wp-json\/wp\/v2\/pages"}],"about":[{"href":"https:\/\/www.skolyjesenice.cz\/ss\/wp-json\/wp\/v2\/types\/page"}],"author":[{"embeddable":true,"href":"https:\/\/www.skolyjesenice.cz\/ss\/wp-json\/wp\/v2\/users\/1"}],"replies":[{"embeddable":true,"href":"https:\/\/www.skolyjesenice.cz\/ss\/wp-json\/wp\/v2\/comments?post=493"}],"version-history":[{"count":1,"href":"https:\/\/www.skolyjesenice.cz\/ss\/wp-json\/wp\/v2\/pages\/493\/revisions"}],"predecessor-version":[{"id":502,"href":"https:\/\/www.skolyjesenice.cz\/ss\/wp-json\/wp\/v2\/pages\/493\/revisions\/502"}],"up":[{"embeddable":true,"href":"https:\/\/www.skolyjesenice.cz\/ss\/wp-json\/wp\/v2\/pages\/1704"}],"wp:attachment":[{"href":"https:\/\/www.skolyjesenice.cz\/ss\/wp-json\/wp\/v2\/media?parent=493"}],"curies":[{"name":"wp","href":"https:\/\/api.w.org\/{rel}","templated":true}]}}