{"id":2949,"date":"2026-03-27T09:13:56","date_gmt":"2026-03-27T08:13:56","guid":{"rendered":"https:\/\/www.skolyjesenice.cz\/ss\/?page_id=2949"},"modified":"2026-04-16T16:30:58","modified_gmt":"2026-04-16T14:30:58","slug":"europass","status":"publish","type":"page","link":"https:\/\/www.skolyjesenice.cz\/ss\/europass\/","title":{"rendered":"EUROPASS"},"content":{"rendered":"<p><a class=\"ctaB\" href=\"http:\/\/www.skolyjesenice.cz\/ss\/wp-content\/uploads\/sites\/2\/2026\/04\/41-52-H-01-Zahradnik-denni-studium_2215_cs_2025_2026_963.pdf\" target=\"_blank\">41-52-H 01 Zahradn\u00edk (denn\u00ed studium) (.pdf)<\/a><br \/>\n<a class=\"ctaB\" href=\"http:\/\/www.skolyjesenice.cz\/ss\/wp-content\/uploads\/sites\/2\/2026\/04\/29-51-E-01-Potravinarska-vyroba-denni-studium_2451_en_2025_2026_963.pdf\" target=\"_blank\">29-51-E 01 Potravin\u00e1\u0159sk\u00e1 v\u00fdroba (denn\u00ed studium) (.pdf)<\/a><br \/>\n<a class=\"ctaB\" href=\"http:\/\/www.skolyjesenice.cz\/ss\/wp-content\/uploads\/sites\/2\/2026\/04\/29-54-H-01-Cukrar-denni-studium_1792_de_2025_2026_963.pdf\" target=\"_blank\">29-54-H 01 Cukr\u00e1\u0159 (denn\u00ed studium) (.pdf)<\/a><br \/>\n<a class=\"ctaB\" href=\"http:\/\/www.skolyjesenice.cz\/ss\/wp-content\/uploads\/sites\/2\/2026\/04\/41-51-E-01-Zemedelske-prace-denni-studium_2558_cs_2025_2026_963.pdf\" target=\"_blank\">41-51-E 01 Zem\u011bd\u011blsk\u00e9 pr\u00e1ce (denn\u00ed studium) (.pdf)<\/a><br \/>\n<a class=\"ctaB\" href=\"http:\/\/www.skolyjesenice.cz\/ss\/wp-content\/uploads\/sites\/2\/2026\/04\/41-51-H-01-Zemedelec-farmar-denni-studium_1893_cs_2025_2026_963.pdf\" target=\"_blank\">41-51-H 01 Zem\u011bd\u011blec &#8211; farm\u00e1\u0159 (denn\u00ed studium) (.pdf)<\/a><br \/>\n<a class=\"ctaB\" href=\"http:\/\/www.skolyjesenice.cz\/ss\/wp-content\/uploads\/sites\/2\/2026\/04\/41-52-E-01-Zahradnicke-prace-denni-studium_1954_cs_2025_2026_963.pdf\" target=\"_blank\">41-52-E 01 Zahradnick\u00e9 pr\u00e1ce (denn\u00ed studium) (.pdf)<\/a><br \/>\n<a class=\"ctaB\" href=\"http:\/\/www.skolyjesenice.cz\/ss\/wp-content\/uploads\/sites\/2\/2026\/04\/53-41-H-01-Osetrovatel-denni-studium_2139_cs_2025_2026_963.pdf\" target=\"_blank\">53-41-H 01 O\u0161et\u0159ovatel (denn\u00ed studium) (.pdf)<\/a><\/p>\n","protected":false},"excerpt":{"rendered":"<p>41-52-H 01 Zahradn\u00edk (denn\u00ed studium) (.pdf) 29-51-E 01 Potravin\u00e1\u0159sk\u00e1 v\u00fdroba (denn\u00ed studium) (.pdf) 29-54-H 01 [&hellip;]<\/p>\n","protected":false},"author":4,"featured_media":0,"parent":0,"menu_order":0,"comment_status":"closed","ping_status":"closed","template":"","meta":{"_acf_changed":false,"inline_featured_image":false,"footnotes":""},"class_list":["post-2949","page","type-page","status-publish","hentry"],"acf":[],"_links":{"self":[{"href":"https:\/\/www.skolyjesenice.cz\/ss\/wp-json\/wp\/v2\/pages\/2949","targetHints":{"allow":["GET"]}}],"collection":[{"href":"https:\/\/www.skolyjesenice.cz\/ss\/wp-json\/wp\/v2\/pages"}],"about":[{"href":"https:\/\/www.skolyjesenice.cz\/ss\/wp-json\/wp\/v2\/types\/page"}],"author":[{"embeddable":true,"href":"https:\/\/www.skolyjesenice.cz\/ss\/wp-json\/wp\/v2\/users\/4"}],"replies":[{"embeddable":true,"href":"https:\/\/www.skolyjesenice.cz\/ss\/wp-json\/wp\/v2\/comments?post=2949"}],"version-history":[{"count":3,"href":"https:\/\/www.skolyjesenice.cz\/ss\/wp-json\/wp\/v2\/pages\/2949\/revisions"}],"predecessor-version":[{"id":3118,"href":"https:\/\/www.skolyjesenice.cz\/ss\/wp-json\/wp\/v2\/pages\/2949\/revisions\/3118"}],"wp:attachment":[{"href":"https:\/\/www.skolyjesenice.cz\/ss\/wp-json\/wp\/v2\/media?parent=2949"}],"curies":[{"name":"wp","href":"https:\/\/api.w.org\/{rel}","templated":true}]}}