{"id":282,"date":"2024-01-05T14:11:36","date_gmt":"2024-01-05T13:11:36","guid":{"rendered":"https:\/\/www.skolyjesenice.cz\/ss\/?page_id=282"},"modified":"2026-03-17T19:58:36","modified_gmt":"2026-03-17T18:58:36","slug":"vysledky-prijimaciho-rizeni","status":"publish","type":"page","link":"https:\/\/www.skolyjesenice.cz\/ss\/uchazeci\/vysledky-prijimaciho-rizeni\/","title":{"rendered":"V\u00fdsledky p\u0159ij\u00edmac\u00edho \u0159\u00edzen\u00ed"},"content":{"rendered":"<p><span style=\"text-decoration: underline;font-size: 18pt\"><strong>V\u00fdsledky 1. kola p\u0159ij\u00edmac\u00edho \u0159\u00edzen\u00ed<\/strong><\/span><\/p>\n<p>&nbsp;<\/p>\n","protected":false},"excerpt":{"rendered":"<p>V\u00fdsledky 1. kola p\u0159ij\u00edmac\u00edho \u0159\u00edzen\u00ed &nbsp;<\/p>\n","protected":false},"author":1,"featured_media":0,"parent":1707,"menu_order":0,"comment_status":"closed","ping_status":"closed","template":"","meta":{"_acf_changed":false,"inline_featured_image":false,"footnotes":""},"class_list":["post-282","page","type-page","status-publish","hentry"],"acf":[],"_links":{"self":[{"href":"https:\/\/www.skolyjesenice.cz\/ss\/wp-json\/wp\/v2\/pages\/282","targetHints":{"allow":["GET"]}}],"collection":[{"href":"https:\/\/www.skolyjesenice.cz\/ss\/wp-json\/wp\/v2\/pages"}],"about":[{"href":"https:\/\/www.skolyjesenice.cz\/ss\/wp-json\/wp\/v2\/types\/page"}],"author":[{"embeddable":true,"href":"https:\/\/www.skolyjesenice.cz\/ss\/wp-json\/wp\/v2\/users\/1"}],"replies":[{"embeddable":true,"href":"https:\/\/www.skolyjesenice.cz\/ss\/wp-json\/wp\/v2\/comments?post=282"}],"version-history":[{"count":11,"href":"https:\/\/www.skolyjesenice.cz\/ss\/wp-json\/wp\/v2\/pages\/282\/revisions"}],"predecessor-version":[{"id":2796,"href":"https:\/\/www.skolyjesenice.cz\/ss\/wp-json\/wp\/v2\/pages\/282\/revisions\/2796"}],"up":[{"embeddable":true,"href":"https:\/\/www.skolyjesenice.cz\/ss\/wp-json\/wp\/v2\/pages\/1707"}],"wp:attachment":[{"href":"https:\/\/www.skolyjesenice.cz\/ss\/wp-json\/wp\/v2\/media?parent=282"}],"curies":[{"name":"wp","href":"https:\/\/api.w.org\/{rel}","templated":true}]}}