{"id":2732,"date":"2026-03-15T19:07:55","date_gmt":"2026-03-15T18:07:55","guid":{"rendered":"https:\/\/www.skolyjesenice.cz\/ss\/?page_id=2732"},"modified":"2026-03-15T19:15:17","modified_gmt":"2026-03-15T18:15:17","slug":"vize-skoly","status":"publish","type":"page","link":"https:\/\/www.skolyjesenice.cz\/ss\/o-skole\/vize-skoly\/","title":{"rendered":"Vize \u0161koly"},"content":{"rendered":"<p>Vize \u0161koly je sou\u010d\u00e1st\u00ed dokumentu &#8222;Koncepce rozvoje \u0161koly&#8220;.<\/p>\n<p><a class=\"ctaA\" href=\"https:\/\/www.skolyjesenice.cz\/ss\/o-skole\/skolni-poradenske-pracoviste\/koncepce-rozvoje-skoly-2022-2028_2\/\" target=\"_blank\" rel=\"noopener\"><strong>Vize \u0161koly<\/strong><\/a><\/p>\n","protected":false},"excerpt":{"rendered":"<p>Vize \u0161koly je sou\u010d\u00e1st\u00ed dokumentu &#8222;Koncepce rozvoje \u0161koly&#8220;. Vize \u0161koly<\/p>\n","protected":false},"author":4,"featured_media":0,"parent":1701,"menu_order":0,"comment_status":"closed","ping_status":"closed","template":"","meta":{"_acf_changed":false,"inline_featured_image":false,"footnotes":""},"class_list":["post-2732","page","type-page","status-publish","hentry"],"acf":[],"_links":{"self":[{"href":"https:\/\/www.skolyjesenice.cz\/ss\/wp-json\/wp\/v2\/pages\/2732","targetHints":{"allow":["GET"]}}],"collection":[{"href":"https:\/\/www.skolyjesenice.cz\/ss\/wp-json\/wp\/v2\/pages"}],"about":[{"href":"https:\/\/www.skolyjesenice.cz\/ss\/wp-json\/wp\/v2\/types\/page"}],"author":[{"embeddable":true,"href":"https:\/\/www.skolyjesenice.cz\/ss\/wp-json\/wp\/v2\/users\/4"}],"replies":[{"embeddable":true,"href":"https:\/\/www.skolyjesenice.cz\/ss\/wp-json\/wp\/v2\/comments?post=2732"}],"version-history":[{"count":3,"href":"https:\/\/www.skolyjesenice.cz\/ss\/wp-json\/wp\/v2\/pages\/2732\/revisions"}],"predecessor-version":[{"id":2738,"href":"https:\/\/www.skolyjesenice.cz\/ss\/wp-json\/wp\/v2\/pages\/2732\/revisions\/2738"}],"up":[{"embeddable":true,"href":"https:\/\/www.skolyjesenice.cz\/ss\/wp-json\/wp\/v2\/pages\/1701"}],"wp:attachment":[{"href":"https:\/\/www.skolyjesenice.cz\/ss\/wp-json\/wp\/v2\/media?parent=2732"}],"curies":[{"name":"wp","href":"https:\/\/api.w.org\/{rel}","templated":true}]}}