{"id":273,"date":"2025-01-17T14:10:25","date_gmt":"2025-01-17T13:10:25","guid":{"rendered":"https:\/\/www.skolyjesenice.cz\/ss\/?page_id=273"},"modified":"2026-01-19T11:22:28","modified_gmt":"2026-01-19T10:22:28","slug":"zaverecne-zkousky","status":"publish","type":"page","link":"https:\/\/www.skolyjesenice.cz\/ss\/zaci\/zaverecne-zkousky\/","title":{"rendered":"Z\u00e1v\u011bre\u010dn\u00e9 zkou\u0161ky"},"content":{"rendered":"<p>&nbsp;<\/p>\n<p><span style=\"font-size: 14pt\"><strong>Stanoven\u00ed term\u00edn\u016f z\u00e1v\u011bre\u010dn\u00fdch zkou\u0161ek <\/strong><strong>ve \u0161koln\u00edm roce 2025\/2026<\/strong><\/span><\/p>\n<p><strong>Term\u00edny z\u00e1v\u011bre\u010dn\u00fdch zkou\u0161ek stanovuji n\u00e1sledovn\u011b:<\/strong><\/p>\n<table style=\"width: 82.072%\">\n<tbody>\n<tr>\n<td style=\"width: 30.4774%\" width=\"245\"><strong>OBOR VZD\u011aL\u00c1N\u00cd<\/strong><\/td>\n<td style=\"width: 22.1542%\" width=\"185\"><strong>P\u00cdSEMN\u00c1 Z\u00c1V\u011aRE\u010cN\u00c1 ZKOU\u0160KA<\/strong><\/td>\n<td style=\"width: 22.8886%\" width=\"185\"><strong>PRAKTICK\u00c1 Z\u00c1V\u011aRE\u010cN\u00c1 ZKOU\u0160KA<\/strong><\/td>\n<td style=\"width: 22.8886%\" width=\"185\"><strong>\u00daSTN\u00cd Z\u00c1V\u011aRE\u010cN\u00c1 ZKOU\u0160KA<\/strong><\/td>\n<\/tr>\n<tr>\n<td style=\"width: 30.4774%\" width=\"245\"><strong>O\u0161et\u0159ovatel<\/strong><\/td>\n<td style=\"width: 22.1542%\" width=\"185\"><strong>1. \u010dervna 2026<\/strong><\/td>\n<td style=\"width: 22.8886%\" width=\"185\"><strong>2. \u010dervna 2026<\/strong><\/td>\n<td style=\"width: 22.8886%\" width=\"185\"><strong>10. \u010dervna 2026<\/strong><\/td>\n<\/tr>\n<tr>\n<td style=\"width: 30.4774%\" width=\"245\"><strong>Zahradn\u00edk<\/strong><\/td>\n<td style=\"width: 22.1542%\" width=\"185\"><strong>1. \u010dervna 2026<\/strong><\/td>\n<td style=\"width: 22.8886%\" width=\"185\"><strong>2. \u010dervna 2026<\/strong><\/td>\n<td style=\"width: 22.8886%\" width=\"185\"><strong>10. \u010dervna 2026<\/strong><\/td>\n<\/tr>\n<tr>\n<td style=\"width: 30.4774%\"><strong>Zahradnick\u00e9 pr\u00e1ce<\/strong><\/td>\n<td style=\"width: 22.1542%\" width=\"185\"><strong>1. \u010dervna 2026<\/strong><\/td>\n<td style=\"width: 22.8886%\" width=\"185\"><strong>2. \u010dervna 2026<\/strong><\/td>\n<td style=\"width: 22.8886%\" width=\"185\"><strong>10. \u010dervna 2026<\/strong><\/td>\n<\/tr>\n<tr>\n<td style=\"width: 30.4774%\" width=\"245\"><strong>Zem\u011bd\u011blec<\/strong><\/td>\n<td style=\"width: 22.1542%\" width=\"185\"><strong>1. \u010dervna 2026<\/strong><\/td>\n<td style=\"width: 22.8886%\" width=\"185\"><strong>2. \u010dervna 2026<\/strong><\/td>\n<td style=\"width: 22.8886%\" width=\"185\"><strong>11. \u010dervna 2026<\/strong><\/td>\n<\/tr>\n<tr>\n<td style=\"width: 30.4774%\" width=\"245\"><strong>Zem\u011bd\u011blsk\u00e9 pr\u00e1ce<\/strong><\/td>\n<td style=\"width: 22.1542%\" width=\"185\"><strong>1. \u010dervna 2026<\/strong><\/td>\n<td style=\"width: 22.8886%\" width=\"185\"><strong>2. \u010dervna 2026<\/strong><\/td>\n<td style=\"width: 22.8886%\" width=\"185\"><strong>11. \u010dervna 2026<\/strong><\/td>\n<\/tr>\n<tr>\n<td style=\"width: 30.4774%\" width=\"245\"><strong>Cukr\u00e1\u0159 <\/strong><\/td>\n<td style=\"width: 22.1542%\" width=\"185\"><strong>1. \u010dervna 2026<\/strong><\/td>\n<td style=\"width: 22.8886%\" width=\"185\"><strong>2.,3. \u010dervna 2026<\/strong><\/td>\n<td style=\"width: 22.8886%\" width=\"185\"><strong>11. \u010dervna 2026<\/strong><\/td>\n<\/tr>\n<tr>\n<td style=\"width: 30.4774%\" width=\"245\"><strong>Potravin\u00e1\u0159sk\u00e1 v\u00fdroba<\/strong><\/td>\n<td style=\"width: 22.1542%\" width=\"185\"><strong>1. \u010dervna 2026<\/strong><\/td>\n<td style=\"width: 22.8886%\" width=\"185\"><strong>2.,3. \u010dervna 2026<\/strong><\/td>\n<td style=\"width: 22.8886%\" width=\"185\"><strong>11. \u010dervna 2026<\/strong><\/td>\n<\/tr>\n<tr>\n<td style=\"width: 30.4774%\" width=\"245\"><strong>Praktick\u00e1 \u0161kola jednolet\u00e1<\/strong><\/td>\n<td style=\"width: 22.1542%\" width=\"185\"><strong>nevykon\u00e1vaj\u00ed<\/strong><\/td>\n<td style=\"width: 22.8886%\" width=\"185\"><strong>10. \u010dervna 2026<\/strong><\/td>\n<td style=\"width: 22.8886%\" width=\"185\"><strong>11. \u010dervna 2026<\/strong><\/td>\n<\/tr>\n<tr>\n<td style=\"width: 30.4774%\" width=\"245\"><strong>Praktick\u00e1 \u0161kola dvoulet\u00e1<\/strong><\/td>\n<td style=\"width: 22.1542%\" width=\"185\"><strong>nevykon\u00e1vaj\u00ed<\/strong><\/td>\n<td style=\"width: 22.8886%\" width=\"185\"><strong>10. \u010dervna 2026<\/strong><\/td>\n<td style=\"width: 22.8886%\" width=\"185\"><strong>11. \u010dervna 2026<\/strong><\/td>\n<\/tr>\n<\/tbody>\n<\/table>\n<p><a class=\"ctaA\" href=\"http:\/\/www.skolyjesenice.cz\/ss\/wp-content\/uploads\/sites\/2\/2025\/12\/ZAVERECNE-ZKOUSKY-terminy-2526.pdf\">Z\u00e1v\u011bre\u010dn\u00e9 zkou\u0161ky ve \u0161koln\u00ed roce 2025\/2026 &#8211; dokument ke sta\u017een\u00ed<\/a><\/p>\n<p>&nbsp;<\/p>\n<h1>Zad\u00e1n\u00ed samostatn\u00e9 odborn\u00e9 pr\u00e1ce<\/h1>\n<p><b>V souladu s jednotn\u00fdm zad\u00e1n\u00edm z\u00e1v\u011bre\u010dn\u00fdch zkou\u0161ek\u00a0 pro \u0161koln\u00ed rok 2025\/2026 stanovuji:\u00a0<\/b><\/p>\n<p><b>P\u0159edm\u011bt Technologie a Odborn\u00fd v\u00fdcvik jsou vyu\u010dovac\u00edmi p\u0159edm\u011bty, z\u00a0 jejich obsahov\u00e9ho r\u00e1mce u\u010diva bude vypracovan\u00e1 Samostatn\u00e1 odborn\u00e1 pr\u00e1ce (SOP).\u00a0<\/b><\/p>\n<ol>\n<li><b>Zad\u00e1n\u00ed SOP 26. ledna 2026<\/b><\/li>\n<li><b>Term\u00edn odevzd\u00e1n\u00ed 11. kv\u011btna 2026 (nebo pr\u016fb\u011b\u017en\u011b) <\/b>\u2219\u00a0<b>Konzultanti vyu\u010duj\u00edc\u00ed odborn\u00fdch p\u0159edm\u011bt\u016f,\u00a0<\/b><b>vyu\u010duj\u00edc\u00ed ciz\u00edch jazyk\u016f\u00a0<\/b><\/li>\n<li><b>Osoba pro p\u0159evzet\u00ed SOP Z\u0158\u0160 pro odborn\u00fd v\u00fdcvik\u00a0<\/b><\/li>\n<li><b>SOP je povinnou sou\u010d\u00e1st\u00ed vykon\u00e1n\u00ed ZZ\u00a0<\/b><\/li>\n<\/ol>\n<p><a class=\"ctaB\" href=\"http:\/\/www.skolyjesenice.cz\/ss\/wp-content\/uploads\/sites\/2\/2025\/12\/ZAVERECNE-ZKOUSKY-SOP-2526.pdf\" target=\"_blank\" rel=\"noopener\">Z\u00c1V\u011aRE\u010cN\u00c9 ZKOU\u0160KY SOP 2025\/2026 \u2013 dokument ke sta\u017een\u00ed<\/a><\/p>\n<p><strong>V Jesenici 15. prosince 2025\u00a0 \u00a0 \u00a0 \u00a0 \u00a0 \u00a0 \u00a0 \u00a0 \u00a0 \u00a0 \u00a0 \u00a0 \u00a0 \u00a0 \u00a0 \u00a0 \u00a0 \u00a0 \u00a0 \u00a0 \u00a0 \u00a0 \u00a0 \u00a0 \u00a0 \u00a0 \u00a0 \u00a0 \u00a0Mgr. Hana Vanick\u00e1, v.r.<\/strong><strong>\u00a0\u0159editelka \u0161koly<\/strong><\/p>\n","protected":false},"excerpt":{"rendered":"<p>&nbsp; Stanoven\u00ed term\u00edn\u016f z\u00e1v\u011bre\u010dn\u00fdch zkou\u0161ek ve \u0161koln\u00edm roce 2025\/2026 Term\u00edny z\u00e1v\u011bre\u010dn\u00fdch zkou\u0161ek stanovuji n\u00e1sledovn\u011b: OBOR [&hellip;]<\/p>\n","protected":false},"author":1,"featured_media":0,"parent":1704,"menu_order":0,"comment_status":"closed","ping_status":"closed","template":"","meta":{"_acf_changed":false,"inline_featured_image":false,"footnotes":""},"class_list":["post-273","page","type-page","status-publish","hentry"],"acf":[],"_links":{"self":[{"href":"https:\/\/www.skolyjesenice.cz\/ss\/wp-json\/wp\/v2\/pages\/273","targetHints":{"allow":["GET"]}}],"collection":[{"href":"https:\/\/www.skolyjesenice.cz\/ss\/wp-json\/wp\/v2\/pages"}],"about":[{"href":"https:\/\/www.skolyjesenice.cz\/ss\/wp-json\/wp\/v2\/types\/page"}],"author":[{"embeddable":true,"href":"https:\/\/www.skolyjesenice.cz\/ss\/wp-json\/wp\/v2\/users\/1"}],"replies":[{"embeddable":true,"href":"https:\/\/www.skolyjesenice.cz\/ss\/wp-json\/wp\/v2\/comments?post=273"}],"version-history":[{"count":25,"href":"https:\/\/www.skolyjesenice.cz\/ss\/wp-json\/wp\/v2\/pages\/273\/revisions"}],"predecessor-version":[{"id":2624,"href":"https:\/\/www.skolyjesenice.cz\/ss\/wp-json\/wp\/v2\/pages\/273\/revisions\/2624"}],"up":[{"embeddable":true,"href":"https:\/\/www.skolyjesenice.cz\/ss\/wp-json\/wp\/v2\/pages\/1704"}],"wp:attachment":[{"href":"https:\/\/www.skolyjesenice.cz\/ss\/wp-json\/wp\/v2\/media?parent=273"}],"curies":[{"name":"wp","href":"https:\/\/api.w.org\/{rel}","templated":true}]}}