{"id":260,"date":"2024-01-05T14:07:06","date_gmt":"2024-01-05T13:07:06","guid":{"rendered":"https:\/\/www.skolyjesenice.cz\/ss\/?page_id=260"},"modified":"2025-09-26T13:07:53","modified_gmt":"2025-09-26T11:07:53","slug":"dokumenty-skoly","status":"publish","type":"page","link":"https:\/\/www.skolyjesenice.cz\/ss\/o-skole\/dokumenty-skoly\/","title":{"rendered":"Dokumenty \u0161koly a formul\u00e1\u0159e"},"content":{"rendered":"<section><div class=\"section-heading\" aria-label=\"Tabulka p\u0159\u00edloh Formul\u00e1\u0159e a \u017e\u00e1dosti\">Formul\u00e1\u0159e a \u017e\u00e1dosti<\/div><ul class=\"attatable\" aria-label=\"P\u0159\u00edlohy\" role=\"list\">\n                <li class=\"attatable__item\" aria-label=\"P\u0159\u00edloha\" role=\"listitem\">                \n\t\t    \t   \n                    <div class=\"attatable__row attatable__title\">\u0160koln\u00ed \u0159\u00e1d St\u0159edn\u00ed \u0161koly<\/div>\n                    <div class=\"attatable__row attatable__row--top\">                   \n                        <div class=\"attatable__date\">\n                        \t<div  style=\"display:flex;flex-direction: column;\">\n                                <div style=\"display:flex;flex-direction:row;align-items:center;min-width:117px;\"><img decoding=\"async\" src=\"https:\/\/www.skolyjesenice.cz\/ss\/wp-content\/themes\/zskd\/images\/calendar-check.svg\" width=\"23\" title=\"Vyv\u011b\u0161eno\" alt=\"Datum publikace: \" class=\"icon\" id=\"date-2743\">17. 3. 2026<\/div>\t\t\t\t\t\t\n \t\t\t\t\t\t\t\t\n\t\t\t\t\t\t    <\/div>\n\t\t\t\t\t\t<\/div>\n                        <div class=\"attatable__author\"><img decoding=\"async\" src=\"https:\/\/www.skolyjesenice.cz\/ss\/wp-content\/themes\/zskd\/images\/person.svg\" width=\"18\" alt=\"Autor: \" class=\"icon\" id=\"author-2743\">Bu\u0148kov\u00e1<\/div>\n                        <div class=\"attatable__type\"><img decoding=\"async\" src=\"https:\/\/www.skolyjesenice.cz\/ss\/wp-content\/themes\/zskd\/images\/info.svg\" width=\"18\" alt=\"Typ souboru: \" class=\"icon\" id=\"type-2743\">pdf<\/div>\n                        <div class=\"attatable__comment-icon\"><img decoding=\"async\" src=\"https:\/\/www.skolyjesenice.cz\/ss\/wp-content\/themes\/zskd\/images\/comment.svg\" width=\"18\" style=\"position: relative; top: 4px;\" alt=\"Anotace: \" class=\"icon\" id=\"comment-2743\"><\/div>\n                        <div class=\"attatable__comment\" ><\/div>\n                    <\/div>\n                    <div class=\"attatable__row attatable__row--bottom\">\n                        <div class=\"attatable__download\"><a href=\"https:\/\/www.skolyjesenice.cz\/ss\/wp-content\/uploads\/sites\/2\/2026\/03\/6.-SKOLNI-RAD-STREDNI-SKOLA-ZATECKA-leden-2026.pdf\" target=\"_blank\">ST\u00c1HNOUT<\/a><\/div>  \n                    <\/div>\n                <\/li>\n                <li class=\"attatable__item\" aria-label=\"P\u0159\u00edloha\" role=\"listitem\">                \n\t\t    \t   \n                    <div class=\"attatable__row attatable__title\">\u017d\u00e1dost o uvoln\u011bn\u00ed z vyu\u010dov\u00e1n\u00ed<\/div>\n                    <div class=\"attatable__row attatable__row--top\">                   \n                        <div class=\"attatable__date\">\n                        \t<div  style=\"display:flex;flex-direction: column;\">\n                                <div style=\"display:flex;flex-direction:row;align-items:center;min-width:117px;\"><img decoding=\"async\" src=\"https:\/\/www.skolyjesenice.cz\/ss\/wp-content\/themes\/zskd\/images\/calendar-check.svg\" width=\"23\" title=\"Vyv\u011b\u0161eno\" alt=\"Datum publikace: \" class=\"icon\" id=\"date-823\">14. 10. 2024<\/div>\t\t\t\t\t\t\n \t\t\t\t\t\t\t\t\n\t\t\t\t\t\t    <\/div>\n\t\t\t\t\t\t<\/div>\n                        <div class=\"attatable__author\"><img decoding=\"async\" src=\"https:\/\/www.skolyjesenice.cz\/ss\/wp-content\/themes\/zskd\/images\/person.svg\" width=\"18\" alt=\"Autor: \" class=\"icon\" id=\"author-823\"><\/div>\n                        <div class=\"attatable__type\"><img decoding=\"async\" src=\"https:\/\/www.skolyjesenice.cz\/ss\/wp-content\/themes\/zskd\/images\/info.svg\" width=\"18\" alt=\"Typ souboru: \" class=\"icon\" id=\"type-823\">docx<\/div>\n                        <div class=\"attatable__comment-icon\"><img decoding=\"async\" src=\"https:\/\/www.skolyjesenice.cz\/ss\/wp-content\/themes\/zskd\/images\/comment.svg\" width=\"18\" style=\"position: relative; top: 4px;\" alt=\"Anotace: \" class=\"icon\" id=\"comment-823\"><\/div>\n                        <div class=\"attatable__comment\" >Formul\u00e1\u0159 ke sta\u017een\u00ed<\/div>\n                    <\/div>\n                    <div class=\"attatable__row attatable__row--bottom\">\n                        <div class=\"attatable__download\"><a href=\"https:\/\/www.skolyjesenice.cz\/ss\/wp-content\/uploads\/sites\/2\/2024\/10\/Zadost-o-uvolneni-z-vyucovani.docx\" target=\"_blank\">ST\u00c1HNOUT<\/a><\/div>  \n                    <\/div>\n                <\/li>\n                <li class=\"attatable__item\" aria-label=\"P\u0159\u00edloha\" role=\"listitem\">                \n\t\t    \t   \n                    <div class=\"attatable__row attatable__title\">\u017d\u00e1dost o opakov\u00e1n\u00ed ro\u010dn\u00edku<\/div>\n                    <div class=\"attatable__row attatable__row--top\">                   \n                        <div class=\"attatable__date\">\n                        \t<div  style=\"display:flex;flex-direction: column;\">\n                                <div style=\"display:flex;flex-direction:row;align-items:center;min-width:117px;\"><img decoding=\"async\" src=\"https:\/\/www.skolyjesenice.cz\/ss\/wp-content\/themes\/zskd\/images\/calendar-check.svg\" width=\"23\" title=\"Vyv\u011b\u0161eno\" alt=\"Datum publikace: \" class=\"icon\" id=\"date-824\">14. 10. 2024<\/div>\t\t\t\t\t\t\n \t\t\t\t\t\t\t\t\n\t\t\t\t\t\t    <\/div>\n\t\t\t\t\t\t<\/div>\n                        <div class=\"attatable__author\"><img decoding=\"async\" src=\"https:\/\/www.skolyjesenice.cz\/ss\/wp-content\/themes\/zskd\/images\/person.svg\" width=\"18\" alt=\"Autor: \" class=\"icon\" id=\"author-824\"><\/div>\n                        <div class=\"attatable__type\"><img decoding=\"async\" src=\"https:\/\/www.skolyjesenice.cz\/ss\/wp-content\/themes\/zskd\/images\/info.svg\" width=\"18\" alt=\"Typ souboru: \" class=\"icon\" id=\"type-824\">doc<\/div>\n                        <div class=\"attatable__comment-icon\"><img decoding=\"async\" src=\"https:\/\/www.skolyjesenice.cz\/ss\/wp-content\/themes\/zskd\/images\/comment.svg\" width=\"18\" style=\"position: relative; top: 4px;\" alt=\"Anotace: \" class=\"icon\" id=\"comment-824\"><\/div>\n                        <div class=\"attatable__comment\" >Formul\u00e1\u0159 ke sta\u017een\u00ed<\/div>\n                    <\/div>\n                    <div class=\"attatable__row attatable__row--bottom\">\n                        <div class=\"attatable__download\"><a href=\"https:\/\/www.skolyjesenice.cz\/ss\/wp-content\/uploads\/sites\/2\/2024\/10\/Zadost-o-opakovani-rocniku.doc\" target=\"_blank\">ST\u00c1HNOUT<\/a><\/div>  \n                    <\/div>\n                <\/li>\n                <li class=\"attatable__item\" aria-label=\"P\u0159\u00edloha\" role=\"listitem\">                \n\t\t    \t   \n                    <div class=\"attatable__row attatable__title\">\u017d\u00e1dost o hodnocen\u00ed v n\u00e1hradn\u00edm term\u00ednu<\/div>\n                    <div class=\"attatable__row attatable__row--top\">                   \n                        <div class=\"attatable__date\">\n                        \t<div  style=\"display:flex;flex-direction: column;\">\n                                <div style=\"display:flex;flex-direction:row;align-items:center;min-width:117px;\"><img decoding=\"async\" src=\"https:\/\/www.skolyjesenice.cz\/ss\/wp-content\/themes\/zskd\/images\/calendar-check.svg\" width=\"23\" title=\"Vyv\u011b\u0161eno\" alt=\"Datum publikace: \" class=\"icon\" id=\"date-825\">14. 10. 2024<\/div>\t\t\t\t\t\t\n \t\t\t\t\t\t\t\t\n\t\t\t\t\t\t    <\/div>\n\t\t\t\t\t\t<\/div>\n                        <div class=\"attatable__author\"><img decoding=\"async\" src=\"https:\/\/www.skolyjesenice.cz\/ss\/wp-content\/themes\/zskd\/images\/person.svg\" width=\"18\" alt=\"Autor: \" class=\"icon\" id=\"author-825\"><\/div>\n                        <div class=\"attatable__type\"><img decoding=\"async\" src=\"https:\/\/www.skolyjesenice.cz\/ss\/wp-content\/themes\/zskd\/images\/info.svg\" width=\"18\" alt=\"Typ souboru: \" class=\"icon\" id=\"type-825\">doc<\/div>\n                        <div class=\"attatable__comment-icon\"><img decoding=\"async\" src=\"https:\/\/www.skolyjesenice.cz\/ss\/wp-content\/themes\/zskd\/images\/comment.svg\" width=\"18\" style=\"position: relative; top: 4px;\" alt=\"Anotace: \" class=\"icon\" id=\"comment-825\"><\/div>\n                        <div class=\"attatable__comment\" >Formul\u00e1\u0159 ke sta\u017een\u00ed<\/div>\n                    <\/div>\n                    <div class=\"attatable__row attatable__row--bottom\">\n                        <div class=\"attatable__download\"><a href=\"https:\/\/www.skolyjesenice.cz\/ss\/wp-content\/uploads\/sites\/2\/2024\/10\/Zadost-o-hodnoceni-v-nahradnim-terminu.doc\" target=\"_blank\">ST\u00c1HNOUT<\/a><\/div>  \n                    <\/div>\n                <\/li>\n                <li class=\"attatable__item\" aria-label=\"P\u0159\u00edloha\" role=\"listitem\">                \n\t\t    \t   \n                    <div class=\"attatable__row attatable__title\">L\u00e9ka\u0159sk\u00fd posudek<\/div>\n                    <div class=\"attatable__row attatable__row--top\">                   \n                        <div class=\"attatable__date\">\n                        \t<div  style=\"display:flex;flex-direction: column;\">\n                                <div style=\"display:flex;flex-direction:row;align-items:center;min-width:117px;\"><img decoding=\"async\" src=\"https:\/\/www.skolyjesenice.cz\/ss\/wp-content\/themes\/zskd\/images\/calendar-check.svg\" width=\"23\" title=\"Vyv\u011b\u0161eno\" alt=\"Datum publikace: \" class=\"icon\" id=\"date-997\">20. 1. 2025<\/div>\t\t\t\t\t\t\n \t\t\t\t\t\t\t\t\n\t\t\t\t\t\t    <\/div>\n\t\t\t\t\t\t<\/div>\n                        <div class=\"attatable__author\"><img decoding=\"async\" src=\"https:\/\/www.skolyjesenice.cz\/ss\/wp-content\/themes\/zskd\/images\/person.svg\" width=\"18\" alt=\"Autor: \" class=\"icon\" id=\"author-997\"><\/div>\n                        <div class=\"attatable__type\"><img decoding=\"async\" src=\"https:\/\/www.skolyjesenice.cz\/ss\/wp-content\/themes\/zskd\/images\/info.svg\" width=\"18\" alt=\"Typ souboru: \" class=\"icon\" id=\"type-997\">pdf<\/div>\n                        <div class=\"attatable__comment-icon\"><img decoding=\"async\" src=\"https:\/\/www.skolyjesenice.cz\/ss\/wp-content\/themes\/zskd\/images\/comment.svg\" width=\"18\" style=\"position: relative; top: 4px;\" alt=\"Anotace: \" class=\"icon\" id=\"comment-997\"><\/div>\n                        <div class=\"attatable__comment\" >L\u00e9ka\u0159sk\u00fd posudek o zdravotn\u00ed zp\u016fsobilosti ke vzd\u011bl\u00e1v\u00e1n\u00ed<\/div>\n                    <\/div>\n                    <div class=\"attatable__row attatable__row--bottom\">\n                        <div class=\"attatable__download\"><a href=\"https:\/\/www.skolyjesenice.cz\/ss\/wp-content\/uploads\/sites\/2\/2024\/10\/Lekarsky-posudek-o-zdravotni-zpusobilosti-zaka.pdf\" target=\"_blank\">ST\u00c1HNOUT<\/a><\/div>  \n                    <\/div>\n                <\/li><\/ul><\/section>\n","protected":false},"excerpt":{"rendered":"","protected":false},"author":1,"featured_media":0,"parent":1701,"menu_order":0,"comment_status":"closed","ping_status":"closed","template":"","meta":{"_acf_changed":false,"inline_featured_image":false,"footnotes":""},"class_list":["post-260","page","type-page","status-publish","hentry"],"acf":[],"_links":{"self":[{"href":"https:\/\/www.skolyjesenice.cz\/ss\/wp-json\/wp\/v2\/pages\/260","targetHints":{"allow":["GET"]}}],"collection":[{"href":"https:\/\/www.skolyjesenice.cz\/ss\/wp-json\/wp\/v2\/pages"}],"about":[{"href":"https:\/\/www.skolyjesenice.cz\/ss\/wp-json\/wp\/v2\/types\/page"}],"author":[{"embeddable":true,"href":"https:\/\/www.skolyjesenice.cz\/ss\/wp-json\/wp\/v2\/users\/1"}],"replies":[{"embeddable":true,"href":"https:\/\/www.skolyjesenice.cz\/ss\/wp-json\/wp\/v2\/comments?post=260"}],"version-history":[{"count":6,"href":"https:\/\/www.skolyjesenice.cz\/ss\/wp-json\/wp\/v2\/pages\/260\/revisions"}],"predecessor-version":[{"id":1817,"href":"https:\/\/www.skolyjesenice.cz\/ss\/wp-json\/wp\/v2\/pages\/260\/revisions\/1817"}],"up":[{"embeddable":true,"href":"https:\/\/www.skolyjesenice.cz\/ss\/wp-json\/wp\/v2\/pages\/1701"}],"wp:attachment":[{"href":"https:\/\/www.skolyjesenice.cz\/ss\/wp-json\/wp\/v2\/media?parent=260"}],"curies":[{"name":"wp","href":"https:\/\/api.w.org\/{rel}","templated":true}]}}