{"id":258,"date":"2024-01-05T14:06:58","date_gmt":"2024-01-05T13:06:58","guid":{"rendered":"https:\/\/www.skolyjesenice.cz\/ss\/?page_id=258"},"modified":"2026-03-17T09:39:45","modified_gmt":"2026-03-17T08:39:45","slug":"skolni-poradenske-pracoviste","status":"publish","type":"page","link":"https:\/\/www.skolyjesenice.cz\/ss\/o-skole\/skolni-poradenske-pracoviste\/","title":{"rendered":"\u0160koln\u00ed poradensk\u00e9 pracovi\u0161t\u011b"},"content":{"rendered":"<p><strong>\u0160koln\u00ed poradensk\u00e9 pracovi\u0161t\u011b a jeho \u010dinnost:<\/strong><\/p>\n<p>Poskytov\u00e1n\u00ed poradensk\u00fdch slu\u017eeb zabezpe\u010duje v\u00fdchovn\u00e1 poradkyn\u011b, \u0161koln\u00ed metodi\u010dky<br \/>\na metodik prevence, kari\u00e9rn\u00ed poradkyn\u011b. Spolupracuj\u00ed s t\u0159\u00eddn\u00edmi u\u010diteli a dal\u0161\u00edmi pedagogick\u00fdmi pracovn\u00edky \u0161koly zejm\u00e9na na \u00faseku st\u0159edn\u00ed \u0161koly, z\u00e1kladn\u00ed \u0161koly, intern\u00e1tu, domova ml\u00e1de\u017ee, dru\u017einy. \u010cinnost je prov\u00e1z\u00e1na spoluprac\u00ed se z\u00e1konn\u00fdmi z\u00e1stupci, \u017e\u00e1ky a s dal\u0161\u00edmi subjekty.<\/p>\n<p><strong>Ve \u0161kole jsou zaji\u0161\u0165ov\u00e1ny poradensk\u00e9 slu\u017eby odpov\u00eddaj\u00edc\u00ed pot\u0159eb\u00e1m \u017e\u00e1k\u016f a jsou zam\u011b\u0159en\u00e9 zejm\u00e9na na:<\/strong><\/p>\n<ul>\n<li>poskytov\u00e1n\u00ed podp\u016frn\u00fdch opat\u0159en\u00ed pro \u017e\u00e1ky se speci\u00e1ln\u00edmi vzd\u011bl\u00e1vac\u00edmi pot\u0159ebami,<\/li>\n<li>poskytov\u00e1n\u00ed podp\u016frn\u00fdch opat\u0159en\u00ed pro \u017e\u00e1ky se zdravotn\u00edm posti\u017een\u00edm,<\/li>\n<li>sledov\u00e1n\u00ed a vyhodnocov\u00e1n\u00ed \u00fa\u010dinnosti zvolen\u00fdch podp\u016frn\u00fdch opat\u0159en\u00ed,<\/li>\n<li>prevenci \u0161koln\u00ed ne\u00fasp\u011b\u0161nosti,<\/li>\n<li>kari\u00e9rov\u00e9 poradenstv\u00ed spojuj\u00edc\u00ed vzd\u011bl\u00e1vac\u00ed, informa\u010dn\u00ed a poradenskou podporu k vhodn\u00e9 volb\u011b vzd\u011bl\u00e1vac\u00ed cesty a pozd\u011bj\u0161\u00edmu profesn\u00edmu uplatn\u011bn\u00ed,<\/li>\n<li>podporu vzd\u011bl\u00e1v\u00e1n\u00ed a soci\u00e1ln\u00edho za\u010dle\u0148ov\u00e1n\u00ed \u017e\u00e1k\u016f z odli\u0161n\u00e9ho kulturn\u00edho prost\u0159ed\u00ed a s odli\u0161n\u00fdmi \u017eivotn\u00edmi podm\u00ednkami,<\/li>\n<li>pr\u016fb\u011b\u017enou a dlouhodobou p\u00e9\u010di o \u017e\u00e1ky s v\u00fdchovn\u00fdmi \u010di vzd\u011bl\u00e1vac\u00edmi obt\u00ed\u017eemi a vytv\u00e1\u0159en\u00ed p\u0159\u00edzniv\u00e9ho soci\u00e1ln\u00edho klimatu pro p\u0159ij\u00edm\u00e1n\u00ed kulturn\u00edch a jin\u00fdch odli\u0161nost\u00ed ve \u0161kole a \u0161kolsk\u00e9m za\u0159\u00edzen\u00ed,<\/li>\n<li>v\u010dasnou intervenci p\u0159i aktu\u00e1ln\u00edch probl\u00e9mech u jednotliv\u00fdch \u017e\u00e1k\u016f a t\u0159\u00eddn\u00edch kolektiv\u016f,<\/li>\n<li>p\u0159edch\u00e1zen\u00ed v\u0161em form\u00e1m rizikov\u00e9ho chov\u00e1n\u00ed v\u010detn\u011b r\u016fzn\u00fdch forem \u0161ikany a diskriminace,<\/li>\n<li>pr\u016fb\u011b\u017en\u00e9 vyhodnocov\u00e1n\u00ed \u00fa\u010dinnosti preventivn\u00edch program\u016f uskute\u010d\u0148ovan\u00fdch \u0161kolou,<\/li>\n<li>metodickou podporu u\u010ditel\u016fm p\u0159i pou\u017eit\u00ed speci\u00e1ln\u011b pedagogick\u00fdch postup\u016f ve vzd\u011bl\u00e1vac\u00ed \u010dinnosti \u0161koly,<\/li>\n<li>spolupr\u00e1ci a komunikaci mezi \u0161kolou a z\u00e1konn\u00fdmi z\u00e1stupci,<\/li>\n<li>spolupr\u00e1ci \u0161koly p\u0159i poskytov\u00e1n\u00ed poradensk\u00fdch slu\u017eeb se \u0161kolsk\u00fdmi poradensk\u00fdmi za\u0159\u00edzen\u00edmi.<\/li>\n<li>podporu vzd\u011bl\u00e1v\u00e1n\u00ed \u017e\u00e1k\u016f nadan\u00fdch a mimo\u0159\u00e1dn\u011b nadan\u00fdch,<\/li>\n<li>podporu a rozvoj odolnosti \u017e\u00e1k\u016f.<\/li>\n<\/ul>\n<h3><strong>Kontakty a pracovn\u00ed \u010dinnosti:<\/strong><\/h3>\n<div class=\"su-row\">\n<div class=\"su-column su-column-size-1-2\">\n<div class=\"su-column-inner su-u-clearfix su-u-trim\">\n<h4><span style=\"font-size: 14pt\">Mgr. Mark\u00e9ta Uhrov\u00e1 \u2013 v\u00fdchovn\u00e1 poradkyn\u011b<\/span><\/h4>\n<p><strong>mail:<\/strong>\u00a0marketa.uhrova@zmapjesenice.cz<\/p>\n<p><strong>tel. kontakt:<\/strong>\u00a0317 471 324<\/p>\n<\/div>\n<\/div>\n<\/div>\n<p><strong>Konzulta\u010dn\u00ed hodiny:<\/strong><\/p>\n<p>Pond\u011bl\u00ed 8.00 &#8211; 10.00<br \/>\nP\u00e1tek 12.00 &#8211; 14.00<\/p>\n<p><strong>Po telefonick\u00e9 domluv\u011b je mo\u017en\u00fd individu\u00e1ln\u00ed term\u00edn.<\/strong><\/p>\n<h4><strong>hlavn\u00ed \u010dinnosti:<\/strong><\/h4>\n<ul>\n<li>poradensk\u00e1 pomoc<\/li>\n<li>kari\u00e9rov\u00e9 poradenstv\u00ed<\/li>\n<li>p\u0159\u00edprava podm\u00ednek pro vzd\u011bl\u00e1v\u00e1n\u00ed<\/li>\n<li>koordinace v\u00fdchovn\u00fdch opat\u0159en\u00ed<\/li>\n<li>metodick\u00e1 pomoc pedagog\u016fm \u0161koly<\/li>\n<li>shroma\u017e\u010fov\u00e1n\u00ed odborn\u00fdch zpr\u00e1v o \u017e\u00e1c\u00edch v souladu se z\u00e1konem<\/li>\n<li>veden\u00ed p\u00edsemn\u00fdch z\u00e1znam\u016f o \u010dinnosti<\/li>\n<\/ul>\n<p>&nbsp;<\/p>\n<h4><span style=\"font-size: 14pt\">Mgr. Hana Bezstarostov\u00e1 \u2013 \u0161koln\u00ed metodi\u010dka prevence pro S\u0160<\/span><\/h4>\n<p><strong>mail:<\/strong> hana.bezstarostova@issjesenice.cz<\/p>\n<p><strong>konzulta\u010dn\u00ed hodiny:<\/strong>\u00a0dle pot\u0159eby<\/p>\n<p><strong>tel. kontakt:<\/strong> 313 599 325<\/p>\n<h4><strong>hlavn\u00ed \u010dinnosti:<\/strong><\/h4>\n<ul>\n<li>tvorba a realizace minim\u00e1ln\u00edho preventivn\u00edho programu<\/li>\n<li>sledov\u00e1n\u00ed rizika projev\u016f soc. patologick\u00fdch jev\u016f<\/li>\n<li>realizace aktivit zam\u011b\u0159en\u00fdch na prevenci z\u00e1\u0161kol\u00e1ctv\u00ed, z\u00e1vislost\u00ed, agresivity a dal\u0161\u00edch patologick\u00fdch jev\u016f<\/li>\n<li>koordinace spolupr\u00e1ce s polici\u00ed, krizov\u00fdmi centry a dal\u0161\u00edmi odborn\u00edky<\/li>\n<li>poskytov\u00e1n\u00ed metodick\u00fdch materi\u00e1l\u016f<\/li>\n<li>krizov\u00e1 intervence<\/li>\n<li>spolupr\u00e1ce s rodinou<\/li>\n<\/ul>\n<h4><\/h4>\n<h4><span style=\"font-size: 14pt\">Mgr.\u00a0 \u0160imon Zoubek\u2013 \u0161koln\u00ed metodik prevence\u00a0<\/span><\/h4>\n<p><strong>mail:<\/strong> simon.zoubek@zmapjesenice.cz<\/p>\n<p><strong>konzulta\u010dn\u00ed hodiny:<\/strong>\u00a0dle pot\u0159eby<\/p>\n<p><strong>tel. kontakt:<\/strong> 313 599 324<\/p>\n<h4><strong>hlavn\u00ed \u010dinnosti:<\/strong><\/h4>\n<ul>\n<li>tvorba a realizace minim\u00e1ln\u00edho preventivn\u00edho programu<\/li>\n<li>sledov\u00e1n\u00ed rizika projev\u016f soc. patologick\u00fdch jev\u016f<\/li>\n<li>realizace aktivit zam\u011b\u0159en\u00fdch na prevenci z\u00e1\u0161kol\u00e1ctv\u00ed, z\u00e1vislost\u00ed, agresivity a dal\u0161\u00edch patologick\u00fdch jev\u016f<\/li>\n<li>koordinace spolupr\u00e1ce s polici\u00ed, krizov\u00fdmi centry a dal\u0161\u00edmi odborn\u00edky<\/li>\n<li>poskytov\u00e1n\u00ed metodick\u00fdch materi\u00e1l\u016f<\/li>\n<li>krizov\u00e1 intervence<\/li>\n<li>spolupr\u00e1ce s rodinou<\/li>\n<\/ul>\n<p>&nbsp;<\/p>\n<p><span style=\"font-size: 14pt;color: #008000\"><strong>Mgr. Martina Tre\u0161lov\u00e1 &#8211; kari\u00e9rn\u00ed poradkyn\u011b<\/strong><\/span><\/p>\n<p><strong>mail:<\/strong> martina.treslova@issjesenice.cz<\/p>\n<p><strong>konzulta\u010dn\u00ed hodiny:<\/strong>\u00a0dle pot\u0159eby<\/p>\n<p><strong>tel. kontakt:<\/strong> 313 599 325<\/p>\n<h4><strong>hlavn\u00ed \u010dinnost:<\/strong><\/h4>\n<ul class=\"has-medium-font-size wp-block-list\">\n<li><span style=\"font-size: 12pt\">pomoc p\u0159i hled\u00e1n\u00ed zam\u011bstn\u00e1n\u00ed, brig\u00e1d, pr\u00e1ce v zahrani\u010d\u00ed,<\/span><\/li>\n<li><span style=\"font-size: 12pt\">p\u0159i psan\u00ed \u017eivotopis\u016f a motiva\u010dn\u00edch dopis\u016f,<\/span><\/li>\n<li><span style=\"font-size: 12pt\">p\u0159i pod\u00e1v\u00e1n\u00ed a vypl\u0148ov\u00e1n\u00ed p\u0159ihl\u00e1\u0161ek na dal\u0161\u00ed \u0161koly<\/span><\/li>\n<li><span style=\"font-size: 12pt\">p\u0159i v\u00fdb\u011bru povol\u00e1n\u00ed nebo dal\u0161\u00edho studia, roz\u0161\u00ed\u0159en\u00ed kvalifikace<\/span><\/li>\n<\/ul>\n<p>&nbsp;<\/p>\n<p><strong><u>Dokumenty pracovi\u0161t\u011b:<\/u><\/strong><\/p>\n<p><strong><a class=\"ctaA\" href=\"https:\/\/www.skolyjesenice.cz\/ss\/o-skole\/skolni-poradenske-pracoviste\/program-poradenskych-sluzeb-1-26\/\" target=\"_blank\" rel=\"noopener\">Program poradensk\u00fdch slu\u017eeb<\/a><\/strong><\/p>\n<p><a class=\"ctaA\" href=\"https:\/\/www.skolyjesenice.cz\/ss\/o-skole\/skolni-poradenske-pracoviste\/skolni-preventivni-strategie-aktualizace-2026\/\" target=\"_blank\" rel=\"noopener\"><strong>\u0160koln\u00ed preventivn\u00ed strategie<\/strong><\/a><\/p>\n<p><a class=\"ctaA\" href=\"https:\/\/www.skolyjesenice.cz\/ss\/o-skole\/skolni-poradenske-pracoviste\/prevence-sikany-aktualizace-2026-oprava\/\" target=\"_blank\" rel=\"noopener\"><strong>Prevence \u0161ikany<\/strong><\/a><\/p>\n<p><a class=\"ctaA\" href=\"https:\/\/www.skolyjesenice.cz\/ss\/o-skole\/skolni-poradenske-pracoviste\/program-prevence-rizikoveho-chovani-ss-2025-26\/\" target=\"_blank\" rel=\"noopener\"><strong>Minim\u00e1ln\u00ed preventivn\u00ed program<\/strong><\/a><\/p>\n<p><a class=\"ctaA\" href=\"https:\/\/www.skolyjesenice.cz\/ss\/o-skole\/skolni-poradenske-pracoviste\/strategie-predchazeni-skolni-neuspesnosti\/\" target=\"_blank\" rel=\"noopener\"><strong>Strategie p\u0159edch\u00e1zen\u00ed \u0161koln\u00ed ne\u00fasp\u011b\u0161nosti<\/strong><\/a><\/p>\n<p><strong>Krizov\u00fd pl\u00e1n &#8211; neve\u0159ejn\u00fd materi\u00e1l<\/strong><\/p>\n","protected":false},"excerpt":{"rendered":"<p>\u0160koln\u00ed poradensk\u00e9 pracovi\u0161t\u011b a jeho \u010dinnost: Poskytov\u00e1n\u00ed poradensk\u00fdch slu\u017eeb zabezpe\u010duje v\u00fdchovn\u00e1 poradkyn\u011b, \u0161koln\u00ed metodi\u010dky a [&hellip;]<\/p>\n","protected":false},"author":1,"featured_media":0,"parent":1701,"menu_order":0,"comment_status":"closed","ping_status":"closed","template":"","meta":{"_acf_changed":false,"inline_featured_image":false,"footnotes":""},"class_list":["post-258","page","type-page","status-publish","hentry"],"acf":[],"_links":{"self":[{"href":"https:\/\/www.skolyjesenice.cz\/ss\/wp-json\/wp\/v2\/pages\/258","targetHints":{"allow":["GET"]}}],"collection":[{"href":"https:\/\/www.skolyjesenice.cz\/ss\/wp-json\/wp\/v2\/pages"}],"about":[{"href":"https:\/\/www.skolyjesenice.cz\/ss\/wp-json\/wp\/v2\/types\/page"}],"author":[{"embeddable":true,"href":"https:\/\/www.skolyjesenice.cz\/ss\/wp-json\/wp\/v2\/users\/1"}],"replies":[{"embeddable":true,"href":"https:\/\/www.skolyjesenice.cz\/ss\/wp-json\/wp\/v2\/comments?post=258"}],"version-history":[{"count":18,"href":"https:\/\/www.skolyjesenice.cz\/ss\/wp-json\/wp\/v2\/pages\/258\/revisions"}],"predecessor-version":[{"id":2742,"href":"https:\/\/www.skolyjesenice.cz\/ss\/wp-json\/wp\/v2\/pages\/258\/revisions\/2742"}],"up":[{"embeddable":true,"href":"https:\/\/www.skolyjesenice.cz\/ss\/wp-json\/wp\/v2\/pages\/1701"}],"wp:attachment":[{"href":"https:\/\/www.skolyjesenice.cz\/ss\/wp-json\/wp\/v2\/media?parent=258"}],"curies":[{"name":"wp","href":"https:\/\/api.w.org\/{rel}","templated":true}]}}