{"id":196,"date":"2024-01-05T08:57:23","date_gmt":"2024-01-05T07:57:23","guid":{"rendered":"https:\/\/www.skolyjesenice.cz\/ss\/?page_id=196"},"modified":"2026-02-02T14:47:33","modified_gmt":"2026-02-02T13:47:33","slug":"kontakt","status":"publish","type":"page","link":"https:\/\/www.skolyjesenice.cz\/ss\/kontakt\/","title":{"rendered":"Kontakt"},"content":{"rendered":"<h1><span style=\"font-size: 18pt\">St\u0159edn\u00ed \u0161kola a Z\u00e1kladn\u00ed \u0161kola Jesenice, p\u0159\u00edsp\u011bvkov\u00e1 organizace<\/span><\/h1>\n<h3><span style=\"text-decoration: underline\">\u0158EDITELSTV\u00cd<\/span><\/h3>\n<p>Plze\u0148sk\u00e1 63<br \/>\n270 33 Jesenice<br \/>\n<strong>Tel.:<\/strong>\u00a0313 599 324 (sekretari\u00e1t), e-mail:\u00a0<a href=\"mailto:info@zmapjesenice.cz\">info@zmapjesenice.cz<\/a><\/p>\n<p><strong>I\u010c:<\/strong>\u00a047013711<br \/>\n<strong>Datov\u00e1 schr\u00e1nka:<\/strong>\u00a0jrkyds8<br \/>\n<strong>Bankovn\u00ed spojen\u00ed:<\/strong>\u00a0\u010cesk\u00e1 spo\u0159itelna, a. s., \u010d\u00edslo \u00fa\u010dtu: 542476329\/0800<\/p>\n<p><strong>\u0158editelka \u0161koly<\/strong><br \/>\n<strong>Mgr. Hana Vanick\u00e1,\u00a0<\/strong>e-mail:\u00a0<a href=\"mailto:hana.vanicka@zmapjesenice.cz\">hana.vanicka@zmapjesenice.cz<\/a><br \/>\n<strong>Tel.:\u00a0<\/strong>313 599 021, 603 440 453<\/p>\n<p><strong>Z\u00e1stupkyn\u011b \u0159editelky \u0161koly (Z\u0158\u0160)<\/strong><br \/>\n<strong>Mgr. Ren\u00e1ta J\u00edlkov\u00e1<\/strong>\u00a0\u2013 Z\u0158\u0160 pro S\u0160,<br \/>\ntel.: 313 599 325, 601 330 062, e-mail:<a href=\"mailto:renata.jilkova@zmapjesenice.cz\">\u00a0renata.jilkova@zmapjesenice.cz<\/a>,\u00a0<a href=\"mailto:renata.jilkova@issjesenice.cz\">renata.jilkova@issjesenice.cz<\/a><br \/>\n<strong>Mgr. Martina Tre\u0161lov\u00e1\u00a0<\/strong>\u2013 Z\u0158\u0160 pro S\u0160,<br \/>\ntel.: 313 599 325, 720 050 968, e-mail:\u00a0<a href=\"mailto:martina.treslova@issjesenice.cz\">martina.treslova@issjesenice.cz<\/a><br \/>\n<strong>Mgr. Mark\u00e9ta Uhrov\u00e1\u00a0<\/strong>\u2013 Z\u0158\u0160 pro Z\u0160 a Pr\u0160, v\u00fdchovn\u00e1 poradkyn\u011b<br \/>\ntel.: 317 471 324, 603 440 378, e-mail:\u00a0<a href=\"mailto:marketa.uhrova@zmapjesenice.cz\">marketa.uhrova@zmapjesenice.cz<\/a><\/p>\n<p><span style=\"font-size: 14pt\"><strong><span style=\"text-decoration: underline\">ST\u0158EDN\u00cd \u0160KOLA &#8211; <\/span><\/strong><span style=\"text-decoration: underline\"><strong>teoretick\u00e1 v\u00fduka<\/strong><\/span><\/span><\/p>\n<p>\u017dateck\u00e1 1<br \/>\n<strong>Tel.:<\/strong>\u00a0313 599 325 (kancel\u00e1\u0159\/sborovna), e-mail:\u00a0<a href=\"mailto:issjesenice.cz@issjesenice.cz\">issjesenice.cz@issjesenice.cz<\/a><\/p>\n<h3><strong>Obory Cukr\u00e1\u0159, Potravin\u00e1\u0159sk\u00e9 pr\u00e1ce &#8211; pracovi\u0161t\u011b odborn\u00e9ho v\u00fdcviku<\/strong><\/h3>\n<p>Nezvalova ul. 386, Jesenice<br \/>\n<strong>Tel.:<\/strong> 720 878 120<\/p>\n<h3>Obory Zem\u011bd\u011blec, Zem\u011bd\u011blsk\u00e9 pr\u00e1ce, Zahradn\u00edk, Zahradnick\u00e9 pr\u00e1ce &#8211; pracovi\u0161t\u011b odborn\u00e9ho v\u00fdcviku<\/h3>\n<p>\u017dateck\u00e1 408, Jesenice<br \/>\n<strong>Tel.:<\/strong> 720 878 135, 720 877 993<\/p>\n","protected":false},"excerpt":{"rendered":"<p>St\u0159edn\u00ed \u0161kola a Z\u00e1kladn\u00ed \u0161kola Jesenice, p\u0159\u00edsp\u011bvkov\u00e1 organizace \u0158EDITELSTV\u00cd Plze\u0148sk\u00e1 63 270 33 Jesenice Tel.:\u00a0313 [&hellip;]<\/p>\n","protected":false},"author":1,"featured_media":0,"parent":0,"menu_order":0,"comment_status":"closed","ping_status":"closed","template":"","meta":{"_acf_changed":false,"inline_featured_image":false,"footnotes":""},"class_list":["post-196","page","type-page","status-publish","hentry"],"acf":[],"_links":{"self":[{"href":"https:\/\/www.skolyjesenice.cz\/ss\/wp-json\/wp\/v2\/pages\/196","targetHints":{"allow":["GET"]}}],"collection":[{"href":"https:\/\/www.skolyjesenice.cz\/ss\/wp-json\/wp\/v2\/pages"}],"about":[{"href":"https:\/\/www.skolyjesenice.cz\/ss\/wp-json\/wp\/v2\/types\/page"}],"author":[{"embeddable":true,"href":"https:\/\/www.skolyjesenice.cz\/ss\/wp-json\/wp\/v2\/users\/1"}],"replies":[{"embeddable":true,"href":"https:\/\/www.skolyjesenice.cz\/ss\/wp-json\/wp\/v2\/comments?post=196"}],"version-history":[{"count":21,"href":"https:\/\/www.skolyjesenice.cz\/ss\/wp-json\/wp\/v2\/pages\/196\/revisions"}],"predecessor-version":[{"id":2698,"href":"https:\/\/www.skolyjesenice.cz\/ss\/wp-json\/wp\/v2\/pages\/196\/revisions\/2698"}],"wp:attachment":[{"href":"https:\/\/www.skolyjesenice.cz\/ss\/wp-json\/wp\/v2\/media?parent=196"}],"curies":[{"name":"wp","href":"https:\/\/api.w.org\/{rel}","templated":true}]}}