{"id":176,"date":"2024-01-05T08:29:54","date_gmt":"2024-01-05T07:29:54","guid":{"rendered":"https:\/\/www.skolyjesenice.cz\/ss\/?page_id=176"},"modified":"2026-03-07T05:39:27","modified_gmt":"2026-03-07T04:39:27","slug":"zemedelske-prace-farmarske-prace","status":"publish","type":"page","link":"https:\/\/www.skolyjesenice.cz\/ss\/uchazeci\/studijni-obory\/zemedelske-prace-farmarske-prace\/","title":{"rendered":"Zem\u011bd\u011blsk\u00e9 pr\u00e1ce &#8211; farm\u00e1\u0159sk\u00e9 pr\u00e1ce"},"content":{"rendered":"<ul>\n<li>Varianta oboru Zem\u011bd\u011blec-farm\u00e1\u0159 pro absolventy speci\u00e1ln\u00edch \u0161kol<\/li>\n<\/ul>\n<div class=\"su-row\"><div class=\"su-column su-column-size-1-2\"><div class=\"su-column-inner su-u-clearfix su-u-trim\">\n<h2>Zem\u011bd\u011blsk\u00e9 pr\u00e1ce &#8211; farm\u00e1\u0159sk\u00e9 pr\u00e1ce<br \/>\nCHARAKTERISTIKA STUDIJN\u00cdHO OBORU<\/h2>\n<p><strong>K\u00f3d oboru:<\/strong> 41-51-E\/01<br \/>\n<strong>\u0160VP:<\/strong> Zem\u011bd\u011blsk\u00e9 pr\u00e1ce \u2013 farm\u00e1\u0159sk\u00e9 pr\u00e1ce<br \/>\n<strong>Dosa\u017een\u00e9 vzd\u011bl\u00e1n\u00ed:<\/strong> st\u0159edn\u00ed vzd\u011bl\u00e1n\u00ed s v\u00fdu\u010dn\u00edm listem<br \/>\n<strong>Zakon\u010den\u00ed studia:<\/strong> z\u00e1v\u011bre\u010dn\u00e1 zkou\u0161ka<br \/>\n<strong>D\u00e9lka studia:<\/strong> 3 roky<br \/>\n<strong>P\u0159ij\u00edmac\u00ed zkou\u0161ka:<\/strong> ano<br \/>\n<strong>Po\u010det p\u0159ij\u00edman\u00fdch \u017e\u00e1k\u016f:<\/strong> 7<br \/>\n<strong>\u0158idi\u010dsk\u00e9 opr\u00e1vn\u011bn\u00ed:<\/strong> skupina T zdarma , skupina B s p\u0159\u00edplatkem<br \/>\n\u017d\u00e1k\u016fm je poskytov\u00e1na podpora z rozpo\u010dtu St\u0159edo\u010desk\u00e9ho kraje.<\/p>\n<\/div><\/div>\n<div class=\"su-column su-column-size-1-2\"><div class=\"su-column-inner su-u-clearfix su-u-trim\">\n<p><img loading=\"lazy\" decoding=\"async\" class=\"alignnone size-full wp-image-146\" src=\"https:\/\/www.skolyjesenice.cz\/ss\/wp-content\/uploads\/sites\/2\/2024\/01\/farma-2-sq-500.jpg\" alt=\"Kravi\u010dka\" width=\"500\" height=\"500\" srcset=\"https:\/\/www.skolyjesenice.cz\/ss\/wp-content\/uploads\/sites\/2\/2024\/01\/farma-2-sq-500.jpg 500w, https:\/\/www.skolyjesenice.cz\/ss\/wp-content\/uploads\/sites\/2\/2024\/01\/farma-2-sq-500-300x300.jpg 300w, https:\/\/www.skolyjesenice.cz\/ss\/wp-content\/uploads\/sites\/2\/2024\/01\/farma-2-sq-500-150x150.jpg 150w\" sizes=\"auto, (max-width: 500px) 100vw, 500px\" \/><\/p>\n<\/div><\/div>\n<\/div>\n<p>Tento obor vzd\u011bl\u00e1n\u00ed je ur\u010den pro \u017e\u00e1ky se zdravotn\u00edm posti\u017een\u00edm (ment\u00e1ln\u00ed posti\u017een\u00ed, kter\u00e9 m\u016f\u017ee b\u00fdt v kombinaci s dal\u0161\u00edm posti\u017een\u00edm).\u00a0\u017d\u00e1ci se b\u011bhem studia p\u0159ipravuj\u00ed pro pr\u00e1ce spojen\u00e9 s provozem zem\u011bd\u011blsk\u00e9 farmy, a to v rostlinn\u00e9 i \u017eivo\u010di\u0161n\u00e9 oblasti a pro pr\u00e1ce s mechaniza\u010dn\u00edmi prost\u0159edky. U\u010d\u00ed se rozum\u011bt hospod\u00e1\u0159sk\u00fdm zv\u00ed\u0159at\u016fm i rostlin\u00e1m tak, aby v zem\u011bd\u011blsk\u00e9 produkci dos\u00e1hli co nejlep\u0161\u00edch v\u00fdnos\u016f. \u017d\u00e1ci se seznamuj\u00ed se zem\u011bd\u011blskou technikou, u\u010d\u00ed se nejen obsluhovat, ale tak\u00e9 se\u0159izovat a opravovat stroje, traktory a dal\u0161\u00ed mechaniza\u010dn\u00ed prost\u0159edky pou\u017e\u00edvan\u00e9 v zem\u011bd\u011blstv\u00ed a doprav\u011b. Odborn\u00fd v\u00fdcvik \u017e\u00e1ci konaj\u00ed v za\u0159\u00edzen\u00edch \u0161koly a na jej\u00edch pozemc\u00edch.<\/p>\n<p>Odborn\u00e1 slo\u017eka v\u00fduky se op\u00edr\u00e1 o p\u0159edm\u011bty P\u011bstov\u00e1n\u00ed rostlin, Chov zv\u00ed\u0159at, Ekologie, Stroje a za\u0159\u00edzen\u00ed, Motorov\u00e1 vozidla. Odborn\u00fd v\u00fdcvik prob\u00edh\u00e1 nejen na odborn\u00e9m pracovi\u0161ti \u0161koly, ale tak\u00e9 v zem\u011bd\u011blsk\u00fdch za\u0159\u00edzen\u00edch mimo \u0161kolu. V p\u0159\u00edpad\u011b z\u00e1jmu mohou \u017e\u00e1ci absolvovat kurz sva\u0159ov\u00e1n\u00ed.<\/p>\n<p>Absolventi oboru Zem\u011bd\u011blsk\u00e9 pr\u00e1ce nach\u00e1zej\u00ed uplatn\u011bn\u00ed jako pracovn\u00edci v zem\u011bd\u011blsk\u00fdch podnic\u00edch, vykon\u00e1vaj\u00ed \u010dinnosti souvisej\u00edc\u00ed s p\u011bstov\u00e1n\u00edm rostlin a chovem zv\u00ed\u0159at, uplat\u0148uj\u00ed se p\u0159i obsluze a \u00fadr\u017eb\u011b zem\u011bd\u011blsk\u00e9 techniky nejen v oblasti zem\u011bd\u011blsk\u00e9 v\u00fdroby, ale tak\u00e9 v oblasti slu\u017eeb a dopravy.<\/p>\n","protected":false},"excerpt":{"rendered":"<p>Varianta oboru Zem\u011bd\u011blec-farm\u00e1\u0159 pro absolventy speci\u00e1ln\u00edch \u0161kol Tento obor vzd\u011bl\u00e1n\u00ed je ur\u010den pro \u017e\u00e1ky se [&hellip;]<\/p>\n","protected":false},"author":1,"featured_media":0,"parent":108,"menu_order":0,"comment_status":"closed","ping_status":"closed","template":"","meta":{"_acf_changed":false,"inline_featured_image":false,"footnotes":""},"class_list":["post-176","page","type-page","status-publish","hentry"],"acf":[],"_links":{"self":[{"href":"https:\/\/www.skolyjesenice.cz\/ss\/wp-json\/wp\/v2\/pages\/176","targetHints":{"allow":["GET"]}}],"collection":[{"href":"https:\/\/www.skolyjesenice.cz\/ss\/wp-json\/wp\/v2\/pages"}],"about":[{"href":"https:\/\/www.skolyjesenice.cz\/ss\/wp-json\/wp\/v2\/types\/page"}],"author":[{"embeddable":true,"href":"https:\/\/www.skolyjesenice.cz\/ss\/wp-json\/wp\/v2\/users\/1"}],"replies":[{"embeddable":true,"href":"https:\/\/www.skolyjesenice.cz\/ss\/wp-json\/wp\/v2\/comments?post=176"}],"version-history":[{"count":5,"href":"https:\/\/www.skolyjesenice.cz\/ss\/wp-json\/wp\/v2\/pages\/176\/revisions"}],"predecessor-version":[{"id":2715,"href":"https:\/\/www.skolyjesenice.cz\/ss\/wp-json\/wp\/v2\/pages\/176\/revisions\/2715"}],"up":[{"embeddable":true,"href":"https:\/\/www.skolyjesenice.cz\/ss\/wp-json\/wp\/v2\/pages\/108"}],"wp:attachment":[{"href":"https:\/\/www.skolyjesenice.cz\/ss\/wp-json\/wp\/v2\/media?parent=176"}],"curies":[{"name":"wp","href":"https:\/\/api.w.org\/{rel}","templated":true}]}}