{"id":1707,"date":"2025-09-05T10:34:56","date_gmt":"2025-09-05T08:34:56","guid":{"rendered":"https:\/\/www.skolyjesenice.cz\/ss\/?page_id=1707"},"modified":"2025-09-05T10:59:13","modified_gmt":"2025-09-05T08:59:13","slug":"uchazeci","status":"publish","type":"page","link":"https:\/\/www.skolyjesenice.cz\/ss\/uchazeci\/","title":{"rendered":"Uchaze\u010di"},"content":{"rendered":"<div class=\"display-posts-listing\"><div class=\"listing-item\"><a href=\"https:\/\/www.skolyjesenice.cz\/ss\/uchazeci\/studijni-obory\/\"><div class=\"title\">Studijn\u00ed obory<\/div><\/a><span class=\"date\"><\/span><div class=\"excerpt\"><\/div><\/div><div class=\"listing-item\"><a href=\"https:\/\/www.skolyjesenice.cz\/ss\/uchazeci\/prijimaci-rizeni\/\"><div class=\"title\">P\u0159ij\u00edmac\u00ed \u0159\u00edzen\u00ed<\/div><\/a><span class=\"date\"><\/span><div class=\"excerpt\"><\/div><\/div><div class=\"listing-item\"><a href=\"https:\/\/www.skolyjesenice.cz\/ss\/uchazeci\/vysledky-prijimaciho-rizeni\/\"><div class=\"title\">V\u00fdsledky p\u0159ij\u00edmac\u00edho \u0159\u00edzen\u00ed<\/div><\/a><span class=\"date\"><\/span><div class=\"excerpt\"><\/div><\/div><\/div>\n","protected":false},"excerpt":{"rendered":"","protected":false},"author":2,"featured_media":0,"parent":0,"menu_order":0,"comment_status":"closed","ping_status":"closed","template":"","meta":{"_acf_changed":false,"inline_featured_image":false,"footnotes":""},"class_list":["post-1707","page","type-page","status-publish","hentry"],"acf":[],"_links":{"self":[{"href":"https:\/\/www.skolyjesenice.cz\/ss\/wp-json\/wp\/v2\/pages\/1707","targetHints":{"allow":["GET"]}}],"collection":[{"href":"https:\/\/www.skolyjesenice.cz\/ss\/wp-json\/wp\/v2\/pages"}],"about":[{"href":"https:\/\/www.skolyjesenice.cz\/ss\/wp-json\/wp\/v2\/types\/page"}],"author":[{"embeddable":true,"href":"https:\/\/www.skolyjesenice.cz\/ss\/wp-json\/wp\/v2\/users\/2"}],"replies":[{"embeddable":true,"href":"https:\/\/www.skolyjesenice.cz\/ss\/wp-json\/wp\/v2\/comments?post=1707"}],"version-history":[{"count":1,"href":"https:\/\/www.skolyjesenice.cz\/ss\/wp-json\/wp\/v2\/pages\/1707\/revisions"}],"predecessor-version":[{"id":1708,"href":"https:\/\/www.skolyjesenice.cz\/ss\/wp-json\/wp\/v2\/pages\/1707\/revisions\/1708"}],"wp:attachment":[{"href":"https:\/\/www.skolyjesenice.cz\/ss\/wp-json\/wp\/v2\/media?parent=1707"}],"curies":[{"name":"wp","href":"https:\/\/api.w.org\/{rel}","templated":true}]}}