{"id":1704,"date":"2025-09-05T09:48:38","date_gmt":"2025-09-05T07:48:38","guid":{"rendered":"https:\/\/www.skolyjesenice.cz\/ss\/?page_id=1704"},"modified":"2025-09-05T09:48:38","modified_gmt":"2025-09-05T07:48:38","slug":"zaci","status":"publish","type":"page","link":"https:\/\/www.skolyjesenice.cz\/ss\/zaci\/","title":{"rendered":"\u017d\u00e1ci"},"content":{"rendered":"<div class=\"display-posts-listing\"><div class=\"listing-item\"><a href=\"https:\/\/www.skolyjesenice.cz\/ss\/zaci\/rozvrh-trid\/\"><div class=\"title\">Rozvrh t\u0159\u00edd<\/div><\/a><span class=\"date\"><\/span><div class=\"excerpt\"><\/div><\/div><div class=\"listing-item\"><a href=\"https:\/\/www.skolyjesenice.cz\/ss\/zaci\/zaverecne-zkousky\/\"><div class=\"title\">Z\u00e1v\u011bre\u010dn\u00e9 zkou\u0161ky<\/div><\/a><span class=\"date\"><\/span><div class=\"excerpt\"><\/div><\/div><div class=\"listing-item\"><a href=\"https:\/\/www.skolyjesenice.cz\/ss\/zaci\/odborne-praxe\/\"><div class=\"title\">Odborn\u00e9 praxe<\/div><\/a><span class=\"date\"><\/span><div class=\"excerpt\"><\/div><\/div><div class=\"listing-item\"><a href=\"https:\/\/www.skolyjesenice.cz\/ss\/zaci\/dokumenty-ke-stazeni\/\"><div class=\"title\">Dokumenty ke sta\u017een\u00ed<\/div><\/a><span class=\"date\"><\/span><div class=\"excerpt\"><\/div><\/div><div class=\"listing-item\"><a href=\"https:\/\/www.skolyjesenice.cz\/ss\/zaci\/tridy\/\"><div class=\"title\">T\u0159\u00eddy<\/div><\/a><span class=\"date\"><\/span><div class=\"excerpt\"><\/div><\/div><div class=\"listing-item\"><a href=\"https:\/\/www.skolyjesenice.cz\/ss\/zaci\/podporovane-obory\/\"><div class=\"title\">Podporovan\u00e9 obory<\/div><\/a><span class=\"date\"><\/span><div class=\"excerpt\"><\/div><\/div><\/div>\n","protected":false},"excerpt":{"rendered":"","protected":false},"author":2,"featured_media":0,"parent":0,"menu_order":0,"comment_status":"closed","ping_status":"closed","template":"","meta":{"_acf_changed":false,"inline_featured_image":false,"footnotes":""},"class_list":["post-1704","page","type-page","status-publish","hentry"],"acf":[],"_links":{"self":[{"href":"https:\/\/www.skolyjesenice.cz\/ss\/wp-json\/wp\/v2\/pages\/1704","targetHints":{"allow":["GET"]}}],"collection":[{"href":"https:\/\/www.skolyjesenice.cz\/ss\/wp-json\/wp\/v2\/pages"}],"about":[{"href":"https:\/\/www.skolyjesenice.cz\/ss\/wp-json\/wp\/v2\/types\/page"}],"author":[{"embeddable":true,"href":"https:\/\/www.skolyjesenice.cz\/ss\/wp-json\/wp\/v2\/users\/2"}],"replies":[{"embeddable":true,"href":"https:\/\/www.skolyjesenice.cz\/ss\/wp-json\/wp\/v2\/comments?post=1704"}],"version-history":[{"count":1,"href":"https:\/\/www.skolyjesenice.cz\/ss\/wp-json\/wp\/v2\/pages\/1704\/revisions"}],"predecessor-version":[{"id":1705,"href":"https:\/\/www.skolyjesenice.cz\/ss\/wp-json\/wp\/v2\/pages\/1704\/revisions\/1705"}],"wp:attachment":[{"href":"https:\/\/www.skolyjesenice.cz\/ss\/wp-json\/wp\/v2\/media?parent=1704"}],"curies":[{"name":"wp","href":"https:\/\/api.w.org\/{rel}","templated":true}]}}