{"id":1701,"date":"2025-09-05T09:26:53","date_gmt":"2025-09-05T07:26:53","guid":{"rendered":"https:\/\/www.skolyjesenice.cz\/ss\/?page_id=1701"},"modified":"2026-03-17T13:33:20","modified_gmt":"2026-03-17T12:33:20","slug":"o-skole","status":"publish","type":"page","link":"https:\/\/www.skolyjesenice.cz\/ss\/o-skole\/","title":{"rendered":"O \u0161kole"},"content":{"rendered":"<div class=\"display-posts-listing\"><div class=\"listing-item\"><a href=\"https:\/\/www.skolyjesenice.cz\/ss\/o-skole\/organizace-skolniho-roku\/\"><div class=\"title\">Organizace \u0161koln\u00edho roku<\/div><\/a><span class=\"date\"><\/span><div class=\"excerpt\"><\/div><\/div><div class=\"listing-item\"><a href=\"https:\/\/www.skolyjesenice.cz\/ss\/o-skole\/historie\/\"><div class=\"title\">Historie<\/div><\/a><span class=\"date\"><\/span><div class=\"excerpt\"><\/div><\/div><div class=\"listing-item\"><a href=\"https:\/\/www.skolyjesenice.cz\/ss\/o-skole\/skolni-poradenske-pracoviste\/\"><div class=\"title\">\u0160koln\u00ed poradensk\u00e9 pracovi\u0161t\u011b<\/div><\/a><span class=\"date\"><\/span><div class=\"excerpt\"><\/div><\/div><div class=\"listing-item\"><a href=\"https:\/\/www.skolyjesenice.cz\/ss\/o-skole\/dokumenty-skoly\/\"><div class=\"title\">Dokumenty \u0161koly a formul\u00e1\u0159e<\/div><\/a><span class=\"date\"><\/span><div class=\"excerpt\"><\/div><\/div><div class=\"listing-item\"><a href=\"https:\/\/www.skolyjesenice.cz\/ss\/o-skole\/charakteristika-skoly\/\"><div class=\"title\">Charakteristika \u0161koly<\/div><\/a><span class=\"date\"><\/span><div class=\"excerpt\"><\/div><\/div><div class=\"listing-item\"><a href=\"https:\/\/www.skolyjesenice.cz\/ss\/o-skole\/rodicovske-schuzky\/\"><div class=\"title\">Rodi\u010dovsk\u00e9 sch\u016fzky<\/div><\/a><span class=\"date\"><\/span><div class=\"excerpt\"><\/div><\/div><div class=\"listing-item\"><a href=\"https:\/\/www.skolyjesenice.cz\/ss\/o-skole\/vize-skoly\/\"><div class=\"title\">Vize \u0161koly<\/div><\/a><span class=\"date\"><\/span><div class=\"excerpt\"><\/div><\/div><\/div>\n<p>&nbsp;<\/p>\n<p>N\u011bkter\u00e9 t\u0159\u00eddy jsou z\u0159\u00edzeny podle \u00a7 16, odst. 9 Z\u00e1kona \u010d. 561, 2004 Sb. o p\u0159ed\u0161koln\u00edm, z\u00e1kladn\u00edm, st\u0159edn\u00edm, vy\u0161\u0161\u00edm odborn\u00e9m a jin\u00e9m vzd\u011bl\u00e1v\u00e1n\u00ed (\u0161kolsk\u00fd z\u00e1kon) v platn\u00e9m zn\u011bn\u00ed.<\/p>\n","protected":false},"excerpt":{"rendered":"<p>&nbsp; N\u011bkter\u00e9 t\u0159\u00eddy jsou z\u0159\u00edzeny podle \u00a7 16, odst. 9 Z\u00e1kona \u010d. 561, 2004 Sb. [&hellip;]<\/p>\n","protected":false},"author":2,"featured_media":0,"parent":0,"menu_order":0,"comment_status":"closed","ping_status":"closed","template":"","meta":{"_acf_changed":false,"inline_featured_image":false,"footnotes":""},"class_list":["post-1701","page","type-page","status-publish","hentry"],"acf":[],"_links":{"self":[{"href":"https:\/\/www.skolyjesenice.cz\/ss\/wp-json\/wp\/v2\/pages\/1701","targetHints":{"allow":["GET"]}}],"collection":[{"href":"https:\/\/www.skolyjesenice.cz\/ss\/wp-json\/wp\/v2\/pages"}],"about":[{"href":"https:\/\/www.skolyjesenice.cz\/ss\/wp-json\/wp\/v2\/types\/page"}],"author":[{"embeddable":true,"href":"https:\/\/www.skolyjesenice.cz\/ss\/wp-json\/wp\/v2\/users\/2"}],"replies":[{"embeddable":true,"href":"https:\/\/www.skolyjesenice.cz\/ss\/wp-json\/wp\/v2\/comments?post=1701"}],"version-history":[{"count":2,"href":"https:\/\/www.skolyjesenice.cz\/ss\/wp-json\/wp\/v2\/pages\/1701\/revisions"}],"predecessor-version":[{"id":2745,"href":"https:\/\/www.skolyjesenice.cz\/ss\/wp-json\/wp\/v2\/pages\/1701\/revisions\/2745"}],"wp:attachment":[{"href":"https:\/\/www.skolyjesenice.cz\/ss\/wp-json\/wp\/v2\/media?parent=1701"}],"curies":[{"name":"wp","href":"https:\/\/api.w.org\/{rel}","templated":true}]}}