{"id":1698,"date":"2025-09-05T09:24:38","date_gmt":"2025-09-05T07:24:38","guid":{"rendered":"https:\/\/www.skolyjesenice.cz\/ss\/?page_id=1698"},"modified":"2025-10-15T17:11:54","modified_gmt":"2025-10-15T15:11:54","slug":"rodicovske-schuzky","status":"publish","type":"page","link":"https:\/\/www.skolyjesenice.cz\/ss\/o-skole\/rodicovske-schuzky\/","title":{"rendered":"Rodi\u010dovsk\u00e9 sch\u016fzky"},"content":{"rendered":"<p><strong><span style=\"color: #666699\">18.11.2025<\/span><\/strong> <strong>POZOR ZM\u011aNA NA<span style=\"color: #ff0000\"> 28. 11. 2025<\/span><\/strong><\/p>\n<p><strong><span style=\"color: #ff0000\">27.1.2026<\/span><\/strong><\/p>\n<p><strong><span style=\"color: #ff0000\">14.4.2026<\/span><\/strong><\/p>\n<p>\u010cas rodi\u010dovsk\u00fdch sch\u016fzek je od 15.00 hod. do 17.00 hod., srde\u010dn\u011b zveme.<\/p>\n","protected":false},"excerpt":{"rendered":"<p>18.11.2025 POZOR ZM\u011aNA NA 28. 11. 2025 27.1.2026 14.4.2026 \u010cas rodi\u010dovsk\u00fdch sch\u016fzek je od 15.00 [&hellip;]<\/p>\n","protected":false},"author":2,"featured_media":0,"parent":1701,"menu_order":0,"comment_status":"closed","ping_status":"closed","template":"","meta":{"_acf_changed":false,"inline_featured_image":false,"footnotes":""},"class_list":["post-1698","page","type-page","status-publish","hentry"],"acf":[],"_links":{"self":[{"href":"https:\/\/www.skolyjesenice.cz\/ss\/wp-json\/wp\/v2\/pages\/1698","targetHints":{"allow":["GET"]}}],"collection":[{"href":"https:\/\/www.skolyjesenice.cz\/ss\/wp-json\/wp\/v2\/pages"}],"about":[{"href":"https:\/\/www.skolyjesenice.cz\/ss\/wp-json\/wp\/v2\/types\/page"}],"author":[{"embeddable":true,"href":"https:\/\/www.skolyjesenice.cz\/ss\/wp-json\/wp\/v2\/users\/2"}],"replies":[{"embeddable":true,"href":"https:\/\/www.skolyjesenice.cz\/ss\/wp-json\/wp\/v2\/comments?post=1698"}],"version-history":[{"count":8,"href":"https:\/\/www.skolyjesenice.cz\/ss\/wp-json\/wp\/v2\/pages\/1698\/revisions"}],"predecessor-version":[{"id":1949,"href":"https:\/\/www.skolyjesenice.cz\/ss\/wp-json\/wp\/v2\/pages\/1698\/revisions\/1949"}],"up":[{"embeddable":true,"href":"https:\/\/www.skolyjesenice.cz\/ss\/wp-json\/wp\/v2\/pages\/1701"}],"wp:attachment":[{"href":"https:\/\/www.skolyjesenice.cz\/ss\/wp-json\/wp\/v2\/media?parent=1698"}],"curies":[{"name":"wp","href":"https:\/\/api.w.org\/{rel}","templated":true}]}}