{"id":155,"date":"2024-01-05T08:08:54","date_gmt":"2024-01-05T07:08:54","guid":{"rendered":"https:\/\/www.skolyjesenice.cz\/ss\/?page_id=155"},"modified":"2026-03-07T05:35:32","modified_gmt":"2026-03-07T04:35:32","slug":"osetrovatel-osetrovatelka","status":"publish","type":"page","link":"https:\/\/www.skolyjesenice.cz\/ss\/uchazeci\/studijni-obory\/osetrovatel-osetrovatelka\/","title":{"rendered":"O\u0161et\u0159ovatel \/ o\u0161et\u0159ovatelka"},"content":{"rendered":"<div class=\"su-row\"><div class=\"su-column su-column-size-1-2\"><div class=\"su-column-inner su-u-clearfix su-u-trim\">\n<ul>\n<li><em>Zaujal t\u011b obor Soci\u00e1ln\u00ed \u010dinnost, ale ob\u00e1v\u00e1\u0161 se, \u017ee nezvl\u00e1dne\u0161 maturitu?<\/em><\/li>\n<\/ul>\n<p>Pak je zde pro tebe jednodu\u0161\u0161\u00ed varianta oboru soci\u00e1ln\u00ed \u010dinnost<\/p>\n<h2>O\u0161et\u0159ovatel \/ o\u0161et\u0159ovatelka<br \/>\nCHARAKTERISTIKA STUDIJN\u00cdHO OBORU<\/h2>\n<p><strong>K\u00f3d oboru:<\/strong> 53-41-H\/01<br \/>\n<strong>\u0160VP:<\/strong> O\u0161et\u0159ovatel<br \/>\n<strong>Dosa\u017een\u00e9 vzd\u011bl\u00e1n\u00ed:<\/strong> st\u0159edn\u00ed vzd\u011bl\u00e1n\u00ed s v\u00fdu\u010dn\u00edm listem<br \/>\n<strong>Zakon\u010den\u00ed studia:<\/strong> z\u00e1v\u011bre\u010dn\u00e1 zkou\u0161ka<br \/>\n<strong>D\u00e9lka studia:<\/strong> 3 roky<br \/>\n<strong>P\u0159ij\u00edmac\u00ed zkou\u0161ka:<\/strong> ano<br \/>\n<strong>Po\u010det p\u0159ij\u00edman\u00fdch \u017e\u00e1k\u016f:<\/strong> 15<br \/>\n<strong>Mo\u017enost dal\u0161\u00edho studia:<\/strong> SO\u0160 &#8211; n\u00e1stavbov\u00e9 studium<br \/>\n\u017d\u00e1k\u016fm je poskytov\u00e1na podpora z rozpo\u010dtu St\u0159edo\u010desk\u00e9ho kraje.<\/p>\n<\/div><\/div>\n<div class=\"su-column su-column-size-1-2\"><div class=\"su-column-inner su-u-clearfix su-u-trim\">\n<p><img loading=\"lazy\" decoding=\"async\" class=\"alignnone wp-image-109 size-full\" src=\"https:\/\/www.skolyjesenice.cz\/ss\/wp-content\/uploads\/sites\/2\/2024\/01\/osetrovatel-sq-500.jpg\" alt=\"O\u0161et\u0159ovatel \/ o\u0161et\u0159ovatelka\" width=\"500\" height=\"500\" srcset=\"https:\/\/www.skolyjesenice.cz\/ss\/wp-content\/uploads\/sites\/2\/2024\/01\/osetrovatel-sq-500.jpg 500w, https:\/\/www.skolyjesenice.cz\/ss\/wp-content\/uploads\/sites\/2\/2024\/01\/osetrovatel-sq-500-300x300.jpg 300w, https:\/\/www.skolyjesenice.cz\/ss\/wp-content\/uploads\/sites\/2\/2024\/01\/osetrovatel-sq-500-150x150.jpg 150w\" sizes=\"auto, (max-width: 500px) 100vw, 500px\" \/><\/p>\n<\/div><\/div>\n<\/div>\n<p>Studium oboru O\u0161et\u0159ovatel je alternativou oboru Soci\u00e1ln\u00ed \u010dinnost, a to s v\u00fdu\u010dn\u00edm listem. P\u0159ipravuje \u017e\u00e1ky pro \u010dinnosti spojen\u00e9 s poskytov\u00e1n\u00edm p\u0159\u00edm\u00e9 o\u0161et\u0159ovatelsk\u00e9 p\u00e9\u010de v oblasti zdravotnictv\u00edch a soci\u00e1ln\u00edch slu\u017eeb. \u017d\u00e1ci z\u00edsk\u00e1vaj\u00ed v\u011bdomosti a dovednosti souvisej\u00edc\u00ed s uspokojov\u00e1n\u00edm psychick\u00fdch, soci\u00e1ln\u00edch a biologick\u00fdch pot\u0159eb klient\u016f v r\u016fzn\u00fdch typech soci\u00e1ln\u00edch a zdravotnick\u00fdch za\u0159\u00edzen\u00edch, p\u0159i poskytov\u00e1n\u00ed \u00fastavn\u00ed, ambulantn\u00ed nebo ter\u00e9nn\u00ed p\u00e9\u010de. \u017d\u00e1ci jsou tak\u00e9 p\u0159ipravov\u00e1ni k asistenci p\u0159i ur\u010den\u00fdch diagnostick\u00fdch a l\u00e9\u010debn\u00fdch v\u00fdkonech.<\/p>\n<p>Absolventi u\u010debn\u00edho oboru o\u0161et\u0159ovatel mohou nal\u00e9zt uplatn\u011bn\u00ed ve st\u00e1tn\u00edch a soukrom\u00fdch zdravotnick\u00fdch a soci\u00e1ln\u00edch za\u0159\u00edzen\u00edch, nap\u0159. v nemocnic\u00edch, domovech s pe\u010dovatelskou slu\u017ebou, \u00fastavech soci\u00e1ln\u00ed p\u00e9\u010de \u010di v domovech pro seniory, mohou tak\u00e9 zaji\u0161\u0165ovat dom\u00e1c\u00ed o\u0161et\u0159ovatelskou p\u00e9\u010di. Vzhledem k demografick\u00e9mu v\u00fdvoji a sou\u010dasn\u00e9mu nedostatku pracovn\u00edk\u016f v oblasti soci\u00e1ln\u00edch a zdravotnick\u00fdch slu\u017eeb je z\u0159ejm\u00e9, \u017ee o absolventy tohoto oboru bude st\u00e1le v\u011bt\u0161\u00ed z\u00e1jem. B\u011bhem studia \u017e\u00e1ci pob\u00edraj\u00ed m\u011bs\u00ed\u010dn\u00ed stipendium.<\/p>\n<p>V odborn\u00e9 v\u00fduce se \u017e\u00e1ci vzd\u011bl\u00e1vaj\u00ed v oblasti o\u0161et\u0159ovatelsk\u00e9 p\u00e9\u010de, klinick\u00e9 propedeutiky, prvn\u00ed pomoci, somatologie, hygieny, psychologie a komunikace. V\u00fduka je zam\u011b\u0159ena na rozvoj profesn\u00edch a komunika\u010dn\u00edch dovednost\u00ed, profesn\u00ed etiku a empatii. Odborn\u00fd v\u00fdcvik prob\u00edh\u00e1 v prvn\u00edm ro\u010dn\u00edku ve \u0161kole v odborn\u011b vybaven\u00e9 u\u010debn\u011b, ve vy\u0161\u0161\u00edch ro\u010dn\u00edc\u00edch pak na smluvn\u00edch pracovi\u0161t\u00edch &#8211; nemocnice, domovy pro r\u016fzn\u00e9 typy klient\u016f, pe\u010dovatelsk\u00e9 domy aj.<\/p>\n<p>Absolventi mohou d\u00e1le pokra\u010dovat v n\u00e1stavbov\u00e9m studiu na st\u0159edn\u00edch odborn\u00fdch \u0161kol\u00e1ch, zejm\u00e9na v soci\u00e1ln\u00edch a zdravotnick\u00fdch oborech.<\/p>\n","protected":false},"excerpt":{"rendered":"<p>Studium oboru O\u0161et\u0159ovatel je alternativou oboru Soci\u00e1ln\u00ed \u010dinnost, a to s v\u00fdu\u010dn\u00edm listem. P\u0159ipravuje \u017e\u00e1ky [&hellip;]<\/p>\n","protected":false},"author":1,"featured_media":0,"parent":108,"menu_order":0,"comment_status":"closed","ping_status":"closed","template":"","meta":{"_acf_changed":false,"inline_featured_image":false,"footnotes":""},"class_list":["post-155","page","type-page","status-publish","hentry"],"acf":[],"_links":{"self":[{"href":"https:\/\/www.skolyjesenice.cz\/ss\/wp-json\/wp\/v2\/pages\/155","targetHints":{"allow":["GET"]}}],"collection":[{"href":"https:\/\/www.skolyjesenice.cz\/ss\/wp-json\/wp\/v2\/pages"}],"about":[{"href":"https:\/\/www.skolyjesenice.cz\/ss\/wp-json\/wp\/v2\/types\/page"}],"author":[{"embeddable":true,"href":"https:\/\/www.skolyjesenice.cz\/ss\/wp-json\/wp\/v2\/users\/1"}],"replies":[{"embeddable":true,"href":"https:\/\/www.skolyjesenice.cz\/ss\/wp-json\/wp\/v2\/comments?post=155"}],"version-history":[{"count":6,"href":"https:\/\/www.skolyjesenice.cz\/ss\/wp-json\/wp\/v2\/pages\/155\/revisions"}],"predecessor-version":[{"id":2709,"href":"https:\/\/www.skolyjesenice.cz\/ss\/wp-json\/wp\/v2\/pages\/155\/revisions\/2709"}],"up":[{"embeddable":true,"href":"https:\/\/www.skolyjesenice.cz\/ss\/wp-json\/wp\/v2\/pages\/108"}],"wp:attachment":[{"href":"https:\/\/www.skolyjesenice.cz\/ss\/wp-json\/wp\/v2\/media?parent=155"}],"curies":[{"name":"wp","href":"https:\/\/api.w.org\/{rel}","templated":true}]}}