{"id":1140,"date":"2025-04-15T11:03:50","date_gmt":"2025-04-15T09:03:50","guid":{"rendered":"https:\/\/www.skolyjesenice.cz\/ss\/?page_id=1140"},"modified":"2025-09-23T08:33:09","modified_gmt":"2025-09-23T06:33:09","slug":"tridy","status":"publish","type":"page","link":"https:\/\/www.skolyjesenice.cz\/ss\/zaci\/tridy\/","title":{"rendered":"T\u0159\u00eddy"},"content":{"rendered":"<p>&nbsp;<\/p>\n<table class=\" alignleft\" style=\"height: 358px;width: 100.727%;border-collapse: collapse\">\n<tbody>\n<tr style=\"height: 54px;background-color: #d6d2d2\">\n<td style=\"width: 49.8692%;height: 54px;text-align: center\"><span style=\"font-family: 'trebuchet ms', geneva, sans-serif\"><strong>T\u0159\u00edda<\/strong><\/span><\/td>\n<td style=\"width: 28.8039%;height: 54px;text-align: center\"><span style=\"font-family: 'trebuchet ms', geneva, sans-serif\"><strong>T\u0159\u00eddn\u00ed u\u010ditel(-ka)<\/strong><\/span><\/td>\n<td style=\"width: 8.14481%;height: 54px;text-align: center\" colspan=\"2\"><span style=\"font-family: 'trebuchet ms', geneva, sans-serif\"><strong>e-mail<\/strong><\/span><span style=\"font-family: 'trebuchet ms', geneva, sans-serif\"><strong><br \/>\n<\/strong><\/span><\/td>\n<\/tr>\n<tr style=\"height: 55px\">\n<td style=\"width: 49.8692%;height: 55px;text-align: left\"><span style=\"font-size: 12pt;font-family: 'trebuchet ms', geneva, sans-serif\"><strong>1. CO<\/strong><br \/>\n<span style=\"font-size: 10pt\">(cukr\u00e1\u0159, o\u0161et\u0159ovatel)<\/span><\/span><\/td>\n<td style=\"width: 28.8039%;height: 55px;text-align: left\"><span style=\"font-family: 'trebuchet ms', geneva, sans-serif;font-size: 12pt\">Petr Katona<\/span><\/td>\n<td style=\"width: 8.14481%;height: 55px;text-align: left\" colspan=\"2\"><span style=\"font-family: 'trebuchet ms', geneva, sans-serif;font-size: 10pt\"><a href=\"mailto:petr.katona@issjesenice.cz\">petr.katona@issjesenice.cz<\/a><\/span><\/td>\n<\/tr>\n<tr style=\"height: 55px\">\n<td style=\"width: 49.8692%;height: 55px;text-align: left\"><span style=\"font-size: 12pt;font-family: 'trebuchet ms', geneva, sans-serif\"><strong>1. ZZ<\/strong><br \/>\n<span style=\"font-size: 10pt\">(zem\u011bd\u011blec, zahradn\u00edk)<\/span><\/span><\/td>\n<td style=\"width: 28.8039%;height: 55px;text-align: left\"><span style=\"font-family: 'trebuchet ms', geneva, sans-serif;font-size: 12pt\">Jana Konop\u00e1skov\u00e1<\/span><\/td>\n<td style=\"width: 8.14481%;height: 55px;text-align: left\" colspan=\"2\"><span style=\"font-family: 'trebuchet ms', geneva, sans-serif;font-size: 10pt\"><a href=\"mailto:jana.konopaskova@issjesenice.cz\">jana.konopaskova@issjesenice.cz<\/a><\/span><span style=\"font-family: 'trebuchet ms', geneva, sans-serif;font-size: 10pt\"><br \/>\n<\/span><\/td>\n<\/tr>\n<tr style=\"height: 66px\">\n<td style=\"width: 49.8692%;height: 50px;text-align: left\"><span style=\"font-size: 12pt;font-family: 'trebuchet ms', geneva, sans-serif\"><strong>1. ZZP<\/strong><br \/>\n<span style=\"font-size: 10pt\">(zem\u011bd\u011blsk\u00e9 pr\u00e1ce, zahradnick\u00e9 pr\u00e1ce)<\/span><\/span><\/td>\n<td style=\"width: 28.8039%;height: 50px;text-align: left\"><span style=\"font-family: 'trebuchet ms', geneva, sans-serif;font-size: 12pt\">Mgr. Lenka Fialov\u00e1 Krejzov\u00e1<\/span><\/td>\n<td style=\"width: 8.14481%;height: 50px;text-align: left\" colspan=\"2\"><span style=\"font-family: 'trebuchet ms', geneva, sans-serif;font-size: 10pt\">\u00a0<\/span><\/td>\n<\/tr>\n<tr style=\"height: 24px\">\n<td style=\"width: 49.8692%;height: 24px;text-align: left\"><span style=\"font-size: 12pt;font-family: 'trebuchet ms', geneva, sans-serif\"><strong>2. CO<\/strong><br \/>\n<span style=\"font-size: 10pt\">(cukr\u00e1\u0159, o\u0161et\u0159ovatel)<\/span><\/span><\/td>\n<td style=\"width: 28.8039%;height: 24px;text-align: left\"><span style=\"font-family: 'trebuchet ms', geneva, sans-serif;font-size: 12pt\">PhDr. Jitka Don\u00e1tov\u00e1<\/span><\/td>\n<td style=\"width: 7.23983%;height: 24px;text-align: left\" colspan=\"2\"><span style=\"font-family: 'trebuchet ms', geneva, sans-serif;font-size: 10pt\"><a href=\"jitka.donatova@issjesenice.cz\">jitka.donatova@issjesenice.cz<\/a><\/span><span style=\"font-family: 'trebuchet ms', geneva, sans-serif;font-size: 10pt\"><br \/>\n<\/span><\/td>\n<\/tr>\n<tr style=\"height: 24px\">\n<td style=\"width: 49.8692%;height: 24px;text-align: left\"><span style=\"font-size: 12pt;font-family: 'trebuchet ms', geneva, sans-serif\"><strong>2. ZZ<\/strong><br \/>\n<span style=\"font-size: 10pt\">(zem\u011bd\u011blec, zahradn\u00edk)<\/span><\/span><\/td>\n<td style=\"width: 28.8039%;height: 24px;text-align: left\"><span style=\"font-family: 'trebuchet ms', geneva, sans-serif;font-size: 12pt\">Ing. Bc. Kate\u0159ina Nov\u00e1\u010dkov\u00e1<\/span><\/td>\n<td style=\"width: 7.23983%;height: 24px;text-align: left\" colspan=\"2\"><span style=\"font-family: 'trebuchet ms', geneva, sans-serif;font-size: 10pt\"><a href=\"katerina.novackova@issjesenice.cz\">katerina.novackova@issjesenice.cz<\/a><\/span><span style=\"font-family: 'trebuchet ms', geneva, sans-serif;font-size: 10pt\"><br \/>\n<\/span><\/td>\n<\/tr>\n<tr style=\"height: 24px\">\n<td style=\"width: 49.8692%;height: 24px;text-align: left\"><span style=\"font-size: 12pt;font-family: 'trebuchet ms', geneva, sans-serif\"><strong>2. CZZP<\/strong><br \/>\n<span style=\"font-size: 10pt\">(potravin\u00e1\u0159sk\u00e1 v\u00fdroba, zem\u011bd\u011blsk\u00e9 pr\u00e1ce, zahradnick\u00e9 pr\u00e1ce)<\/span><\/span><\/td>\n<td style=\"width: 28.8039%;height: 24px;text-align: left\"><span style=\"font-family: 'trebuchet ms', geneva, sans-serif;font-size: 12pt\">Mgr. Jana \u010cerven\u00e1<\/span><\/td>\n<td style=\"width: 8.14481%;height: 24px;text-align: left\" colspan=\"2\"><span style=\"font-family: 'trebuchet ms', geneva, sans-serif;font-size: 10pt\"><a href=\"jana.cervena@issjesenice.cz\">jana.cervena@issjesenice.cz<\/a><\/span><span style=\"font-family: 'trebuchet ms', geneva, sans-serif;font-size: 10pt\"><br \/>\n<\/span><\/td>\n<\/tr>\n<tr style=\"height: 24px\">\n<td style=\"width: 49.8692%;height: 24px;text-align: left\"><span style=\"font-size: 12pt;font-family: 'trebuchet ms', geneva, sans-serif\"><strong>3. CO<\/strong><br \/>\n<span style=\"font-size: 10pt\">(cukr\u00e1\u0159, o\u0161et\u0159ovatel)<\/span><\/span><\/td>\n<td style=\"width: 28.8039%;height: 24px;text-align: left\"><span style=\"font-family: 'trebuchet ms', geneva, sans-serif;font-size: 12pt\">Ing. Libu\u0161e Eisenhammerov\u00e1<\/span><\/td>\n<td style=\"width: 7.23983%;height: 24px;text-align: left\" colspan=\"2\"><span style=\"font-family: 'trebuchet ms', geneva, sans-serif;font-size: 10pt\"><a href=\"libuse.eisenhammerova@issjesenice.cz\">libuse.eisenhammerova@issjesenice.cz<\/a><\/span><span style=\"font-family: 'trebuchet ms', geneva, sans-serif;font-size: 10pt\"><br \/>\n<\/span><\/td>\n<\/tr>\n<tr style=\"height: 24px\">\n<td style=\"width: 49.8692%;height: 24px;text-align: left\"><span style=\"font-size: 12pt;font-family: 'trebuchet ms', geneva, sans-serif\"><strong>3. ZZ<\/strong><br \/>\n<span style=\"font-size: 10pt\">(zem\u011bd\u011blec, zahradn\u00edk)<\/span><\/span><\/td>\n<td style=\"width: 28.8039%;height: 24px;text-align: left\"><span style=\"font-family: 'trebuchet ms', geneva, sans-serif;font-size: 12pt\">Mgr. Hana Bezstarostov\u00e1<\/span><\/td>\n<td style=\"width: 7.23983%;height: 24px;text-align: left\" colspan=\"2\"><span style=\"font-family: 'trebuchet ms', geneva, sans-serif;font-size: 10pt\"><a href=\"mailto:hana.bezstarostova@issjesenice.cz\">hana.bezstarostova@issjesenice.cz<\/a><\/span><span style=\"font-family: 'trebuchet ms', geneva, sans-serif;font-size: 10pt\"><br \/>\n<\/span><\/td>\n<\/tr>\n<tr style=\"height: 24px\">\n<td style=\"width: 49.8692%;height: 24px;text-align: left\"><span style=\"font-size: 12pt;font-family: 'trebuchet ms', geneva, sans-serif\"><strong>3. CZZP<\/strong><br \/>\n<span style=\"font-size: 10pt\">(potravin\u00e1\u0159sk\u00e1 v\u00fdroba, zem\u011bd\u011blsk\u00e9 pr\u00e1ce, zahradnick\u00e9 pr\u00e1ce)<\/span><\/span><\/td>\n<td style=\"width: 28.8039%;height: 24px;text-align: left\"><span style=\"font-family: 'trebuchet ms', geneva, sans-serif;font-size: 12pt\">Ren\u00e9 \u010cern\u00fd<\/span><\/td>\n<td style=\"width: 8.14481%;height: 24px;text-align: left\" colspan=\"2\"><span style=\"font-family: 'trebuchet ms', geneva, sans-serif;font-size: 10pt\"><a href=\"mailto:rene.cerny@issjesenice.cz\">rene.cerny@issjesenice.cz<\/a><\/span><span style=\"font-family: 'trebuchet ms', geneva, sans-serif;font-size: 10pt\"><br \/>\n<\/span><\/td>\n<\/tr>\n<\/tbody>\n<\/table>\n<p>&nbsp;<\/p>\n","protected":false},"excerpt":{"rendered":"<p>&nbsp; T\u0159\u00edda T\u0159\u00eddn\u00ed u\u010ditel(-ka) e-mail 1. CO (cukr\u00e1\u0159, o\u0161et\u0159ovatel) Petr Katona petr.katona@issjesenice.cz 1. ZZ (zem\u011bd\u011blec, [&hellip;]<\/p>\n","protected":false},"author":4,"featured_media":0,"parent":1704,"menu_order":0,"comment_status":"closed","ping_status":"closed","template":"","meta":{"_acf_changed":false,"inline_featured_image":false,"footnotes":""},"class_list":["post-1140","page","type-page","status-publish","hentry"],"acf":[],"_links":{"self":[{"href":"https:\/\/www.skolyjesenice.cz\/ss\/wp-json\/wp\/v2\/pages\/1140","targetHints":{"allow":["GET"]}}],"collection":[{"href":"https:\/\/www.skolyjesenice.cz\/ss\/wp-json\/wp\/v2\/pages"}],"about":[{"href":"https:\/\/www.skolyjesenice.cz\/ss\/wp-json\/wp\/v2\/types\/page"}],"author":[{"embeddable":true,"href":"https:\/\/www.skolyjesenice.cz\/ss\/wp-json\/wp\/v2\/users\/4"}],"replies":[{"embeddable":true,"href":"https:\/\/www.skolyjesenice.cz\/ss\/wp-json\/wp\/v2\/comments?post=1140"}],"version-history":[{"count":12,"href":"https:\/\/www.skolyjesenice.cz\/ss\/wp-json\/wp\/v2\/pages\/1140\/revisions"}],"predecessor-version":[{"id":1149,"href":"https:\/\/www.skolyjesenice.cz\/ss\/wp-json\/wp\/v2\/pages\/1140\/revisions\/1149"}],"up":[{"embeddable":true,"href":"https:\/\/www.skolyjesenice.cz\/ss\/wp-json\/wp\/v2\/pages\/1704"}],"wp:attachment":[{"href":"https:\/\/www.skolyjesenice.cz\/ss\/wp-json\/wp\/v2\/media?parent=1140"}],"curies":[{"name":"wp","href":"https:\/\/api.w.org\/{rel}","templated":true}]}}